{"id":10138,"date":"2023-12-23T17:02:54","date_gmt":"2023-12-23T17:02:54","guid":{"rendered":"https:\/\/tedenloesopreis.nl\/?page_id=10138"},"modified":"2023-12-23T17:22:46","modified_gmt":"2023-12-23T17:22:46","slug":"frankrijk-2021-inleiding","status":"publish","type":"page","link":"https:\/\/tedenloesopreis.nl\/index.php\/frankrijk-2021-inleiding\/","title":{"rendered":"FRANKRIJK-2021-INLEIDING"},"content":{"rendered":"\n<div class=\"wp-block-columns is-layout-flex wp-container-core-columns-is-layout-9d6595d7 wp-block-columns-is-layout-flex\">\n<div class=\"wp-block-column is-layout-flow wp-block-column-is-layout-flow\" style=\"flex-basis:33.33%\">\n<p><a href=\"http:\/\/tedenloesopreis.nl\/index.php\/frankrijk-2021\/\">terug<\/a><\/p>\n<\/div>\n\n\n\n<div class=\"wp-block-column is-layout-flow wp-block-column-is-layout-flow\" style=\"flex-basis:66.66%\">\n<p><strong>FRANKRIJK 2021<br>INLEIDING<\/strong><\/p>\n<\/div>\n<\/div>\n\n\n\n<div class=\"wp-block-columns is-layout-flex wp-container-core-columns-is-layout-9d6595d7 wp-block-columns-is-layout-flex\">\n<div class=\"wp-block-column is-layout-flow wp-block-column-is-layout-flow\" style=\"flex-basis:33.33%\"><\/div>\n\n\n\n<div class=\"wp-block-column is-layout-flow wp-block-column-is-layout-flow\" style=\"flex-basis:66.66%\">\n<p>In het najaar van 2021, van 26 september tot en met 23 oktober, rijden we een rondje door Frankrijk: via &nbsp;West-Frankrijk naar het zuiden, langs de Pyrenee\u00ebn naar de Middellandse zee, langs de Middellandse zee naar Nice, via de Alpen weer naar huis.&nbsp;<\/p>\n\n\n\n<p>De reis is \u00a0niet echt voorbereid. We zouden eigenlijk gaan fietsen in Zeeland, maar i.v.m. de weersverwachting voor dat gebied besluiten we op het laatste moment om naar het zuiden te reizen. Er is eigenlijk maar \u00e9\u00e9n voorgenomen plan: fietsen op het \u00cele de R\u00e9. Aldaar zullen we, waarschijnlijk gestuurd door de weersverwachting, wel besluiten hoe de reis verder zal verlopen. Daarbij hebben we in ieder geval in het achterhoofd om, als we in de buurt komen, naar de Mont Ventoux te reizen, want dat is er vorig jaar door corona niet van gekomen.<br><br><br><br><br><br><br><br><br><br><br><br><br><br><br><br><br><br><br><br><br><br><br><br><br><br><br><br><br><br><br><br><br><br><br><br><br><br><br><br><\/p>\n<\/div>\n<\/div>\n","protected":false},"excerpt":{"rendered":"<p>terug FRANKRIJK 2021INLEIDING In het najaar van 2021, van 26 september tot en met 23 oktober, rijden we een rondje door Frankrijk: via &nbsp;West-Frankrijk naar het zuiden, langs [&hellip;]<\/p>\n","protected":false},"author":1,"featured_media":0,"parent":0,"menu_order":0,"comment_status":"closed","ping_status":"closed","template":"","meta":{"footnotes":""},"class_list":["post-10138","page","type-page","status-publish","hentry"],"_links":{"self":[{"href":"https:\/\/tedenloesopreis.nl\/index.php\/wp-json\/wp\/v2\/pages\/10138","targetHints":{"allow":["GET"]}}],"collection":[{"href":"https:\/\/tedenloesopreis.nl\/index.php\/wp-json\/wp\/v2\/pages"}],"about":[{"href":"https:\/\/tedenloesopreis.nl\/index.php\/wp-json\/wp\/v2\/types\/page"}],"author":[{"embeddable":true,"href":"https:\/\/tedenloesopreis.nl\/index.php\/wp-json\/wp\/v2\/users\/1"}],"replies":[{"embeddable":true,"href":"https:\/\/tedenloesopreis.nl\/index.php\/wp-json\/wp\/v2\/comments?post=10138"}],"version-history":[{"count":2,"href":"https:\/\/tedenloesopreis.nl\/index.php\/wp-json\/wp\/v2\/pages\/10138\/revisions"}],"predecessor-version":[{"id":10147,"href":"https:\/\/tedenloesopreis.nl\/index.php\/wp-json\/wp\/v2\/pages\/10138\/revisions\/10147"}],"wp:attachment":[{"href":"https:\/\/tedenloesopreis.nl\/index.php\/wp-json\/wp\/v2\/media?parent=10138"}],"curies":[{"name":"wp","href":"https:\/\/api.w.org\/{rel}","templated":true}]}}