{"id":10394,"date":"2023-12-27T22:13:07","date_gmt":"2023-12-27T22:13:07","guid":{"rendered":"https:\/\/tedenloesopreis.nl\/?page_id=10394"},"modified":"2025-10-17T18:23:45","modified_gmt":"2025-10-17T18:23:45","slug":"noorwegen-2017-campings","status":"publish","type":"page","link":"https:\/\/tedenloesopreis.nl\/index.php\/noorwegen-2017-campings\/","title":{"rendered":"NOORWEGEN-2017-CAMPINGS"},"content":{"rendered":"\n<div class=\"wp-block-columns is-layout-flex wp-container-core-columns-is-layout-9d6595d7 wp-block-columns-is-layout-flex\">\n<div class=\"wp-block-column is-layout-flow wp-block-column-is-layout-flow\" style=\"flex-basis:33.33%\">\n<p><a href=\"https:\/\/tedenloesopreis.nl\/index.php\/noorwegen-2017\/\">terug<\/a><\/p>\n<\/div>\n\n\n\n<div class=\"wp-block-column is-layout-flow wp-block-column-is-layout-flow\" style=\"flex-basis:66.66%\">\n<p><strong>NOORWEGEN 2017<br>CAMPINGS EN CANPERPLAATSEN<\/strong><\/p>\n<\/div>\n<\/div>\n\n\n\n<div class=\"wp-block-columns is-layout-flex wp-container-core-columns-is-layout-9d6595d7 wp-block-columns-is-layout-flex\">\n<div class=\"wp-block-column is-layout-flow wp-block-column-is-layout-flow\">\n<p><a href=\"https:\/\/www.campercontact.com\/nl\/duitsland\/sleeswijk-holstein\/borgdorf-seedorf\/77278\/see-campingplatz-bum\" target=\"_blank\" rel=\"noreferrer noopener\">01: Borgdorf &#8211; Seedorf<\/a><br><a href=\"https:\/\/www.eurocampings.nl\/zweden\/skane\/lomma\/habo-ljung-camping-110062\/\" target=\"_blank\" rel=\"noreferrer noopener\">02: Lomma<\/a><br><a href=\"https:\/\/www.campercontact.com\/nl\/noorwegen\/viken\/greaker\/69504\/utne-camping\" target=\"_blank\" rel=\"noreferrer noopener\">03: Gre\u00e5ker<\/a><br><a href=\"https:\/\/www.campercontact.com\/nl\/noorwegen\/vestfold-og-telemark\/vinje\/27630\/groven-camping-hyttegrend\" target=\"_blank\" rel=\"noreferrer noopener\">04: \u00c5mot<\/a><br><a href=\"https:\/\/www.campercontact.com\/nl\/noorwegen\/vestland\/skulestadmoen\/9523\/tvinde-camping\" target=\"_blank\" rel=\"noreferrer noopener\">06: Voss<\/a><br><a href=\"https:\/\/www.campercontact.com\/nl\/noorwegen\/vestland\/bergen\/19171\/bobilparkering-bergenshallen\" target=\"_blank\" rel=\"noreferrer noopener\">07: Bergen<\/a><br><a href=\"https:\/\/www.campercontact.com\/nl\/noorwegen\/viken\/hovet-norway\/5302\/birkelund-camping\" target=\"_blank\" rel=\"noreferrer noopener\">08: Hovet<\/a><br><a href=\"https:\/\/www.campercontact.com\/nl\/noorwegen\/vestland\/flam\/46181\/flam-camping-og-vandrarheim\" target=\"_blank\" rel=\"noreferrer noopener\">09: Fl\u00e5m<\/a><br><a href=\"https:\/\/www.campercontact.com\/nl\/noorwegen\/innlandet\/tessand\/56381\/randsverk-camping\" target=\"_blank\" rel=\"noreferrer noopener\">11: Randsverk<\/a><br><a href=\"https:\/\/www.campercontact.com\/nl\/noorwegen\/trndelag\/levanger\/44291\/levanger-camping\" target=\"_blank\" rel=\"noreferrer noopener\">12: Levanger<\/a><br><a href=\"https:\/\/www.campercontact.com\/nl\/noorwegen\/nordland\/brnnysund\/43847\/torghatten-camping-strandrestaurant\" target=\"_blank\" rel=\"noreferrer noopener\">13: Torghatten<\/a><\/p>\n<\/div>\n\n\n\n<div class=\"wp-block-column is-layout-flow wp-block-column-is-layout-flow\">\n<p><a href=\"https:\/\/www.campercontact.com\/nl\/noorwegen\/nordland\/resvika\/47386\/polar-camp\" target=\"_blank\" rel=\"noreferrer noopener\">14: Hilstad<\/a><br><a href=\"https:\/\/www.campercontact.com\/nl\/noorwegen\/nordland\/saltstraumen\/45114\/pluscamp-saltstraumen\" target=\"_blank\" rel=\"noreferrer noopener\">15: Saltstraumen<\/a><br><a href=\"https:\/\/www.campercontact.com\/nl\/noorwegen\/nordland\/srvagen\/47379\/moskenes-camping\" target=\"_blank\" rel=\"noreferrer noopener\">17: Moskenes<\/a><br><a href=\"https:\/\/www.campercontact.com\/nl\/noorwegen\/nordland\/bstad\/22294\/eggums-utmark\" target=\"_blank\" rel=\"noreferrer noopener\">18: Eggum<\/a><br><a href=\"https:\/\/www.campercontact.com\/nl\/noorwegen\/nordland\/kabelvag\/15250\/kabelvag-feriehus-camping\" target=\"_blank\" rel=\"noreferrer noopener\">19: Kabelv\u00e5g<\/a><br><a href=\"https:\/\/www.campercontact.com\/nl\/noorwegen\/nordland\/straumen\/49780\/strmhaug-camping\" target=\"_blank\" rel=\"noreferrer noopener\">22: Straumen<\/a><br><a href=\"https:\/\/www.campercontact.com\/nl\/noorwegen\/nordland\/mo-i-rana\/49668\/mo-i-rana-camping\" target=\"_blank\" rel=\"noreferrer noopener\">23: Mo i Rana<\/a><br><a href=\"https:\/\/www.campercontact.com\/nl\/noorwegen\/trndelag\/grong\/45117\/langnes-camping\" target=\"_blank\" rel=\"noreferrer noopener\">24: Grong<\/a><br><a href=\"https:\/\/www.campercontact.com\/nl\/noorwegen\/trndelag\/malvik\/45118\/storsand-gard-camping\" target=\"_blank\" rel=\"noreferrer noopener\">26: Malvik<\/a><br><a href=\"https:\/\/www.eurocampings.nl\/noorwegen\/hedmark\/os\/roste-hyttetun-og-camping-105903\/\" target=\"_blank\" rel=\"noreferrer noopener\">28: Os<\/a><br>29: Sunndals\u00f8ra<\/p>\n<\/div>\n\n\n\n<div class=\"wp-block-column is-layout-flow wp-block-column-is-layout-flow\">\n<p><a href=\"https:\/\/www.campercontact.com\/nl\/noorwegen\/mre-og-romsdal\/bud-norway\/43026\/pluscamp-bud-camping\" target=\"_blank\" rel=\"noreferrer noopener\">30: Bud<\/a><br><a href=\"https:\/\/www.campercontact.com\/nl\/noorwegen\/mre-og-romsdal\/alesund\/10263\/hjelsetgarden-bobilparkering\" target=\"_blank\" rel=\"noreferrer noopener\">33: \u00c5lesund<\/a><br><a href=\"https:\/\/www.campercontact.com\/nl\/noorwegen\/stryn\/81940\/mindresunde\" target=\"_blank\" rel=\"noreferrer noopener\">34: Stryn<\/a><br><a href=\"https:\/\/www.campercontact.com\/nl\/noorwegen\/innlandet\/oslo\/42530\/dnfoss-camping\" target=\"_blank\" rel=\"noreferrer noopener\">37: Bismo<\/a><br><a href=\"https:\/\/www.campercontact.com\/nl\/noorwegen\/vestland\/gaupne\/42503\/sandvik-camping\" target=\"_blank\" rel=\"noreferrer noopener\">38: Gaupne<\/a><br><a href=\"https:\/\/www.campercontact.com\/nl\/noorwegen\/innlandet\/grimsbu\/55493\/grimsbu-turistsenter\" target=\"_blank\" rel=\"noreferrer noopener\">40: Grimsbu<\/a><br><a href=\"https:\/\/www.campercontact.com\/nl\/noorwegen\/innlandet\/lillehammer\/13598\/lillehammer-camping\" target=\"_blank\" rel=\"noreferrer noopener\">41: Lillehammer<\/a><br><a href=\"https:\/\/www.campercontact.com\/nl\/zweden\/vastra-gotalands-lan\/stromstad\/65476\/lagunen-camping-stugor\" target=\"_blank\" rel=\"noreferrer noopener\">44: Str\u00f8mstad<\/a><br><a href=\"https:\/\/www.campercontact.com\/nl\/denemarken\/rdovre\/25430\/dcu-copenhagen-camp-absalon\" target=\"_blank\" rel=\"noreferrer noopener\">45: Kopenhagen<\/a><br><a href=\"https:\/\/www.campercontact.com\/nl\/duitsland\/sleeswijk-holstein\/husum\/30103\/regenbogen-husum\" target=\"_blank\" rel=\"noreferrer noopener\">48: Husum<\/a><br><a href=\"https:\/\/www.campercontact.com\/nl\/duitsland\/nedersaksen\/westerstede\/74953\/wohnmobilstellplatz-westerstede\" target=\"_blank\" rel=\"noreferrer noopener\">49: Westerstede<\/a><\/p>\n<\/div>\n<\/div>\n","protected":false},"excerpt":{"rendered":"<p>terug NOORWEGEN 2017CAMPINGS EN CANPERPLAATSEN 01: Borgdorf &#8211; Seedorf02: Lomma03: Gre\u00e5ker04: \u00c5mot06: Voss07: Bergen08: Hovet09: Fl\u00e5m11: Randsverk12: Levanger13: Torghatten 14: Hilstad15: Saltstraumen17: Moskenes18: Eggum19: Kabelv\u00e5g22: Straumen23: Mo i [&hellip;]<\/p>\n","protected":false},"author":1,"featured_media":0,"parent":0,"menu_order":0,"comment_status":"closed","ping_status":"closed","template":"","meta":{"footnotes":""},"class_list":["post-10394","page","type-page","status-publish","hentry"],"_links":{"self":[{"href":"https:\/\/tedenloesopreis.nl\/index.php\/wp-json\/wp\/v2\/pages\/10394","targetHints":{"allow":["GET"]}}],"collection":[{"href":"https:\/\/tedenloesopreis.nl\/index.php\/wp-json\/wp\/v2\/pages"}],"about":[{"href":"https:\/\/tedenloesopreis.nl\/index.php\/wp-json\/wp\/v2\/types\/page"}],"author":[{"embeddable":true,"href":"https:\/\/tedenloesopreis.nl\/index.php\/wp-json\/wp\/v2\/users\/1"}],"replies":[{"embeddable":true,"href":"https:\/\/tedenloesopreis.nl\/index.php\/wp-json\/wp\/v2\/comments?post=10394"}],"version-history":[{"count":3,"href":"https:\/\/tedenloesopreis.nl\/index.php\/wp-json\/wp\/v2\/pages\/10394\/revisions"}],"predecessor-version":[{"id":13003,"href":"https:\/\/tedenloesopreis.nl\/index.php\/wp-json\/wp\/v2\/pages\/10394\/revisions\/13003"}],"wp:attachment":[{"href":"https:\/\/tedenloesopreis.nl\/index.php\/wp-json\/wp\/v2\/media?parent=10394"}],"curies":[{"name":"wp","href":"https:\/\/api.w.org\/{rel}","templated":true}]}}