{"id":10400,"date":"2023-12-27T22:32:21","date_gmt":"2023-12-27T22:32:21","guid":{"rendered":"https:\/\/tedenloesopreis.nl\/?page_id=10400"},"modified":"2024-01-01T16:18:01","modified_gmt":"2024-01-01T16:18:01","slug":"noordkaap-2018-campings","status":"publish","type":"page","link":"https:\/\/tedenloesopreis.nl\/index.php\/noordkaap-2018-campings\/","title":{"rendered":"NOORDKAAP-2018-CAMPINGS"},"content":{"rendered":"\n<div class=\"wp-block-columns is-layout-flex wp-container-core-columns-is-layout-9d6595d7 wp-block-columns-is-layout-flex\">\n<div class=\"wp-block-column is-layout-flow wp-block-column-is-layout-flow\" style=\"flex-basis:33.33%\">\n<p><a href=\"https:\/\/tedenloesopreis.nl\/index.php\/noordkaap-2018\/\">terug<\/a><\/p>\n<\/div>\n\n\n\n<div class=\"wp-block-column is-layout-flow wp-block-column-is-layout-flow\" style=\"flex-basis:66.66%\">\n<p><strong>NOORDKAAP 2018<br>CAMPINGS EN CAMPERPLAATSEN<\/strong><\/p>\n<\/div>\n<\/div>\n\n\n\n<div class=\"wp-block-columns is-layout-flex wp-container-core-columns-is-layout-9d6595d7 wp-block-columns-is-layout-flex\">\n<div class=\"wp-block-column is-layout-flow wp-block-column-is-layout-flow\">\n<p><a href=\"https:\/\/www.eurocampings.nl\/duitsland\/nedersaksen\/krautsand\/campingplatz-krautsand-113436\/?l=region\" target=\"_blank\" rel=\"noreferrer noopener\">01: Krautsand<\/a><br><a href=\"https:\/\/www.campercontact.com\/nl\/denemarken\/korsr\/89013\/storebltcamping-und-feriencenter\" target=\"_blank\" rel=\"noreferrer noopener\">02: K\u00f8rs\u00f8r<\/a><br><a href=\"https:\/\/www.campercontact.com\/nl\/zweden\/skane-lan\/ystad\/30420\/ystads-marina\" target=\"_blank\" rel=\"noreferrer noopener\">03: Ystad<\/a><br><a href=\"https:\/\/www.eurocampings.nl\/zweden\/kalmar\/oskarshamn\/first-camp-gunnarso-oskarshamn-106968\/?l=region\" target=\"_blank\" rel=\"noreferrer noopener\">04: Oskarshamn<\/a><br><a href=\"https:\/\/www.campercontact.com\/nl\/zweden\/stockholms-lan\/skarpnack\/46934\/nordic-camping-citycampstockholm-stallplatsstockholm\" target=\"_blank\" rel=\"noreferrer noopener\">05: Stockholm<\/a><br><a href=\"https:\/\/www.campercontact.com\/nl\/zweden\/gavleborgs-lan\/stocka\/56610\/stocka-gasthamn\" target=\"_blank\" rel=\"noreferrer noopener\">08: Stocka<\/a><br><a href=\"https:\/\/www.campercontact.com\/nl\/zweden\/vasterbottens-lan\/umea\/78157\/first-camp-umea\" target=\"_blank\" rel=\"noreferrer noopener\">09: Ume\u00e5<\/a><br><a href=\"https:\/\/www.campercontact.com\/nl\/zweden\/norrbottens-lan\/lulea\/46500\/first-camp-lulea\" target=\"_blank\" rel=\"noreferrer noopener\">10: Lule\u00e5<\/a><br><a href=\"https:\/\/www.eurocampings.nl\/finland\/lapland\/sodankyla\/camping-nilimella-sodankyla-113381\/\" target=\"_blank\" rel=\"noreferrer noopener\">12: Sodankyl\u00e4<\/a><br><a href=\"https:\/\/www.campercontact.com\/nl\/noorwegen\/troms-og-finnmark\/vestre-jakobselv\/10205\/vestre-jakobselv-camping-og-misjonssenter\" target=\"_blank\" rel=\"noreferrer noopener\">13: Vestre Jakobselv<\/a><br><a href=\"https:\/\/www.campercontact.com\/nl\/noorwegen\/troms-og-finnmark\/berlevag\/12526\/berlevag-pensjonat-camping\" target=\"_blank\" rel=\"noreferrer noopener\">16: Berlev\u00e5g<\/a><\/p>\n<\/div>\n\n\n\n<div class=\"wp-block-column is-layout-flow wp-block-column-is-layout-flow\">\n<p><a href=\"https:\/\/www.campercontact.com\/nl\/noorwegen\/troms-og-finnmark\/gamvik\/79117\/slettnes-fyr\" target=\"_blank\" rel=\"noreferrer noopener\">18: Slettnes Fyr<\/a><br><a href=\"https:\/\/www.campercontact.com\/nl\/noorwegen\/troms-og-finnmark\/kunes\/54474\/kunes-camping\" target=\"_blank\" rel=\"noreferrer noopener\">19: Kunes<\/a><br><a href=\"https:\/\/www.campercontact.com\/nl\/noorwegen\/troms-og-finnmark\/nordkapp\/10202\/nordkapphallen\" target=\"_blank\" rel=\"noreferrer noopener\">21: Noordkaap<\/a><br><a href=\"https:\/\/www.campercontact.com\/nl\/noorwegen\/troms-og-finnmark\/havysund\/70521\/kirkegard\" target=\"_blank\" rel=\"noreferrer noopener\">22: Hav\u00f8ysund<\/a><br><a href=\"https:\/\/www.campercontact.com\/nl\/noorwegen\/troms-og-finnmark\/kvalsund\/20640\/repparfjord-camping-misjonssenter\" target=\"_blank\" rel=\"noreferrer noopener\">23: Repparfjord<\/a><br><a href=\"https:\/\/www.campercontact.com\/nl\/noorwegen\/nordreisa\/storslett\/50775\/fosselv-camping\" target=\"_blank\" rel=\"noreferrer noopener\">24: Storslett<\/a><br><a href=\"https:\/\/www.campercontact.com\/nl\/noorwegen\/troms-og-finnmark\/troms\/43388\/troms-lodge-camping\" target=\"_blank\" rel=\"noreferrer noopener\">25: Troms\u00f8<\/a><br><a href=\"https:\/\/www.campercontact.com\/nl\/noorwegen\/troms-og-finnmark\/sjvegan\/44653\/garsnes-camping-garsnes-brygge\" target=\"_blank\" rel=\"noreferrer noopener\">29: Sj\u00f8vegan<\/a><br><a href=\"https:\/\/www.campercontact.com\/nl\/noorwegen\/nordland\/mrsvikbotn\/92792\/mtsvikbotn-camping\" target=\"_blank\" rel=\"noreferrer noopener\">30: M\u00f8rsvikbotn<\/a><br><a href=\"https:\/\/www.campercontact.com\/nl\/noorwegen\/nordland\/halsa\/28172\/fury-camping\" target=\"_blank\" rel=\"noreferrer noopener\">31: Fur\u00f8y<\/a><br><a href=\"https:\/\/www.campercontact.com\/nl\/noorwegen\/nordland\/dalsgrenda\/65972\/yttervik-camping\" target=\"_blank\" rel=\"noreferrer noopener\">33: Yttervik<\/a><\/p>\n<\/div>\n\n\n\n<div class=\"wp-block-column is-layout-flow wp-block-column-is-layout-flow\">\n<p><a href=\"https:\/\/www.campercontact.com\/nl\/noorwegen\/trndelag\/namsos\/42596\/namsos-camping\" target=\"_blank\" rel=\"noreferrer noopener\">34: Namsos<\/a><br><a href=\"https:\/\/www.campercontact.com\/nl\/noorwegen\/trndelag\/bosberg\/56015\/flakk-camping\" target=\"_blank\" rel=\"noreferrer noopener\">36: Flakk<\/a><br><a href=\"https:\/\/www.campercontact.com\/nl\/noorwegen\/mre-og-romsdal\/molde\/47388\/kviltorp-camping\" target=\"_blank\" rel=\"noreferrer noopener\">37: Molde<\/a><br><a href=\"https:\/\/www.campercontact.com\/nl\/noorwegen\/vestland\/byrkjelo\/55044\/byrkjelo-camping\" target=\"_blank\" rel=\"noreferrer noopener\">38: Byrkjelo<\/a><br><a href=\"https:\/\/www.campercontact.com\/nl\/noorwegen\/vestland\/kinsarvik\/65599\/esso-tmmestasjon\" target=\"_blank\" rel=\"noreferrer noopener\">40: Kinsarvik<\/a><br><a href=\"https:\/\/www.campercontact.com\/nl\/noorwegen\/rogaland\/tau\/27833\/wathne-camping\" target=\"_blank\" rel=\"noreferrer noopener\">41: Tau<\/a><br><a href=\"https:\/\/www.campercontact.com\/nl\/noorwegen\/rogaland\/stavanger\/28724\/stavanger-camping\" target=\"_blank\" rel=\"noreferrer noopener\">42: Stavanger<\/a><br><a href=\"https:\/\/www.campercontact.com\/nl\/noorwegen\/vestfold-og-telemark\/stathelle\/28169\/rognstranda-camping\" target=\"_blank\" rel=\"noreferrer noopener\">46: Rognstranda<\/a><br><a href=\"https:\/\/www.campercontact.com\/nl\/zweden\/hallands-lan\/varberg\/51309\/varbergs-flygklubb\" target=\"_blank\" rel=\"noreferrer noopener\">47: Varberg<\/a><br><a href=\"https:\/\/www.campercontact.com\/nl\/denemarken\/faaborg\/55411\/faaborg-camping\" target=\"_blank\" rel=\"noreferrer noopener\">48: Faaborg<\/a><br><a href=\"https:\/\/www.campercontact.com\/nl\/duitsland\/nedersaksen\/westerstede\/74953\/wohnmobilstellplatz-westerstede\" target=\"_blank\" rel=\"noreferrer noopener\">50: Westerstede<\/a><br><br><br><br><br><br><br><br><br><br><br><br><br><br><br><br><br><br><br><br><br><br><br><br><br><br><br><br><br><br><\/p>\n<\/div>\n<\/div>\n","protected":false},"excerpt":{"rendered":"<p>terug NOORDKAAP 2018CAMPINGS EN CAMPERPLAATSEN 01: Krautsand02: K\u00f8rs\u00f8r03: Ystad04: Oskarshamn05: Stockholm08: Stocka09: Ume\u00e510: Lule\u00e512: Sodankyl\u00e413: Vestre Jakobselv16: Berlev\u00e5g 18: Slettnes Fyr19: Kunes21: Noordkaap22: Hav\u00f8ysund23: Repparfjord24: Storslett25: Troms\u00f829: Sj\u00f8vegan30: [&hellip;]<\/p>\n","protected":false},"author":1,"featured_media":0,"parent":0,"menu_order":0,"comment_status":"closed","ping_status":"closed","template":"","meta":{"footnotes":""},"class_list":["post-10400","page","type-page","status-publish","hentry"],"_links":{"self":[{"href":"https:\/\/tedenloesopreis.nl\/index.php\/wp-json\/wp\/v2\/pages\/10400","targetHints":{"allow":["GET"]}}],"collection":[{"href":"https:\/\/tedenloesopreis.nl\/index.php\/wp-json\/wp\/v2\/pages"}],"about":[{"href":"https:\/\/tedenloesopreis.nl\/index.php\/wp-json\/wp\/v2\/types\/page"}],"author":[{"embeddable":true,"href":"https:\/\/tedenloesopreis.nl\/index.php\/wp-json\/wp\/v2\/users\/1"}],"replies":[{"embeddable":true,"href":"https:\/\/tedenloesopreis.nl\/index.php\/wp-json\/wp\/v2\/comments?post=10400"}],"version-history":[{"count":2,"href":"https:\/\/tedenloesopreis.nl\/index.php\/wp-json\/wp\/v2\/pages\/10400\/revisions"}],"predecessor-version":[{"id":10940,"href":"https:\/\/tedenloesopreis.nl\/index.php\/wp-json\/wp\/v2\/pages\/10400\/revisions\/10940"}],"wp:attachment":[{"href":"https:\/\/tedenloesopreis.nl\/index.php\/wp-json\/wp\/v2\/media?parent=10400"}],"curies":[{"name":"wp","href":"https:\/\/api.w.org\/{rel}","templated":true}]}}