{"id":10453,"date":"2023-12-28T10:29:14","date_gmt":"2023-12-28T10:29:14","guid":{"rendered":"https:\/\/tedenloesopreis.nl\/?page_id=10453"},"modified":"2023-12-28T10:29:14","modified_gmt":"2023-12-28T10:29:14","slug":"scandinavie-2022-inleiding","status":"publish","type":"page","link":"https:\/\/tedenloesopreis.nl\/index.php\/scandinavie-2022-inleiding\/","title":{"rendered":"SCANDINAVI\u00cb-2022-INLEIDING"},"content":{"rendered":"\n<div class=\"wp-block-columns is-layout-flex wp-container-core-columns-is-layout-9d6595d7 wp-block-columns-is-layout-flex\">\n<div class=\"wp-block-column is-layout-flow wp-block-column-is-layout-flow\" style=\"flex-basis:33.33%\">\n<p><a href=\"http:\/\/tedenloesopreis.nl\/index.php\/scandinavie-2022\/\">terug<\/a><\/p>\n<\/div>\n\n\n\n<div class=\"wp-block-column is-layout-flow wp-block-column-is-layout-flow\" style=\"flex-basis:66.66%\">\n<p><strong>SCANDINAVI\u00cb 2022<br>INLEIDING<\/strong><\/p>\n<\/div>\n<\/div>\n\n\n\n<div class=\"wp-block-columns is-layout-flex wp-container-core-columns-is-layout-9d6595d7 wp-block-columns-is-layout-flex\">\n<div class=\"wp-block-column is-layout-flow wp-block-column-is-layout-flow\" style=\"flex-basis:33.33%\"><\/div>\n\n\n\n<div class=\"wp-block-column is-layout-flow wp-block-column-is-layout-flow\" style=\"flex-basis:66.66%\">\n<p>In de zomer van 2022, van 20 juli tot en met 7 september, rijden we een kris-kras-route door Scandinavi\u00eb: via &nbsp;West-Zweden en Noorwegen \u2013 met een kleine slinger via Zweden en Finland \u2013 naar de Noordkaap, naar het oosten tot aan de Russische grens, via Fins Lapland en het binnenland van Zweden weer naar huis.&nbsp;<\/p>\n\n\n\n<p>Scandinavi\u00eb komt in beeld, omdat we door omstandigheden niet in mei of juni kunnen reizen, maar gebonden zijn aan de zomervakantie van de basisscholen. In de zomer gaan we liever niet naar het zuiden (warm, druk, bosbranden), en Ierland is in die periode helemaal uitverkocht.<\/p>\n\n\n\n<p>We zijn al eerder in Scandinavi\u00eb geweest, maar een paar \u201csnippers\u201d zijn toen aan onze aandacht ontsnapt:<\/p>\n\n\n\n<ul class=\"wp-block-list\">\n<li>de Peer Gynt weg (ten noorden van Lillehammer),<\/li>\n\n\n\n<li>Grense Jakobselv en Kirkenes (aan de Noors-Russische grens),<\/li>\n\n\n\n<li>Kiruna (hoe verplaats je een stad?)<\/li>\n\n\n\n<li>de Wildernis route (in Midden-Zweden tegen de Noorse grens),<\/li>\n\n\n\n<li>het Trollh\u00e4ttan-kanaal en het G\u00f6ta-kanaal (een vaarroute dwars door Zweden, van G\u00f6teborg naar de Oostzee).<\/li>\n<\/ul>\n\n\n\n<p>Het zou mooi zijn om nog eens naar de Noordkaap te gaan bij helder weer.<\/p>\n\n\n\n<p>Tot slot: wij vinden dat we tijdens onze vorige reizen onvoldoende aandacht hebben geschonken aan&nbsp;Zweden en Finland. Dit waren voor ons vooral landen om \u201cflink wat kilometers te maken\u201d op weg naar het noorden. Daarom nemen we deze keer extra tijd om Lapland (Fins-, Zweeds- en Noors-) en het binnenland van Zweden te bezoeken.&nbsp;<\/p>\n<\/div>\n<\/div>\n","protected":false},"excerpt":{"rendered":"<p>terug SCANDINAVI\u00cb 2022INLEIDING In de zomer van 2022, van 20 juli tot en met 7 september, rijden we een kris-kras-route door Scandinavi\u00eb: via &nbsp;West-Zweden en Noorwegen \u2013 met [&hellip;]<\/p>\n","protected":false},"author":1,"featured_media":0,"parent":0,"menu_order":0,"comment_status":"closed","ping_status":"closed","template":"","meta":{"footnotes":""},"class_list":["post-10453","page","type-page","status-publish","hentry"],"_links":{"self":[{"href":"https:\/\/tedenloesopreis.nl\/index.php\/wp-json\/wp\/v2\/pages\/10453","targetHints":{"allow":["GET"]}}],"collection":[{"href":"https:\/\/tedenloesopreis.nl\/index.php\/wp-json\/wp\/v2\/pages"}],"about":[{"href":"https:\/\/tedenloesopreis.nl\/index.php\/wp-json\/wp\/v2\/types\/page"}],"author":[{"embeddable":true,"href":"https:\/\/tedenloesopreis.nl\/index.php\/wp-json\/wp\/v2\/users\/1"}],"replies":[{"embeddable":true,"href":"https:\/\/tedenloesopreis.nl\/index.php\/wp-json\/wp\/v2\/comments?post=10453"}],"version-history":[{"count":1,"href":"https:\/\/tedenloesopreis.nl\/index.php\/wp-json\/wp\/v2\/pages\/10453\/revisions"}],"predecessor-version":[{"id":10454,"href":"https:\/\/tedenloesopreis.nl\/index.php\/wp-json\/wp\/v2\/pages\/10453\/revisions\/10454"}],"wp:attachment":[{"href":"https:\/\/tedenloesopreis.nl\/index.php\/wp-json\/wp\/v2\/media?parent=10453"}],"curies":[{"name":"wp","href":"https:\/\/api.w.org\/{rel}","templated":true}]}}