{"id":11738,"date":"2025-02-22T21:53:40","date_gmt":"2025-02-22T21:53:40","guid":{"rendered":"https:\/\/tedenloesopreis.nl\/?page_id=11738"},"modified":"2025-02-27T23:10:24","modified_gmt":"2025-02-27T23:10:24","slug":"noorwegen-2017-tags","status":"publish","type":"page","link":"https:\/\/tedenloesopreis.nl\/index.php\/noorwegen-2017-tags\/","title":{"rendered":"NOORWEGEN-2017-TAGS"},"content":{"rendered":"\n<div class=\"wp-block-columns is-layout-flex wp-container-core-columns-is-layout-9d6595d7 wp-block-columns-is-layout-flex\">\n<div class=\"wp-block-column is-layout-flow wp-block-column-is-layout-flow\" style=\"flex-basis:33.33%\">\n<p><a href=\"https:\/\/tedenloesopreis.nl\/index.php\/noorwegen-2017\/\">terug<\/a><\/p>\n<\/div>\n\n\n\n<div class=\"wp-block-column is-layout-flow wp-block-column-is-layout-flow\" style=\"flex-basis:66.66%\">\n<p><strong>NOORWEGEN 2017<br>TAGS<\/strong><\/p>\n<\/div>\n<\/div>\n\n\n\n<div class=\"wp-block-columns is-layout-flex wp-container-core-columns-is-layout-9d6595d7 wp-block-columns-is-layout-flex\">\n<div class=\"wp-block-column is-layout-flow wp-block-column-is-layout-flow\" style=\"flex-basis:33.33%\"><\/div>\n\n\n\n<div class=\"wp-block-column is-layout-flow wp-block-column-is-layout-flow\" style=\"flex-basis:66.66%\">\n<p><strong><a href=\"#A\">A<\/a>\u00a0<a href=\"#B\">B<\/a><\/strong>\u00a0C\u00a0<strong><a href=\"#D\">D<\/a>\u00a0<a href=\"#E\">E<\/a>\u00a0<a href=\"#F\">F<\/a>\u00a0<a href=\"#G\">G<\/a>\u00a0<a href=\"#H\">H<\/a><\/strong>\u00a0I\u00a0<strong><a href=\"#J\">J<\/a>\u00a0<a href=\"#K\">K<\/a>\u00a0<a href=\"#L\">L<\/a>\u00a0<a href=\"#M\">M<\/a>\u00a0<a href=\"#N\">N<\/a>\u00a0<a href=\"#O\">O<\/a>\u00a0<a href=\"#P\">P<\/a><\/strong>\u00a0Q<strong>\u00a0<a href=\"#R\">R<\/a>\u00a0<a href=\"#S\">S<\/a>\u00a0<a href=\"#T\">T<\/a><\/strong>\u00a0U\u00a0<strong><a href=\"#V\">V<\/a>\u00a0<a href=\"#W\">W<\/a><\/strong>\u00a0X\u00a0Y\u00a0Z<\/p>\n<\/div>\n<\/div>\n\n\n\n<div class=\"wp-block-columns is-layout-flex wp-container-core-columns-is-layout-9d6595d7 wp-block-columns-is-layout-flex\">\n<div class=\"wp-block-column is-layout-flow wp-block-column-is-layout-flow\" style=\"flex-basis:33.33%\"><\/div>\n\n\n\n<div class=\"wp-block-column is-layout-flow wp-block-column-is-layout-flow\" style=\"flex-basis:66.66%\">\n<p id=\"A\" style=\"font-size:16px\"><strong>A<\/strong><br><a href=\"https:\/\/tedenloesopreis.nl\/index.php\/noorwegen-2017\/#ailofoten\">\u00c5 i Lofoten<\/a><br><a href=\"https:\/\/tedenloesopreis.nl\/index.php\/noorwegen-2017\/#dag33\">\u00c5lesund<\/a><a href=\"https:\/\/tedenloesopreis.nl\/index.php\/noorwegen-2017\/#ailofoten\"><br><\/a><a href=\"https:\/\/tedenloesopreis.nl\/index.php\/noorwegen-2017\/#dag04\">\u00c5mot<\/a> (etappe)<br><a href=\"https:\/\/tedenloesopreis.nl\/index.php\/noorwegen-2017\/#dag32\">Atlanterhavsveien<\/a><\/p>\n<\/div>\n<\/div>\n\n\n\n<div class=\"wp-block-columns is-layout-flex wp-container-core-columns-is-layout-9d6595d7 wp-block-columns-is-layout-flex\">\n<div class=\"wp-block-column is-layout-flow wp-block-column-is-layout-flow\" style=\"flex-basis:33.33%\"><\/div>\n\n\n\n<div class=\"wp-block-column is-layout-flow wp-block-column-is-layout-flow\" style=\"flex-basis:66.66%\">\n<p id=\"B\" style=\"font-size:16px\"><strong>B<\/strong><br><a href=\"https:\/\/tedenloesopreis.nl\/index.php\/noorwegen-2017\/#dag07\">Bergen<\/a><br><a href=\"https:\/\/tedenloesopreis.nl\/index.php\/noorwegen-2017\/#dag37\">Bismo<\/a><br><a href=\"https:\/\/tedenloesopreis.nl\/index.php\/noorwegen-2017\/#dag01\">Borgdorf-Seedorf<\/a> (etappe)<br><a href=\"https:\/\/tedenloesopreis.nl\/index.php\/noorwegen-2017\/#briksdal\">Briksdal<\/a><br><a href=\"https:\/\/tedenloesopreis.nl\/index.php\/noorwegen-2017\/#dag30\">Bud<\/a> (etappe)<\/p>\n<\/div>\n<\/div>\n\n\n\n<div class=\"wp-block-columns is-layout-flex wp-container-core-columns-is-layout-9d6595d7 wp-block-columns-is-layout-flex\">\n<div class=\"wp-block-column is-layout-flow wp-block-column-is-layout-flow\" style=\"flex-basis:33.33%\"><\/div>\n\n\n\n<div class=\"wp-block-column is-layout-flow wp-block-column-is-layout-flow\" style=\"flex-basis:66.66%\">\n<p id=\"D\" style=\"font-size:16px\"><strong>D<\/strong><br><a href=\"https:\/\/tedenloesopreis.nl\/index.php\/noorwegen-2017\/#dovrefjell\">Dovrefjell<\/a><\/p>\n<\/div>\n<\/div>\n\n\n\n<div class=\"wp-block-columns is-layout-flex wp-container-core-columns-is-layout-9d6595d7 wp-block-columns-is-layout-flex\">\n<div class=\"wp-block-column is-layout-flow wp-block-column-is-layout-flow\" style=\"flex-basis:33.33%\"><\/div>\n\n\n\n<div class=\"wp-block-column is-layout-flow wp-block-column-is-layout-flow\" style=\"flex-basis:66.66%\">\n<p id=\"E\"><strong>E<\/strong><br><a href=\"https:\/\/tedenloesopreis.nl\/index.php\/noorwegen-2017\/#dag18\" target=\"_blank\" rel=\"noreferrer noopener\">Eggum<\/a> (etappe<br><a href=\"https:\/\/tedenloesopreis.nl\/index.php\/noorwegen-2017\/#eggum\">Eggum<\/a><\/p>\n<\/div>\n<\/div>\n\n\n\n<div class=\"wp-block-columns is-layout-flex wp-container-core-columns-is-layout-9d6595d7 wp-block-columns-is-layout-flex\">\n<div class=\"wp-block-column is-layout-flow wp-block-column-is-layout-flow\" style=\"flex-basis:33.33%\"><\/div>\n\n\n\n<div class=\"wp-block-column is-layout-flow wp-block-column-is-layout-flow\" style=\"flex-basis:66.66%\">\n<p id=\"F\" style=\"font-size:16px\"><strong>F<\/strong><br><a href=\"https:\/\/tedenloesopreis.nl\/index.php\/noorwegen-2017\/#dag17\" target=\"_blank\" rel=\"noreferrer noopener\">Ferry naar de Lofoten<\/a>&nbsp;(Bod\u00f8 &#8211; Moskenes)<br><a href=\"https:\/\/tedenloesopreis.nl\/index.php\/noorwegen-2017\/#dag22\" target=\"_blank\" rel=\"noreferrer noopener\">Ferry terug naar het vasteland<\/a>&nbsp;(L\u00f8dingen &#8211; Bognes)<br><a href=\"https:\/\/tedenloesopreis.nl\/index.php\/noorwegen-2017\/#dag49\">Ferry over de Elbe<\/a>&nbsp;(Brunsb\u00fcttel &#8211; Cuxhaven)<br><a href=\"https:\/\/tedenloesopreis.nl\/index.php\/noorwegen-2017\/#dag09\">Fl\u00e5m<\/a> (etappe)<br><a href=\"https:\/\/tedenloesopreis.nl\/index.php\/noorwegen-2017\/#dag10\">Fl\u00e5m<\/a><\/p>\n<\/div>\n<\/div>\n\n\n\n<div class=\"wp-block-columns is-layout-flex wp-container-core-columns-is-layout-9d6595d7 wp-block-columns-is-layout-flex\">\n<div class=\"wp-block-column is-layout-flow wp-block-column-is-layout-flow\" style=\"flex-basis:33.33%\"><\/div>\n\n\n\n<div class=\"wp-block-column is-layout-flow wp-block-column-is-layout-flow\" style=\"flex-basis:66.66%\">\n<p id=\"G\" style=\"font-size:16px\"><strong>G<\/strong><br><a href=\"https:\/\/tedenloesopreis.nl\/index.php\/noorwegen-2017\/#gamle\">Gamle Strynefjellsvej<\/a><br><a href=\"https:\/\/tedenloesopreis.nl\/index.php\/noorwegen-2017\/#dag38\">Gaupne<\/a> (etappe)<br><a href=\"https:\/\/tedenloesopreis.nl\/index.php\/noorwegen-2017\/#geiranger\">Geiranger<\/a><br><a href=\"https:\/\/tedenloesopreis.nl\/index.php\/noorwegen-2017\/#dag03\">Gre\u00e5ker<\/a> (etappe)<br><a href=\"https:\/\/tedenloesopreis.nl\/index.php\/noorwegen-2017\/#dag40\">Grimsbu<\/a> (etappe)<br><a href=\"https:\/\/tedenloesopreis.nl\/index.php\/noorwegen-2017\/#dag24\">Grong<\/a> (etappe)<\/p>\n<\/div>\n<\/div>\n\n\n\n<div class=\"wp-block-columns is-layout-flex wp-container-core-columns-is-layout-9d6595d7 wp-block-columns-is-layout-flex\">\n<div class=\"wp-block-column is-layout-flow wp-block-column-is-layout-flow\" style=\"flex-basis:33.33%\"><\/div>\n\n\n\n<div class=\"wp-block-column is-layout-flow wp-block-column-is-layout-flow\" style=\"flex-basis:66.66%\">\n<p id=\"H\"><strong>H<\/strong><br><a href=\"https:\/\/tedenloesopreis.nl\/index.php\/noorwegen-2017\/#hamar\">Hamar<\/a><br><a href=\"https:\/\/tedenloesopreis.nl\/index.php\/noorwegen-2017\/#hamburg\">Hamburg<\/a><br><a href=\"https:\/\/tedenloesopreis.nl\/index.php\/noorwegen-2017\/#hardangerfjord\">Hardangerfjord<\/a><br><a href=\"https:\/\/tedenloesopreis.nl\/index.php\/noorwegen-2017\/#hardangervidanoord\">Hardangervida \u2013 noord<\/a><br><a href=\"https:\/\/tedenloesopreis.nl\/index.php\/noorwegen-2017\/#rjukan\">Hardangervida &#8211; zuid<\/a><br><a href=\"https:\/\/tedenloesopreis.nl\/index.php\/noorwegen-2017\/#haukelifjell\">Haukelifjell<\/a><br><a href=\"https:\/\/tedenloesopreis.nl\/index.php\/noorwegen-2017\/#heddal\">Heddal stavkirke<\/a><br><a href=\"https:\/\/tedenloesopreis.nl\/index.php\/noorwegen-2017\/#dag14\">Hilstad<\/a> (etappe)<br><a href=\"https:\/\/tedenloesopreis.nl\/index.php\/noorwegen-2017\/#dag08\">Hovet<\/a> (etappe)<br><a href=\"https:\/\/tedenloesopreis.nl\/index.php\/noorwegen-2017\/#dag48\">Husum<\/a> (etappe)<\/p>\n<\/div>\n<\/div>\n\n\n\n<div class=\"wp-block-columns is-layout-flex wp-container-core-columns-is-layout-9d6595d7 wp-block-columns-is-layout-flex\">\n<div class=\"wp-block-column is-layout-flow wp-block-column-is-layout-flow\" style=\"flex-basis:33.33%\"><\/div>\n\n\n\n<div class=\"wp-block-column is-layout-flow wp-block-column-is-layout-flow\" style=\"flex-basis:66.66%\">\n<p id=\"J\"><strong>J<\/strong><br><a href=\"https:\/\/tedenloesopreis.nl\/index.php\/noorwegen-2017\/#jotunheimen\">Jotunheimen<\/a><\/p>\n<\/div>\n<\/div>\n\n\n\n<div class=\"wp-block-columns is-layout-flex wp-container-core-columns-is-layout-9d6595d7 wp-block-columns-is-layout-flex\">\n<div class=\"wp-block-column is-layout-flow wp-block-column-is-layout-flow\" style=\"flex-basis:33.33%\"><\/div>\n\n\n\n<div class=\"wp-block-column is-layout-flow wp-block-column-is-layout-flow\" style=\"flex-basis:66.66%\">\n<p id=\"K\"><strong>K<\/strong><br><a href=\"https:\/\/tedenloesopreis.nl\/index.php\/noorwegen-2017\/#dag19\">Kabelv\u00e5g<\/a>&nbsp;(etappe)<br><a href=\"https:\/\/tedenloesopreis.nl\/index.php\/noorwegen-2017\/#dag45\">Kopenhagen<\/a> (etappe)<br><a href=\"https:\/\/tedenloesopreis.nl\/index.php\/noorwegen-2017\/#dag46\">Kopenhagen<\/a><\/p>\n<\/div>\n<\/div>\n\n\n\n<div class=\"wp-block-columns is-layout-flex wp-container-core-columns-is-layout-9d6595d7 wp-block-columns-is-layout-flex\">\n<div class=\"wp-block-column is-layout-flow wp-block-column-is-layout-flow\" style=\"flex-basis:33.33%\"><\/div>\n\n\n\n<div class=\"wp-block-column is-layout-flow wp-block-column-is-layout-flow\" style=\"flex-basis:66.66%\">\n<p id=\"L\"><strong>L<\/strong><br><a href=\"https:\/\/tedenloesopreis.nl\/index.php\/noorwegen-2017\/#dag11\">L\u00e6rdaltunnel<\/a><br><a href=\"https:\/\/tedenloesopreis.nl\/index.php\/noorwegen-2017\/#mosjoen\">Laksfossen<\/a><br><a href=\"https:\/\/tedenloesopreis.nl\/index.php\/noorwegen-2017\/#latefossen\">L\u00e5tefossen<\/a><br><a href=\"https:\/\/tedenloesopreis.nl\/index.php\/noorwegen-2017\/#dag12\">Levanger<\/a> (etappe)<br><a href=\"https:\/\/tedenloesopreis.nl\/index.php\/noorwegen-2017\/#dag41\">Lillehammer<\/a> (etappe)<br><a href=\"https:\/\/tedenloesopreis.nl\/index.php\/noorwegen-2017\/#dag42\">Lillehammer<\/a><br><a href=\"https:\/\/tedenloesopreis.nl\/index.php\/noorwegen-2017\/#dag43\">Lillehammer Olympisch<br><\/a><a href=\"https:\/\/tedenloesopreis.nl\/index.php\/noorwegen-2017\/#dag21\">Lofotenkathedraal<\/a><br><a href=\"https:\/\/tedenloesopreis.nl\/index.php\/noorwegen-2017\/#lom\">Lom stavkirke<br><\/a><a href=\"https:\/\/tedenloesopreis.nl\/index.php\/noorwegen-2017\/#dag02\">Lomma<\/a><\/p>\n<\/div>\n<\/div>\n\n\n\n<div class=\"wp-block-columns is-layout-flex wp-container-core-columns-is-layout-9d6595d7 wp-block-columns-is-layout-flex\">\n<div class=\"wp-block-column is-layout-flow wp-block-column-is-layout-flow\" style=\"flex-basis:33.33%\"><\/div>\n\n\n\n<div class=\"wp-block-column is-layout-flow wp-block-column-is-layout-flow\" style=\"flex-basis:66.66%\">\n<p id=\"M\"><strong>M<\/strong><br><a href=\"https:\/\/tedenloesopreis.nl\/index.php\/noorwegen-2017\/#dag26\">Malvik<\/a>&nbsp;(etappe)<br><a href=\"https:\/\/tedenloesopreis.nl\/index.php\/noorwegen-2017\/#dag23\">Mo i Rana<\/a><br><a href=\"https:\/\/tedenloesopreis.nl\/index.php\/noorwegen-2017\/#mosjoen\">Mosj\u00f8en<\/a><a href=\"https:\/\/tedenloesopreis.nl\/index.php\/noorwegen-2017\/#dag23\"><br><\/a><a href=\"https:\/\/tedenloesopreis.nl\/index.php\/noorwegen-2017\/#dag17\">Moskenes<\/a> (etappe)<\/p>\n<\/div>\n<\/div>\n\n\n\n<div class=\"wp-block-columns is-layout-flex wp-container-core-columns-is-layout-9d6595d7 wp-block-columns-is-layout-flex\">\n<div class=\"wp-block-column is-layout-flow wp-block-column-is-layout-flow\" style=\"flex-basis:33.33%\"><\/div>\n\n\n\n<div class=\"wp-block-column is-layout-flow wp-block-column-is-layout-flow\" style=\"flex-basis:66.66%\">\n<p id=\"N\"><strong>N<\/strong><br><a href=\"https:\/\/tedenloesopreis.nl\/index.php\/noorwegen-2017\/#nidaros\">Nidaroskathedraal Trondheim<\/a><br><a href=\"https:\/\/tedenloesopreis.nl\/index.php\/noorwegen-2017\/#nidelvaoever\">Nidelva Trondheim<br><\/a><a href=\"https:\/\/tedenloesopreis.nl\/index.php\/noorwegen-2017\/#nusfjord\">Nusfjord<\/a><\/p>\n<\/div>\n<\/div>\n\n\n\n<div class=\"wp-block-columns is-layout-flex wp-container-core-columns-is-layout-9d6595d7 wp-block-columns-is-layout-flex\">\n<div class=\"wp-block-column is-layout-flow wp-block-column-is-layout-flow\" style=\"flex-basis:33.33%\"><\/div>\n\n\n\n<div class=\"wp-block-column is-layout-flow wp-block-column-is-layout-flow\" style=\"flex-basis:66.66%\">\n<p id=\"O\"><strong>O<\/strong><br><a href=\"https:\/\/tedenloesopreis.nl\/index.php\/noorwegen-2017\/#oresund\">\u00d8resund heenreis<\/a><br><a href=\"https:\/\/tedenloesopreis.nl\/index.php\/noorwegen-2017\/#dag45\">\u00d8resund terugreis<br><\/a><a href=\"https:\/\/tedenloesopreis.nl\/index.php\/noorwegen-2017\/#dag28\">Os<\/a>&nbsp;(etappe)<\/p>\n<\/div>\n<\/div>\n\n\n\n<div class=\"wp-block-columns is-layout-flex wp-container-core-columns-is-layout-9d6595d7 wp-block-columns-is-layout-flex\">\n<div class=\"wp-block-column is-layout-flow wp-block-column-is-layout-flow\" style=\"flex-basis:33.33%\"><\/div>\n\n\n\n<div class=\"wp-block-column is-layout-flow wp-block-column-is-layout-flow\" style=\"flex-basis:66.66%\">\n<p id=\"P\"><strong>P<\/strong><br><a href=\"https:\/\/tedenloesopreis.nl\/index.php\/noorwegen-2017\/#poolcirkele6\">Poolcirkel (E6)<br><\/a><a href=\"https:\/\/tedenloesopreis.nl\/index.php\/noorwegen-2017\/#poolcirkel17\">Poolcikel (RV17)<\/a><\/p>\n<\/div>\n<\/div>\n\n\n\n<div class=\"wp-block-columns is-layout-flex wp-container-core-columns-is-layout-9d6595d7 wp-block-columns-is-layout-flex\">\n<div class=\"wp-block-column is-layout-flow wp-block-column-is-layout-flow\" style=\"flex-basis:33.33%\"><\/div>\n\n\n\n<div class=\"wp-block-column is-layout-flow wp-block-column-is-layout-flow\" style=\"flex-basis:66.66%\">\n<p id=\"R\"><strong>R<\/strong><br><a href=\"https:\/\/tedenloesopreis.nl\/index.php\/noorwegen-2017\/#dag11\">Randsverk<\/a>&nbsp;(etappe)<br><a href=\"https:\/\/tedenloesopreis.nl\/index.php\/noorwegen-2017\/#dag18\">Reine<\/a><br><a href=\"https:\/\/tedenloesopreis.nl\/index.php\/noorwegen-2017\/#rjukan\">Rjukan<\/a><br><a href=\"https:\/\/tedenloesopreis.nl\/index.php\/noorwegen-2017\/#dag41\">Rondane<br><\/a><a href=\"https:\/\/tedenloesopreis.nl\/index.php\/noorwegen-2017\/#roros\">R\u00f8ros<\/a><br><a href=\"https:\/\/tedenloesopreis.nl\/index.php\/noorwegen-2017\/#dag13\">RV17 (Gartland &#8211; Torghatten)<\/a><br><a href=\"https:\/\/tedenloesopreis.nl\/index.php\/noorwegen-2017\/#dag14\">RV17 (Torghatten &#8211; Hilstad)<\/a><br><a href=\"https:\/\/tedenloesopreis.nl\/index.php\/noorwegen-2017\/#dag15\">RV17 (Hilstad &#8211; Saltstraumen)<\/a><\/p>\n<\/div>\n<\/div>\n\n\n\n<div class=\"wp-block-columns is-layout-flex wp-container-core-columns-is-layout-9d6595d7 wp-block-columns-is-layout-flex\">\n<div class=\"wp-block-column is-layout-flow wp-block-column-is-layout-flow\" style=\"flex-basis:33.33%\"><\/div>\n\n\n\n<div class=\"wp-block-column is-layout-flow wp-block-column-is-layout-flow\" style=\"flex-basis:66.66%\">\n<p id=\"S\" style=\"font-size:16px\"><strong>S<\/strong><br><a href=\"https:\/\/tedenloesopreis.nl\/index.php\/noorwegen-2017\/#saltfjellet\">Saltfjellet<\/a><br><a href=\"https:\/\/tedenloesopreis.nl\/index.php\/noorwegen-2017\/#dag15\">Saltstraumen<\/a> (etappe)<br><a href=\"https:\/\/tedenloesopreis.nl\/index.php\/noorwegen-2017\/#dag16\">Saltstraumen<\/a><br><a href=\"https:\/\/tedenloesopreis.nl\/index.php\/noorwegen-2017\/#sognefjell\">Sognefjell<\/a><br><a href=\"https:\/\/tedenloesopreis.nl\/index.php\/noorwegen-2017\/#sognefjellterug\">Sognefjell2<br><\/a><a href=\"https:\/\/tedenloesopreis.nl\/index.php\/noorwegen-2017\/#grotebelt\">Storeb\u00e6lt<\/a><br><a href=\"https:\/\/tedenloesopreis.nl\/index.php\/noorwegen-2017\/#dag22\">Straumen<\/a> (etappe)<br><a href=\"https:\/\/tedenloesopreis.nl\/index.php\/noorwegen-2017\/#dag44\">Str\u00f6mstad<\/a> (etappe)<a href=\"https:\/\/tedenloesopreis.nl\/index.php\/noorwegen-2017\/#dag44\"><br><\/a><a href=\"https:\/\/tedenloesopreis.nl\/index.php\/noorwegen-2017\/#dag34\">Stryn<\/a> (etappe)<br><a href=\"https:\/\/tedenloesopreis.nl\/index.php\/noorwegen-2017\/#dag29\">Sunndals\u00f8ra<\/a> (etappe)<\/p>\n<\/div>\n<\/div>\n\n\n\n<div class=\"wp-block-columns is-layout-flex wp-container-core-columns-is-layout-9d6595d7 wp-block-columns-is-layout-flex\">\n<div class=\"wp-block-column is-layout-flow wp-block-column-is-layout-flow\" style=\"flex-basis:33.33%\"><\/div>\n\n\n\n<div class=\"wp-block-column is-layout-flow wp-block-column-is-layout-flow\" style=\"flex-basis:66.66%\">\n<p id=\"T\"><strong>T<\/strong><br><a href=\"https:\/\/tedenloesopreis.nl\/index.php\/noorwegen-2017\/#dag13\">Torghatten<\/a>&nbsp;(etappe)<br><a href=\"https:\/\/tedenloesopreis.nl\/index.php\/noorwegen-2017\/#trollstigen\">Trollstigen<\/a><br><a href=\"https:\/\/tedenloesopreis.nl\/index.php\/noorwegen-2017\/#dag27\">Trondheim<\/a><br><a href=\"https:\/\/tedenloesopreis.nl\/index.php\/noorwegen-2017\/#tvindevossen\">Tvindevossen<\/a><\/p>\n<\/div>\n<\/div>\n\n\n\n<div class=\"wp-block-columns is-layout-flex wp-container-core-columns-is-layout-9d6595d7 wp-block-columns-is-layout-flex\">\n<div class=\"wp-block-column is-layout-flow wp-block-column-is-layout-flow\" style=\"flex-basis:33.33%\"><\/div>\n\n\n\n<div class=\"wp-block-column is-layout-flow wp-block-column-is-layout-flow\" style=\"flex-basis:66.66%\">\n<p id=\"V\"><strong>V<\/strong><br><a href=\"https:\/\/tedenloesopreis.nl\/index.php\/noorwegen-2017\/#jotunheimen\">Valdresflye<\/a><br><a href=\"https:\/\/tedenloesopreis.nl\/index.php\/noorwegen-2017\/#hamar\">Vikingskipet<\/a><br><a href=\"https:\/\/tedenloesopreis.nl\/index.php\/noorwegen-2017\/#dag06\">Voss<\/a> (etappe)<\/p>\n<\/div>\n<\/div>\n\n\n\n<div class=\"wp-block-columns is-layout-flex wp-container-core-columns-is-layout-9d6595d7 wp-block-columns-is-layout-flex\">\n<div class=\"wp-block-column is-layout-flow wp-block-column-is-layout-flow\" style=\"flex-basis:33.33%\"><\/div>\n\n\n\n<div class=\"wp-block-column is-layout-flow wp-block-column-is-layout-flow\" style=\"flex-basis:66.66%\">\n<p id=\"W\"><strong>W<\/strong><br><a href=\"https:\/\/tedenloesopreis.nl\/index.php\/noorwegen-2017\/#dag49\">Westerstede<\/a>\u00a0(etappe)<br><br><br><br><br><br><br><br><br><br><br><br><br><br><br><br><br><br><br><br><br><br><br><br><br><br><br><br><br><br><br><br><br><br><br><br><br><br><br><br><br><\/p>\n<\/div>\n<\/div>\n","protected":false},"excerpt":{"rendered":"<p>terug NOORWEGEN 2017TAGS A\u00a0B\u00a0C\u00a0D\u00a0E\u00a0F\u00a0G\u00a0H\u00a0I\u00a0J\u00a0K\u00a0L\u00a0M\u00a0N\u00a0O\u00a0P\u00a0Q\u00a0R\u00a0S\u00a0T\u00a0U\u00a0V\u00a0W\u00a0X\u00a0Y\u00a0Z A\u00c5 i Lofoten\u00c5lesund\u00c5mot (etappe)Atlanterhavsveien BBergenBismoBorgdorf-Seedorf (etappe)BriksdalBud (etappe) DDovrefjell EEggum (etappeEggum FFerry naar de Lofoten&nbsp;(Bod\u00f8 &#8211; Moskenes)Ferry terug naar het vasteland&nbsp;(L\u00f8dingen &#8211; Bognes)Ferry over de [&hellip;]<\/p>\n","protected":false},"author":1,"featured_media":0,"parent":0,"menu_order":0,"comment_status":"closed","ping_status":"closed","template":"","meta":{"footnotes":""},"class_list":["post-11738","page","type-page","status-publish","hentry"],"_links":{"self":[{"href":"https:\/\/tedenloesopreis.nl\/index.php\/wp-json\/wp\/v2\/pages\/11738","targetHints":{"allow":["GET"]}}],"collection":[{"href":"https:\/\/tedenloesopreis.nl\/index.php\/wp-json\/wp\/v2\/pages"}],"about":[{"href":"https:\/\/tedenloesopreis.nl\/index.php\/wp-json\/wp\/v2\/types\/page"}],"author":[{"embeddable":true,"href":"https:\/\/tedenloesopreis.nl\/index.php\/wp-json\/wp\/v2\/users\/1"}],"replies":[{"embeddable":true,"href":"https:\/\/tedenloesopreis.nl\/index.php\/wp-json\/wp\/v2\/comments?post=11738"}],"version-history":[{"count":89,"href":"https:\/\/tedenloesopreis.nl\/index.php\/wp-json\/wp\/v2\/pages\/11738\/revisions"}],"predecessor-version":[{"id":11746,"href":"https:\/\/tedenloesopreis.nl\/index.php\/wp-json\/wp\/v2\/pages\/11738\/revisions\/11746"}],"wp:attachment":[{"href":"https:\/\/tedenloesopreis.nl\/index.php\/wp-json\/wp\/v2\/media?parent=11738"}],"curies":[{"name":"wp","href":"https:\/\/api.w.org\/{rel}","templated":true}]}}