{"id":11868,"date":"2025-02-23T11:01:59","date_gmt":"2025-02-23T11:01:59","guid":{"rendered":"https:\/\/tedenloesopreis.nl\/?page_id=11868"},"modified":"2025-02-27T23:17:04","modified_gmt":"2025-02-27T23:17:04","slug":"noordkaap-2018-tags","status":"publish","type":"page","link":"https:\/\/tedenloesopreis.nl\/index.php\/noordkaap-2018-tags\/","title":{"rendered":"NOORDKAAP-2018-TAGS"},"content":{"rendered":"\n<div class=\"wp-block-columns is-layout-flex wp-container-core-columns-is-layout-9d6595d7 wp-block-columns-is-layout-flex\">\n<div class=\"wp-block-column is-layout-flow wp-block-column-is-layout-flow\" style=\"flex-basis:33.33%\"><\/div>\n\n\n\n<div class=\"wp-block-column is-layout-flow wp-block-column-is-layout-flow\" style=\"flex-basis:66.66%\">\n<p><strong>NOORDKAAP 2018<br>TAGS<\/strong><\/p>\n<\/div>\n<\/div>\n\n\n\n<div class=\"wp-block-columns is-layout-flex wp-container-core-columns-is-layout-9d6595d7 wp-block-columns-is-layout-flex\">\n<div class=\"wp-block-column is-layout-flow wp-block-column-is-layout-flow\" style=\"flex-basis:33.33%\">\n<p><a href=\"https:\/\/tedenloesopreis.nl\/index.php\/noordkaap-2018\/\">terug<\/a><\/p>\n<\/div>\n\n\n\n<div class=\"wp-block-column is-layout-flow wp-block-column-is-layout-flow\" style=\"flex-basis:66.66%\">\n<p><strong><a href=\"#A\">A<\/a>\u00a0<a href=\"#B\">B<\/a><\/strong>\u00a0C\u00a0D\u00a0E\u00a0<strong><a href=\"#F\">F<\/a>\u00a0<a href=\"#G\">G<\/a>\u00a0<a href=\"#H\">H<\/a>\u00a0<a href=\"#I\">I<\/a><\/strong>\u00a0J\u00a0<strong><a href=\"#K\">K<\/a>\u00a0<a href=\"#L\">L<\/a>\u00a0<a href=\"#M\">M<\/a>\u00a0<a href=\"#N\">N<\/a>\u00a0<a href=\"#O\">O<\/a>\u00a0<a href=\"#P\">P<\/a><\/strong>\u00a0Q\u00a0<strong><a href=\"#R\">R<\/a>\u00a0<a href=\"#S\">S<\/a>\u00a0<a href=\"#T\">T<\/a>\u00a0<a href=\"#U\">U<\/a>\u00a0<a href=\"#V\">V<\/a>\u00a0<a href=\"#W\">W<\/a><\/strong>\u00a0X\u00a0<strong><a href=\"#Y\">Y<\/a>\u00a0<a href=\"#Z\">Z<\/a><\/strong><\/p>\n<\/div>\n<\/div>\n\n\n\n<div class=\"wp-block-columns is-layout-flex wp-container-core-columns-is-layout-9d6595d7 wp-block-columns-is-layout-flex\">\n<div class=\"wp-block-column is-layout-flow wp-block-column-is-layout-flow\" style=\"flex-basis:33.33%\"><\/div>\n\n\n\n<div class=\"wp-block-column is-layout-flow wp-block-column-is-layout-flow\" style=\"flex-basis:66.66%\">\n<p id=\"A\"><strong>A<\/strong><br><a href=\"https:\/\/tedenloesopreis.nl\/index.php\/noorwegen-2017\/#dag33\">\u00c5lesund<\/a><br><a href=\"https:\/\/tedenloesopreis.nl\/index.php\/noordkaap-2018\/#alta\">Alta<\/a><br><a href=\"https:\/\/tedenloesopreis.nl\/index.php\/noorwegen-2017\/#dag04\">\u00c5mot<\/a>&nbsp;(etappe)<br><a href=\"https:\/\/tedenloesopreis.nl\/index.php\/noordkaap-2018\/#arcticview\">Arctic View<\/a><br><a href=\"https:\/\/tedenloesopreis.nl\/index.php\/noordkaap-2018\/#atlanterhavsveien\">Atlanterhavsveien<\/a><\/p>\n<\/div>\n<\/div>\n\n\n\n<div class=\"wp-block-columns is-layout-flex wp-container-core-columns-is-layout-9d6595d7 wp-block-columns-is-layout-flex\">\n<div class=\"wp-block-column is-layout-flow wp-block-column-is-layout-flow\" style=\"flex-basis:33.33%\"><\/div>\n\n\n\n<div class=\"wp-block-column is-layout-flow wp-block-column-is-layout-flow\" style=\"flex-basis:66.66%\">\n<p id=\"B\"><strong>B<\/strong><br><a href=\"https:\/\/tedenloesopreis.nl\/index.php\/noordkaap-2018\/#barentszzee\">Barentszzee<br><\/a><a href=\"https:\/\/tedenloesopreis.nl\/index.php\/noordkaap-2018\/#batsfjordfjell\">B\u00e5tsfjordfjell<\/a><br><a href=\"https:\/\/tedenloesopreis.nl\/index.php\/noordkaap-2018\/#dag16\">Berlev\u00e5g<\/a>&nbsp;(etappe)<br><a href=\"https:\/\/tedenloesopreis.nl\/index.php\/noordkaap-2018\/#dag17\">Berlev\u00e5g Middernachtzon<\/a><br><a href=\"https:\/\/tedenloesopreis.nl\/index.php\/noordkaap-2018\/#dag08\">Botnische Golf<\/a><br><a href=\"https:\/\/tedenloesopreis.nl\/index.php\/noordkaap-2018\/#dag38\">Byrkjelo<\/a><\/p>\n<\/div>\n<\/div>\n\n\n\n<div class=\"wp-block-columns is-layout-flex wp-container-core-columns-is-layout-9d6595d7 wp-block-columns-is-layout-flex\">\n<div class=\"wp-block-column is-layout-flow wp-block-column-is-layout-flow\" style=\"flex-basis:33.33%\"><\/div>\n\n\n\n<div class=\"wp-block-column is-layout-flow wp-block-column-is-layout-flow\" style=\"flex-basis:66.66%\">\n<p id=\"F\"><strong>F<\/strong><br><a href=\"https:\/\/tedenloesopreis.nl\/index.php\/noordkaap-2018\/#dag48\">Faaborg<\/a> (etappe)<br><a href=\"https:\/\/tedenloesopreis.nl\/index.php\/noordkaap-2018\/#dag49\">Faaborg<\/a><br><a href=\"https:\/\/tedenloesopreis.nl\/index.php\/noordkaap-2018\/#dag36\">Flak<\/a>&nbsp;(etappe)<br><a href=\"https:\/\/tedenloesopreis.nl\/index.php\/noordkaap-2018\/#fv13\">Fv13<\/a><br><a href=\"https:\/\/tedenloesopreis.nl\/index.php\/noordkaap-2018\/#dag31\">Fv17 1 (Saltstraumen &#8211; Fur\u00f8y)<\/a><br><a href=\"https:\/\/tedenloesopreis.nl\/index.php\/noordkaap-2018\/#dag33\">Fv17 2 (Fur\u00f8y &#8211; Utskarpen)<\/a><br><a href=\"https:\/\/tedenloesopreis.nl\/index.php\/noordkaap-2018\/#fv862\">Fv862<\/a><br><a href=\"https:\/\/tedenloesopreis.nl\/index.php\/noordkaap-2018\/#fv889\">Fv889<\/a><br><a href=\"https:\/\/tedenloesopreis.nl\/index.php\/noordkaap-2018\/#rv98\">Fv98<\/a><br><a href=\"https:\/\/tedenloesopreis.nl\/index.php\/noordkaap-2018\/#dag31\">Fur\u00f8y<\/a> (etappe)<\/p>\n<\/div>\n<\/div>\n\n\n\n<div class=\"wp-block-columns is-layout-flex wp-container-core-columns-is-layout-9d6595d7 wp-block-columns-is-layout-flex\">\n<div class=\"wp-block-column is-layout-flow wp-block-column-is-layout-flow\" style=\"flex-basis:33.33%\"><\/div>\n\n\n\n<div class=\"wp-block-column is-layout-flow wp-block-column-is-layout-flow\" style=\"flex-basis:66.66%\">\n<p id=\"G\"><strong>G<\/strong><br><a href=\"https:\/\/tedenloesopreis.nl\/index.php\/noordkaap-2018\/#dag10\">Gammelstad<\/a><br><a href=\"https:\/\/tedenloesopreis.nl\/index.php\/noordkaap-2018\/#gamvikfjell\">Gamvikfjell<\/a><br><a href=\"https:\/\/tedenloesopreis.nl\/index.php\/noordkaap-2018\/#fv13\">Gaularfjellet<br><\/a><a href=\"https:\/\/tedenloesopreis.nl\/index.php\/noordkaap-2018\/#geirangerfjord\">Geirangerfjord<\/a><\/p>\n<\/div>\n<\/div>\n\n\n\n<div class=\"wp-block-columns is-layout-flex wp-container-core-columns-is-layout-9d6595d7 wp-block-columns-is-layout-flex\">\n<div class=\"wp-block-column is-layout-flow wp-block-column-is-layout-flow\" style=\"flex-basis:33.33%\"><\/div>\n\n\n\n<div class=\"wp-block-column is-layout-flow wp-block-column-is-layout-flow\" style=\"flex-basis:66.66%\">\n<p id=\"H\"><strong>H<\/strong><br><a href=\"https:\/\/tedenloesopreis.nl\/index.php\/noordkaap-2018\/#hammerfest\">Hammerfest<\/a><br><a href=\"https:\/\/tedenloesopreis.nl\/index.php\/noordkaap-2018\/#dag15\">Hamningberg<\/a><br><a href=\"https:\/\/tedenloesopreis.nl\/index.php\/noordkaap-2018\/#latefossen\">Hardangerfjord<\/a><br><a href=\"https:\/\/tedenloesopreis.nl\/index.php\/noordkaap-2018\/#dag22\">Hav\u00f8ysund<\/a> (etappe)<br><a href=\"https:\/\/tedenloesopreis.nl\/index.php\/noordkaap-2018\/#hogekusten\">H\u00f6ga Kusten<\/a><br><a href=\"https:\/\/tedenloesopreis.nl\/index.php\/noordkaap-2018\/#husoy\">Hus\u00f8y<\/a><\/p>\n<\/div>\n<\/div>\n\n\n\n<div class=\"wp-block-columns is-layout-flex wp-container-core-columns-is-layout-9d6595d7 wp-block-columns-is-layout-flex\">\n<div class=\"wp-block-column is-layout-flow wp-block-column-is-layout-flow\" style=\"flex-basis:33.33%\"><\/div>\n\n\n\n<div class=\"wp-block-column is-layout-flow wp-block-column-is-layout-flow\" style=\"flex-basis:66.66%\">\n<p id=\"I\"><strong>I<\/strong><br><a href=\"https:\/\/tedenloesopreis.nl\/index.php\/noordkaap-2018\/#ifjord\">Ifjord<\/a><\/p>\n<\/div>\n<\/div>\n\n\n\n<div class=\"wp-block-columns is-layout-flex wp-container-core-columns-is-layout-9d6595d7 wp-block-columns-is-layout-flex\">\n<div class=\"wp-block-column is-layout-flow wp-block-column-is-layout-flow\" style=\"flex-basis:33.33%\"><\/div>\n\n\n\n<div class=\"wp-block-column is-layout-flow wp-block-column-is-layout-flow\" style=\"flex-basis:66.66%\">\n<p id=\"K\"><strong>K<\/strong><br><a href=\"https:\/\/tedenloesopreis.nl\/index.php\/noordkaap-2018\/#kaunispaa\">Kaunisp\u00e4\u00e4<\/a><br><a href=\"https:\/\/tedenloesopreis.nl\/index.php\/noordkaap-2018\/#dag12\">Kerstman (Rovaniemi)<br><\/a><a href=\"https:\/\/tedenloesopreis.nl\/index.php\/noordkaap-2018\/#dag40\">Kinsarvik<\/a><a href=\"https:\/\/tedenloesopreis.nl\/index.php\/noordkaap-2018\/#dag40\" target=\"_blank\" rel=\"noreferrer noopener\">&nbsp;<\/a>(etappe)<br><a href=\"https:\/\/tedenloesopreis.nl\/index.php\/noordkaap-2018\/#kjollefjord\">Kjollefjord<br><\/a><a href=\"https:\/\/tedenloesopreis.nl\/index.php\/noordkaap-2018\/#dag02\">Kors\u00f8r<\/a><br><a href=\"https:\/\/tedenloesopreis.nl\/index.php\/noordkaap-2018\/#dag01\">Krautsand<\/a> (etappe)<br><a href=\"https:\/\/tedenloesopreis.nl\/index.php\/noordkaap-2018\/#dag19\">Kunes<\/a> (etappe)<br><a href=\"https:\/\/tedenloesopreis.nl\/index.php\/noordkaap-2018\/#kvafjellet\">Kv\u00e6nangenfjellet<\/a><\/p>\n<\/div>\n<\/div>\n\n\n\n<div class=\"wp-block-columns is-layout-flex wp-container-core-columns-is-layout-9d6595d7 wp-block-columns-is-layout-flex\">\n<div class=\"wp-block-column is-layout-flow wp-block-column-is-layout-flow\" style=\"flex-basis:33.33%\"><\/div>\n\n\n\n<div class=\"wp-block-column is-layout-flow wp-block-column-is-layout-flow\" style=\"flex-basis:66.66%\">\n<p id=\"L\"><strong>L<\/strong><br><a href=\"https:\/\/tedenloesopreis.nl\/index.php\/noordkaap-2018\/#latefossen\">L\u00e5tefossen<\/a><br><a href=\"https:\/\/tedenloesopreis.nl\/index.php\/noordkaap-2018\/#dag10\">Lule\u00e5<\/a> (etappe)<\/p>\n<\/div>\n<\/div>\n\n\n\n<div class=\"wp-block-columns is-layout-flex wp-container-core-columns-is-layout-9d6595d7 wp-block-columns-is-layout-flex\">\n<div class=\"wp-block-column is-layout-flow wp-block-column-is-layout-flow\" style=\"flex-basis:33.33%\"><\/div>\n\n\n\n<div class=\"wp-block-column is-layout-flow wp-block-column-is-layout-flow\" style=\"flex-basis:66.66%\">\n<p id=\"M\"><strong>M<\/strong><br><a href=\"https:\/\/tedenloesopreis.nl\/index.php\/noordkaap-2018\/#dag17\">Middernachtzon Berlev\u00e5g<\/a><br><a href=\"https:\/\/tedenloesopreis.nl\/index.php\/noordkaap-2018\/#middernacht2\">Middernachtzon Slettnes Fyr<\/a><br><a href=\"https:\/\/tedenloesopreis.nl\/index.php\/noordkaap-2018\/#dag37\">Molde<\/a> (etappe)<br><a href=\"https:\/\/tedenloesopreis.nl\/index.php\/noordkaap-2018\/#dag30\">M\u00f8rsvikbotn<\/a><\/p>\n<\/div>\n<\/div>\n\n\n\n<div class=\"wp-block-columns is-layout-flex wp-container-core-columns-is-layout-9d6595d7 wp-block-columns-is-layout-flex\">\n<div class=\"wp-block-column is-layout-flow wp-block-column-is-layout-flow\" style=\"flex-basis:33.33%\"><\/div>\n\n\n\n<div class=\"wp-block-column is-layout-flow wp-block-column-is-layout-flow\" style=\"flex-basis:66.66%\">\n<p id=\"N\"><strong>N<\/strong><br><a href=\"https:\/\/tedenloesopreis.nl\/index.php\/noordkaap-2018\/#dag34\">Namsos<\/a>&nbsp;(etappe)<br><a href=\"https:\/\/tedenloesopreis.nl\/index.php\/noordkaap-2018\/#dag35\">Namsos<\/a><br><a href=\"https:\/\/tedenloesopreis.nl\/index.php\/noordkaap-2018\/#narvik\">Narvik<\/a><br><a href=\"https:\/\/tedenloesopreis.nl\/index.php\/noordkaap-2018\/#nesseby\">Nesseby<\/a><br><a href=\"https:\/\/tedenloesopreis.nl\/index.php\/noordkaap-2018\/#dag21\">Noordkaap<\/a><\/p>\n<\/div>\n<\/div>\n\n\n\n<div class=\"wp-block-columns is-layout-flex wp-container-core-columns-is-layout-9d6595d7 wp-block-columns-is-layout-flex\">\n<div class=\"wp-block-column is-layout-flow wp-block-column-is-layout-flow\" style=\"flex-basis:33.33%\"><\/div>\n\n\n\n<div class=\"wp-block-column is-layout-flow wp-block-column-is-layout-flow\" style=\"flex-basis:66.66%\">\n<p id=\"O\"><strong>O<\/strong><br><a href=\"https:\/\/tedenloesopreis.nl\/index.php\/noordkaap-2018\/#dag04\">Oskarshamn<\/a>&nbsp;(etappe)<br><a href=\"https:\/\/tedenloesopreis.nl\/index.php\/noordkaap-2018\/#osen\">Osen e.o.<\/a><br><a href=\"https:\/\/tedenloesopreis.nl\/index.php\/noordkaap-2018\/#dag47\">Oslofjord<\/a><\/p>\n<\/div>\n<\/div>\n\n\n\n<div class=\"wp-block-columns is-layout-flex wp-container-core-columns-is-layout-9d6595d7 wp-block-columns-is-layout-flex\">\n<div class=\"wp-block-column is-layout-flow wp-block-column-is-layout-flow\" style=\"flex-basis:33.33%\"><\/div>\n\n\n\n<div class=\"wp-block-column is-layout-flow wp-block-column-is-layout-flow\" style=\"flex-basis:66.66%\">\n<p id=\"P\"><strong>P<\/strong><br><a href=\"https:\/\/tedenloesopreis.nl\/index.php\/noordkaap-2018\/#dag12\" target=\"_blank\" rel=\"noreferrer noopener\">Poolcirkel (Rovaniemi)<\/a><br><a href=\"https:\/\/tedenloesopreis.nl\/index.php\/noordkaap-2018\/#poolcirkelfv17\">Poolcirkel (Fv17)<\/a><\/p>\n<\/div>\n<\/div>\n\n\n\n<div class=\"wp-block-columns is-layout-flex wp-container-core-columns-is-layout-9d6595d7 wp-block-columns-is-layout-flex\">\n<div class=\"wp-block-column is-layout-flow wp-block-column-is-layout-flow\" style=\"flex-basis:33.33%\"><\/div>\n\n\n\n<div class=\"wp-block-column is-layout-flow wp-block-column-is-layout-flow\" style=\"flex-basis:66.66%\">\n<p id=\"R\"><strong>R<\/strong><br><a href=\"https:\/\/tedenloesopreis.nl\/index.php\/noordkaap-2018\/#dag23\">Repparfjord<\/a><a href=\"https:\/\/tedenloesopreis.nl\/index.php\/noordkaap-2018\/#dag23\" target=\"_blank\" rel=\"noreferrer noopener\">&nbsp;<\/a>(etappe)<br><a href=\"https:\/\/tedenloesopreis.nl\/index.php\/noordkaap-2018\/#dag46\">Rognstranda<\/a><br><a href=\"https:\/\/tedenloesopreis.nl\/index.php\/noordkaap-2018\/#dag12\">Rovaniemi (Kerstman)<\/a><\/p>\n<\/div>\n<\/div>\n\n\n\n<div class=\"wp-block-columns is-layout-flex wp-container-core-columns-is-layout-9d6595d7 wp-block-columns-is-layout-flex\">\n<div class=\"wp-block-column is-layout-flow wp-block-column-is-layout-flow\" style=\"flex-basis:33.33%\"><\/div>\n\n\n\n<div class=\"wp-block-column is-layout-flow wp-block-column-is-layout-flow\" style=\"flex-basis:66.66%\">\n<p id=\"S\"><strong>S<\/strong><br><a href=\"https:\/\/tedenloesopreis.nl\/index.php\/noordkaap-2018\/#saltstraumen\">Saltstraumen<br><\/a><a href=\"https:\/\/tedenloesopreis.nl\/index.php\/noordkaap-2018\/#dag29\">Senja<\/a><br><a href=\"https:\/\/tedenloesopreis.nl\/index.php\/noordkaap-2018\/#dag29\">Sj\u00f8vegan<\/a> (etappe)<br><a href=\"https:\/\/tedenloesopreis.nl\/index.php\/noordkaap-2018\/#skarberget\">Skarberget<\/a><br><a href=\"https:\/\/tedenloesopreis.nl\/index.php\/noordkaap-2018\/#dag18\">Slettnes Fyr<\/a> (etappe)<br><a href=\"https:\/\/tedenloesopreis.nl\/index.php\/noordkaap-2018\/#dag12\">Sodankyl\u00e4<\/a><br><a href=\"https:\/\/tedenloesopreis.nl\/index.php\/noordkaap-2018\/#dag42\">Stavanger<\/a> (etappe)<br><a href=\"https:\/\/tedenloesopreis.nl\/index.php\/noordkaap-2018\/#dag45\">Stavanger<\/a><br><a href=\"https:\/\/tedenloesopreis.nl\/index.php\/noordkaap-2018\/#dag08\">Stocka<\/a> (etappe)<br><a href=\"https:\/\/tedenloesopreis.nl\/index.php\/noordkaap-2018\/#dag05\">Stockholm<\/a> (etappe)<br><a href=\"https:\/\/tedenloesopreis.nl\/index.php\/noordkaap-2018\/#dag07\">Stockholm<\/a><br><a href=\"https:\/\/tedenloesopreis.nl\/index.php\/noordkaap-2018\/#grotebelt\">Storeb\u00e6lt<\/a><br><a href=\"https:\/\/tedenloesopreis.nl\/index.php\/noordkaap-2018\/#dag24\">Storslett<\/a><br><a href=\"https:\/\/tedenloesopreis.nl\/index.php\/noordkaap-2018\/#svartisen\">Svartisen<\/a><\/p>\n<\/div>\n<\/div>\n\n\n\n<div class=\"wp-block-columns is-layout-flex wp-container-core-columns-is-layout-9d6595d7 wp-block-columns-is-layout-flex\">\n<div class=\"wp-block-column is-layout-flow wp-block-column-is-layout-flow\" style=\"flex-basis:33.33%\"><\/div>\n\n\n\n<div class=\"wp-block-column is-layout-flow wp-block-column-is-layout-flow\" style=\"flex-basis:66.66%\">\n<p id=\"T\"><strong>T<\/strong><br><a href=\"https:\/\/tedenloesopreis.nl\/index.php\/noordkaap-2018\/#dag41\">Tau<\/a>&nbsp;(etappe)<br><a href=\"https:\/\/tedenloesopreis.nl\/index.php\/noordkaap-2018\/#dag25\">Troms\u00f8<\/a> (etappe)<br><a href=\"https:\/\/tedenloesopreis.nl\/index.php\/noordkaap-2018\/#dag27\">Troms\u00f8<\/a><\/p>\n<\/div>\n<\/div>\n\n\n\n<div class=\"wp-block-columns is-layout-flex wp-container-core-columns-is-layout-9d6595d7 wp-block-columns-is-layout-flex\">\n<div class=\"wp-block-column is-layout-flow wp-block-column-is-layout-flow\" style=\"flex-basis:33.33%\"><\/div>\n\n\n\n<div class=\"wp-block-column is-layout-flow wp-block-column-is-layout-flow\" style=\"flex-basis:66.66%\">\n<p id=\"U\"><strong>U<\/strong><br><a href=\"https:\/\/tedenloesopreis.nl\/index.php\/noordkaap-2018\/#dag09\">Ume\u00e5<\/a>&nbsp;(etappe)<br><a href=\"https:\/\/tedenloesopreis.nl\/index.php\/noordkaap-2018\/#utvikfjell\">Utvikfjell<\/a><\/p>\n<\/div>\n<\/div>\n\n\n\n<div class=\"wp-block-columns is-layout-flex wp-container-core-columns-is-layout-9d6595d7 wp-block-columns-is-layout-flex\">\n<div class=\"wp-block-column is-layout-flow wp-block-column-is-layout-flow\" style=\"flex-basis:33.33%\"><\/div>\n\n\n\n<div class=\"wp-block-column is-layout-flow wp-block-column-is-layout-flow\" style=\"flex-basis:66.66%\">\n<p id=\"V\"><strong>V<\/strong><br><a href=\"https:\/\/tedenloesopreis.nl\/index.php\/noordkaap-2018\/#dag47\">Varberg<\/a><br><a href=\"https:\/\/tedenloesopreis.nl\/index.php\/noordkaap-2018\/#dag15\">Vard\u00f8<\/a><br><a href=\"https:\/\/tedenloesopreis.nl\/index.php\/noordkaap-2018\/#dag13\">Vestre Jakobselv<\/a> (etappe)<br><a href=\"https:\/\/tedenloesopreis.nl\/index.php\/noordkaap-2018\/#dag14\">Vestre Jakobselv<\/a><\/p>\n<\/div>\n<\/div>\n\n\n\n<div class=\"wp-block-columns is-layout-flex wp-container-core-columns-is-layout-9d6595d7 wp-block-columns-is-layout-flex\">\n<div class=\"wp-block-column is-layout-flow wp-block-column-is-layout-flow\" style=\"flex-basis:33.33%\"><\/div>\n\n\n\n<div class=\"wp-block-column is-layout-flow wp-block-column-is-layout-flow\" style=\"flex-basis:66.66%\">\n<p id=\"W\"><strong>W<\/strong><br><a href=\"https:\/\/tedenloesopreis.nl\/index.php\/noordkaap-2018\/#dag03\">Wallander<\/a><br><a href=\"https:\/\/tedenloesopreis.nl\/index.php\/noordkaap-2018\/#dag50\">Westerstede<\/a> (etappe)<\/p>\n<\/div>\n<\/div>\n\n\n\n<div class=\"wp-block-columns is-layout-flex wp-container-core-columns-is-layout-9d6595d7 wp-block-columns-is-layout-flex\">\n<div class=\"wp-block-column is-layout-flow wp-block-column-is-layout-flow\" style=\"flex-basis:33.33%\"><\/div>\n\n\n\n<div class=\"wp-block-column is-layout-flow wp-block-column-is-layout-flow\" style=\"flex-basis:66.66%\">\n<p id=\"Y\"><strong>Y<\/strong><br><a href=\"https:\/\/tedenloesopreis.nl\/index.php\/noordkaap-2018\/#dag03\">Ystad<\/a>&nbsp;(etappe)<br><a href=\"https:\/\/tedenloesopreis.nl\/index.php\/noordkaap-2018\/#dag33\">Yttervik<\/a>&nbsp;(etappe)<\/p>\n<\/div>\n<\/div>\n\n\n\n<div class=\"wp-block-columns is-layout-flex wp-container-core-columns-is-layout-9d6595d7 wp-block-columns-is-layout-flex\">\n<div class=\"wp-block-column is-layout-flow wp-block-column-is-layout-flow\" style=\"flex-basis:33.33%\"><\/div>\n\n\n\n<div class=\"wp-block-column is-layout-flow wp-block-column-is-layout-flow\" style=\"flex-basis:66.66%\">\n<p id=\"Z\"><strong>Z<\/strong><br><a href=\"https:\/\/tedenloesopreis.nl\/index.php\/noordkaap-2018\/#dag04\">Zweedse wegen<br><\/a><br><br><br><br><br><br><br><br><br><br><br><br><br><br><br><br><br><br><br><br><br><br><br><br><br><br><br><br><br><br><br><br><br><br><br><br><br><br>&#8212;&#8211;<\/p>\n<\/div>\n<\/div>\n","protected":false},"excerpt":{"rendered":"<p>NOORDKAAP 2018TAGS terug A\u00a0B\u00a0C\u00a0D\u00a0E\u00a0F\u00a0G\u00a0H\u00a0I\u00a0J\u00a0K\u00a0L\u00a0M\u00a0N\u00a0O\u00a0P\u00a0Q\u00a0R\u00a0S\u00a0T\u00a0U\u00a0V\u00a0W\u00a0X\u00a0Y\u00a0Z A\u00c5lesundAlta\u00c5mot&nbsp;(etappe)Arctic ViewAtlanterhavsveien BBarentszzeeB\u00e5tsfjordfjellBerlev\u00e5g&nbsp;(etappe)Berlev\u00e5g MiddernachtzonBotnische GolfByrkjelo FFaaborg (etappe)FaaborgFlak&nbsp;(etappe)Fv13Fv17 1 (Saltstraumen &#8211; Fur\u00f8y)Fv17 2 (Fur\u00f8y &#8211; Utskarpen)Fv862Fv889Fv98Fur\u00f8y (etappe) GGammelstadGamvikfjellGaularfjelletGeirangerfjord HHammerfestHamningbergHardangerfjordHav\u00f8ysund (etappe)H\u00f6ga KustenHus\u00f8y IIfjord KKaunisp\u00e4\u00e4Kerstman (Rovaniemi)Kinsarvik&nbsp;(etappe)KjollefjordKors\u00f8rKrautsand (etappe)Kunes [&hellip;]<\/p>\n","protected":false},"author":1,"featured_media":0,"parent":0,"menu_order":0,"comment_status":"closed","ping_status":"closed","template":"","meta":{"footnotes":""},"class_list":["post-11868","page","type-page","status-publish","hentry"],"_links":{"self":[{"href":"https:\/\/tedenloesopreis.nl\/index.php\/wp-json\/wp\/v2\/pages\/11868","targetHints":{"allow":["GET"]}}],"collection":[{"href":"https:\/\/tedenloesopreis.nl\/index.php\/wp-json\/wp\/v2\/pages"}],"about":[{"href":"https:\/\/tedenloesopreis.nl\/index.php\/wp-json\/wp\/v2\/types\/page"}],"author":[{"embeddable":true,"href":"https:\/\/tedenloesopreis.nl\/index.php\/wp-json\/wp\/v2\/users\/1"}],"replies":[{"embeddable":true,"href":"https:\/\/tedenloesopreis.nl\/index.php\/wp-json\/wp\/v2\/comments?post=11868"}],"version-history":[{"count":96,"href":"https:\/\/tedenloesopreis.nl\/index.php\/wp-json\/wp\/v2\/pages\/11868\/revisions"}],"predecessor-version":[{"id":12412,"href":"https:\/\/tedenloesopreis.nl\/index.php\/wp-json\/wp\/v2\/pages\/11868\/revisions\/12412"}],"wp:attachment":[{"href":"https:\/\/tedenloesopreis.nl\/index.php\/wp-json\/wp\/v2\/media?parent=11868"}],"curies":[{"name":"wp","href":"https:\/\/api.w.org\/{rel}","templated":true}]}}