{"id":12312,"date":"2025-02-26T22:02:47","date_gmt":"2025-02-26T22:02:47","guid":{"rendered":"https:\/\/tedenloesopreis.nl\/?page_id=12312"},"modified":"2025-02-27T13:00:55","modified_gmt":"2025-02-27T13:00:55","slug":"midden-europa-2023-tags","status":"publish","type":"page","link":"https:\/\/tedenloesopreis.nl\/index.php\/midden-europa-2023-tags\/","title":{"rendered":"MIDDEN-EUROPA-2023-TAGS"},"content":{"rendered":"\n<div class=\"wp-block-columns is-layout-flex wp-container-core-columns-is-layout-9d6595d7 wp-block-columns-is-layout-flex\">\n<div class=\"wp-block-column is-layout-flow wp-block-column-is-layout-flow\" style=\"flex-basis:33.33%\">\n<p><a href=\"https:\/\/tedenloesopreis.nl\/index.php\/midden-europa-2023\/\">terug<\/a><\/p>\n<\/div>\n\n\n\n<div class=\"wp-block-column is-layout-flow wp-block-column-is-layout-flow\" style=\"flex-basis:66.66%\">\n<p><strong>MIDDEN-EUROPA 2023<br>TAGS<\/strong><\/p>\n<\/div>\n<\/div>\n\n\n\n<div class=\"wp-block-columns is-layout-flex wp-container-core-columns-is-layout-9d6595d7 wp-block-columns-is-layout-flex\">\n<div class=\"wp-block-column is-layout-flow wp-block-column-is-layout-flow\" style=\"flex-basis:33.33%\"><\/div>\n\n\n\n<div class=\"wp-block-column is-layout-flow wp-block-column-is-layout-flow\" style=\"flex-basis:66.66%\">\n<p><strong><a href=\"#A\">A<\/a><\/strong> <strong><a href=\"#B\">B<\/a><\/strong> <strong><a href=\"#C\">C<\/a><\/strong> <strong><a href=\"#D\">D<\/a><\/strong> <strong><a href=\"#E\">E<\/a><\/strong> <strong><a href=\"#F\">F<\/a><\/strong> <strong><a href=\"#G\">G<\/a><\/strong> <strong><a href=\"#H\">H<\/a><\/strong> <strong><a href=\"#I\">I<\/a><\/strong> J <strong><a href=\"#K\">K<\/a><\/strong> <strong><a href=\"#L\">L<\/a><\/strong> <strong><a href=\"#M\">M<\/a><\/strong> N <strong><a href=\"#O\">O<\/a><\/strong> <strong><a href=\"#P\">P<\/a><\/strong> <strong><a href=\"#Q\">Q<\/a><\/strong> <strong><a href=\"#R\">R<\/a><\/strong> <strong><a href=\"#S\">S<\/a><\/strong> <strong><a href=\"#T\">T<\/a><\/strong> U <strong><a href=\"#V\">V<\/a><\/strong> <strong><a href=\"#W\">W<\/a><\/strong> X Y <strong><a href=\"#Z\">Z<\/a><\/strong><\/p>\n<\/div>\n<\/div>\n\n\n\n<div class=\"wp-block-columns is-layout-flex wp-container-core-columns-is-layout-9d6595d7 wp-block-columns-is-layout-flex\">\n<div class=\"wp-block-column is-layout-flow wp-block-column-is-layout-flow\" style=\"flex-basis:33.33%\"><\/div>\n\n\n\n<div class=\"wp-block-column is-layout-flow wp-block-column-is-layout-flow\" style=\"flex-basis:66.66%\">\n<p id=\"A\"><strong>A<\/strong><br><a href=\"https:\/\/tedenloesopreis.nl\/index.php\/midden-europa-2023\/#dag32\">Au an der Donau<\/a> (etappe)<br><a href=\"https:\/\/tedenloesopreis.nl\/index.php\/midden-europa-2023\/#dag41\">Augsburg<\/a> (etappe)<br><a href=\"https:\/\/tedenloesopreis.nl\/index.php\/midden-europa-2023\/#dag16\">Auschwitz<\/a> (etappe)<br><a href=\"https:\/\/tedenloesopreis.nl\/index.php\/midden-europa-2023\/#auschwitz\">Auschwitz<\/a><\/p>\n<\/div>\n<\/div>\n\n\n\n<div class=\"wp-block-columns is-layout-flex wp-container-core-columns-is-layout-9d6595d7 wp-block-columns-is-layout-flex\">\n<div class=\"wp-block-column is-layout-flow wp-block-column-is-layout-flow\" style=\"flex-basis:33.33%\"><\/div>\n\n\n\n<div class=\"wp-block-column is-layout-flow wp-block-column-is-layout-flow\" style=\"flex-basis:66.66%\">\n<p id=\"B\"><strong>B<\/strong><br><a href=\"https:\/\/tedenloesopreis.nl\/index.php\/midden-europa-2023\/#dag38\">Bad Feilnbach<\/a> (etappe)<br><a href=\"https:\/\/tedenloesopreis.nl\/index.php\/midden-europa-2023\/#dag06\">Bad Suderode<\/a> (etappe)<br><a href=\"https:\/\/tedenloesopreis.nl\/index.php\/midden-europa-2023\/#dag46\">Berg en Terblijt<\/a> (etappe)<br><a href=\"https:\/\/tedenloesopreis.nl\/index.php\/midden-europa-2023\/#dag17\">Birkenau<\/a><\/p>\n<\/div>\n<\/div>\n\n\n\n<div class=\"wp-block-columns is-layout-flex wp-container-core-columns-is-layout-9d6595d7 wp-block-columns-is-layout-flex\">\n<div class=\"wp-block-column is-layout-flow wp-block-column-is-layout-flow\" style=\"flex-basis:33.33%\"><\/div>\n\n\n\n<div class=\"wp-block-column is-layout-flow wp-block-column-is-layout-flow\" style=\"flex-basis:66.66%\">\n<p id=\"C\"><strong>C<\/strong><br><a href=\"https:\/\/tedenloesopreis.nl\/index.php\/midden-europa-2023\/#dag31\">Cesk\u00fd Krumlov<\/a><\/p>\n<\/div>\n<\/div>\n\n\n\n<div class=\"wp-block-columns is-layout-flex wp-container-core-columns-is-layout-9d6595d7 wp-block-columns-is-layout-flex\">\n<div class=\"wp-block-column is-layout-flow wp-block-column-is-layout-flow\" style=\"flex-basis:33.33%\"><\/div>\n\n\n\n<div class=\"wp-block-column is-layout-flow wp-block-column-is-layout-flow\" style=\"flex-basis:66.66%\">\n<p id=\"D\"><strong>D<\/strong><br><a href=\"https:\/\/tedenloesopreis.nl\/index.php\/midden-europa-2023\/#dag38\">Deutsche Alpenstra\u00dfe<\/a><br><a href=\"https:\/\/tedenloesopreis.nl\/index.php\/midden-europa-2023\/#donauworth\">Donauw\u00f6rth<\/a><\/p>\n<\/div>\n<\/div>\n\n\n\n<div class=\"wp-block-columns is-layout-flex wp-container-core-columns-is-layout-9d6595d7 wp-block-columns-is-layout-flex\">\n<div class=\"wp-block-column is-layout-flow wp-block-column-is-layout-flow\" style=\"flex-basis:33.33%\"><\/div>\n\n\n\n<div class=\"wp-block-column is-layout-flow wp-block-column-is-layout-flow\" style=\"flex-basis:66.66%\">\n<p id=\"E\"><strong>E<\/strong><br><a href=\"https:\/\/tedenloesopreis.nl\/index.php\/midden-europa-2023\/#dag02\">Erwitte<\/a><\/p>\n<\/div>\n<\/div>\n\n\n\n<div class=\"wp-block-columns is-layout-flex wp-container-core-columns-is-layout-9d6595d7 wp-block-columns-is-layout-flex\">\n<div class=\"wp-block-column is-layout-flow wp-block-column-is-layout-flow\" style=\"flex-basis:33.33%\"><\/div>\n\n\n\n<div class=\"wp-block-column is-layout-flow wp-block-column-is-layout-flow\" style=\"flex-basis:66.66%\">\n<p id=\"F\"><strong>F<\/strong><br><a href=\"https:\/\/tedenloesopreis.nl\/index.php\/midden-europa-2023\/#dag03\">Fritzlar<\/a> (etappe)<br><a href=\"https:\/\/tedenloesopreis.nl\/index.php\/midden-europa-2023\/#fritzlar\">Fritzlar<\/a><br><a href=\"https:\/\/tedenloesopreis.nl\/index.php\/midden-europa-2023\/#dag28\">Frymburk<\/a> (etappe)<br><a href=\"https:\/\/tedenloesopreis.nl\/index.php\/midden-europa-2023\/#furth\">F\u00fcrth<\/a><\/p>\n<\/div>\n<\/div>\n\n\n\n<div class=\"wp-block-columns is-layout-flex wp-container-core-columns-is-layout-9d6595d7 wp-block-columns-is-layout-flex\">\n<div class=\"wp-block-column is-layout-flow wp-block-column-is-layout-flow\" style=\"flex-basis:33.33%\"><\/div>\n\n\n\n<div class=\"wp-block-column is-layout-flow wp-block-column-is-layout-flow\" style=\"flex-basis:66.66%\">\n<p id=\"G\"><strong>G<\/strong><br><a href=\"https:\/\/tedenloesopreis.nl\/index.php\/midden-europa-2023\/#dag10\">G\u00f6rlitz<\/a><br><a href=\"https:\/\/tedenloesopreis.nl\/index.php\/midden-europa-2023\/#dag04\">Goslar<\/a> (etappe)<br><a href=\"https:\/\/tedenloesopreis.nl\/index.php\/midden-europa-2023\/#dag05\">Goslar<\/a><\/p>\n<\/div>\n<\/div>\n\n\n\n<div class=\"wp-block-columns is-layout-flex wp-container-core-columns-is-layout-9d6595d7 wp-block-columns-is-layout-flex\">\n<div class=\"wp-block-column is-layout-flow wp-block-column-is-layout-flow\" style=\"flex-basis:33.33%\"><\/div>\n\n\n\n<div class=\"wp-block-column is-layout-flow wp-block-column-is-layout-flow\" style=\"flex-basis:66.66%\">\n<p id=\"H\"><strong>H<\/strong><br><a href=\"https:\/\/tedenloesopreis.nl\/index.php\/midden-europa-2023\/#donauworth\">Harburg<\/a><br><a href=\"https:\/\/tedenloesopreis.nl\/index.php\/midden-europa-2023\/#dag44\">Hemsbach<\/a> (etappe)<br><a href=\"https:\/\/tedenloesopreis.nl\/index.php\/midden-europa-2023\/#holasovice\">Hola\u0161ovice<\/a><br><a href=\"https:\/\/tedenloesopreis.nl\/index.php\/midden-europa-2023\/#dag24\">Horn\u00ed Dubenky<\/a> (etappe)<\/p>\n<\/div>\n<\/div>\n\n\n\n<div class=\"wp-block-columns is-layout-flex wp-container-core-columns-is-layout-9d6595d7 wp-block-columns-is-layout-flex\">\n<div class=\"wp-block-column is-layout-flow wp-block-column-is-layout-flow\" style=\"flex-basis:33.33%\"><\/div>\n\n\n\n<div class=\"wp-block-column is-layout-flow wp-block-column-is-layout-flow\" style=\"flex-basis:66.66%\">\n<p id=\"I\"><strong>I<\/strong><br><a href=\"https:\/\/tedenloesopreis.nl\/index.php\/midden-europa-2023\/#dag37\">Inzell<\/a> (etappe)<\/p>\n<\/div>\n<\/div>\n\n\n\n<div class=\"wp-block-columns is-layout-flex wp-container-core-columns-is-layout-9d6595d7 wp-block-columns-is-layout-flex\">\n<div class=\"wp-block-column is-layout-flow wp-block-column-is-layout-flow\" style=\"flex-basis:33.33%\"><\/div>\n\n\n\n<div class=\"wp-block-column is-layout-flow wp-block-column-is-layout-flow\" style=\"flex-basis:66.66%\">\n<p id=\"K\"><strong>K<\/strong><br><a href=\"https:\/\/tedenloesopreis.nl\/index.php\/midden-europa-2023\/#kabouters\">Kabouters<\/a><br><a href=\"https:\/\/tedenloesopreis.nl\/index.php\/midden-europa-2023\/#dag14\">Katowice<\/a> (etappe)<br><a href=\"https:\/\/tedenloesopreis.nl\/index.php\/midden-europa-2023\/#dag25\">Kutn\u00e1 Hora<\/a> (etappe)<br><a href=\"https:\/\/tedenloesopreis.nl\/index.php\/midden-europa-2023\/#dag26\">Kutn\u00e1 Hora<\/a><\/p>\n<\/div>\n<\/div>\n\n\n\n<div class=\"wp-block-columns is-layout-flex wp-container-core-columns-is-layout-9d6595d7 wp-block-columns-is-layout-flex\">\n<div class=\"wp-block-column is-layout-flow wp-block-column-is-layout-flow\" style=\"flex-basis:33.33%\"><\/div>\n\n\n\n<div class=\"wp-block-column is-layout-flow wp-block-column-is-layout-flow\" style=\"flex-basis:66.66%\">\n<p id=\"L\"><strong>L<\/strong><br><a href=\"https:\/\/tedenloesopreis.nl\/index.php\/midden-europa-2023\/#dag08\">Leipzig<\/a> (etappe)<br><a href=\"https:\/\/tedenloesopreis.nl\/index.php\/midden-europa-2023\/#leipzig\">Leipzig<\/a><br><a href=\"https:\/\/tedenloesopreis.nl\/index.php\/midden-europa-2023\/#lidice\">Lidice<\/a><br><a href=\"https:\/\/tedenloesopreis.nl\/index.php\/midden-europa-2023\/#dag30\">Lipnomeer<\/a><br><a href=\"https:\/\/tedenloesopreis.nl\/index.php\/midden-europa-2023\/#litomysl\">Litomy\u0161l<\/a><\/p>\n<\/div>\n<\/div>\n\n\n\n<div class=\"wp-block-columns is-layout-flex wp-container-core-columns-is-layout-9d6595d7 wp-block-columns-is-layout-flex\">\n<div class=\"wp-block-column is-layout-flow wp-block-column-is-layout-flow\" style=\"flex-basis:33.33%\"><\/div>\n\n\n\n<div class=\"wp-block-column is-layout-flow wp-block-column-is-layout-flow\" style=\"flex-basis:66.66%\">\n<p id=\"M\"><strong>M<\/strong><br><a href=\"https:\/\/tedenloesopreis.nl\/index.php\/midden-europa-2023\/#dag49\">Maastricht<br><\/a><a href=\"https:\/\/tedenloesopreis.nl\/index.php\/midden-europa-2023\/#dag34\">Mauthausen<\/a><br><a href=\"https:\/\/tedenloesopreis.nl\/index.php\/midden-europa-2023\/#dag39\">Mittenwald<\/a> (etappe)<\/p>\n<\/div>\n<\/div>\n\n\n\n<div class=\"wp-block-columns is-layout-flex wp-container-core-columns-is-layout-9d6595d7 wp-block-columns-is-layout-flex\">\n<div class=\"wp-block-column is-layout-flow wp-block-column-is-layout-flow\" style=\"flex-basis:33.33%\"><\/div>\n\n\n\n<div class=\"wp-block-column is-layout-flow wp-block-column-is-layout-flow\" style=\"flex-basis:66.66%\">\n<p id=\"O\"><strong>O<\/strong><br><a href=\"https:\/\/tedenloesopreis.nl\/index.php\/midden-europa-2023\/#dag18\">Olomouc<\/a> (etappe)<br><a href=\"https:\/\/tedenloesopreis.nl\/index.php\/midden-europa-2023\/#dag19\">Olomouc<\/a><br><a href=\"https:\/\/tedenloesopreis.nl\/index.php\/midden-europa-2023\/#dag21\">Opatov<\/a> (etappe)<br><a href=\"https:\/\/tedenloesopreis.nl\/index.php\/midden-europa-2023\/#sedlec\">Ossuarium van Sedlec<\/a><\/p>\n<\/div>\n<\/div>\n\n\n\n<div class=\"wp-block-columns is-layout-flex wp-container-core-columns-is-layout-9d6595d7 wp-block-columns-is-layout-flex\">\n<div class=\"wp-block-column is-layout-flow wp-block-column-is-layout-flow\" style=\"flex-basis:33.33%\"><\/div>\n\n\n\n<div class=\"wp-block-column is-layout-flow wp-block-column-is-layout-flow\" style=\"flex-basis:66.66%\">\n<p id=\"P\"><strong>P<\/strong><br><a href=\"https:\/\/tedenloesopreis.nl\/index.php\/midden-europa-2023\/#dag36\">Passau<\/a> (etappe)<br><a href=\"https:\/\/tedenloesopreis.nl\/index.php\/midden-europa-2023\/#passau\">Passau<\/a><br><a href=\"https:\/\/tedenloesopreis.nl\/index.php\/midden-europa-2023\/#dag27\">Pl\u00ed\u0161kovice<br><\/a><a href=\"https:\/\/tedenloesopreis.nl\/index.php\/midden-europa-2023\/#praag\">Praag is druk<\/a><\/p>\n<\/div>\n<\/div>\n\n\n\n<div class=\"wp-block-columns is-layout-flex wp-container-core-columns-is-layout-9d6595d7 wp-block-columns-is-layout-flex\">\n<div class=\"wp-block-column is-layout-flow wp-block-column-is-layout-flow\" style=\"flex-basis:33.33%\"><\/div>\n\n\n\n<div class=\"wp-block-column is-layout-flow wp-block-column-is-layout-flow\" style=\"flex-basis:66.66%\">\n<p id=\"Q\"><strong>Q<\/strong><br><a href=\"https:\/\/tedenloesopreis.nl\/index.php\/midden-europa-2023\/#dag07\">Quedlinburg (is de winnaar)<\/a><\/p>\n<\/div>\n<\/div>\n\n\n\n<div class=\"wp-block-columns is-layout-flex wp-container-core-columns-is-layout-9d6595d7 wp-block-columns-is-layout-flex\">\n<div class=\"wp-block-column is-layout-flow wp-block-column-is-layout-flow\" style=\"flex-basis:33.33%\"><\/div>\n\n\n\n<div class=\"wp-block-column is-layout-flow wp-block-column-is-layout-flow\" style=\"flex-basis:66.66%\">\n<p id=\"R\"><strong>R<\/strong><br><a href=\"https:\/\/tedenloesopreis.nl\/index.php\/midden-europa-2023\/#dag42\">Rothenburg o.d. Tauber<\/a> (etappe)<br><a href=\"https:\/\/tedenloesopreis.nl\/index.php\/midden-europa-2023\/#dag43\">Rothenburg o.d. Tauber<\/a><\/p>\n<\/div>\n<\/div>\n\n\n\n<div class=\"wp-block-columns is-layout-flex wp-container-core-columns-is-layout-9d6595d7 wp-block-columns-is-layout-flex\">\n<div class=\"wp-block-column is-layout-flow wp-block-column-is-layout-flow\" style=\"flex-basis:33.33%\"><\/div>\n\n\n\n<div class=\"wp-block-column is-layout-flow wp-block-column-is-layout-flow\" style=\"flex-basis:66.66%\">\n<p id=\"S\"><strong>S<\/strong><br><a href=\"https:\/\/tedenloesopreis.nl\/index.php\/midden-europa-2023\/#dag20\">S\u00e1dek<\/a> (etappe)<br><a href=\"https:\/\/tedenloesopreis.nl\/index.php\/midden-europa-2023\/#dag45\">Schalkenmehren<\/a> (etappe)<br><a href=\"https:\/\/tedenloesopreis.nl\/index.php\/midden-europa-2023\/#dag09\">Sch\u00f6nau-Berzdorf<\/a> (etappe)<\/p>\n<\/div>\n<\/div>\n\n\n\n<div class=\"wp-block-columns is-layout-flex wp-container-core-columns-is-layout-9d6595d7 wp-block-columns-is-layout-flex\">\n<div class=\"wp-block-column is-layout-flow wp-block-column-is-layout-flow\" style=\"flex-basis:33.33%\"><\/div>\n\n\n\n<div class=\"wp-block-column is-layout-flow wp-block-column-is-layout-flow\" style=\"flex-basis:66.66%\">\n<p id=\"T\"><strong>T<\/strong><br><a href=\"https:\/\/tedenloesopreis.nl\/index.php\/midden-europa-2023\/#telc\">Tel\u010d<\/a><br><a href=\"https:\/\/tedenloesopreis.nl\/index.php\/midden-europa-2023\/#trebic\">T\u0159eb\u00ed\u010d<\/a><br><a href=\"https:\/\/tedenloesopreis.nl\/index.php\/midden-europa-2023\/#tolwegen\">Tolwegen<\/a><br><a href=\"https:\/\/tedenloesopreis.nl\/index.php\/midden-europa-2023\/#tomtom\">TomTom<\/a><br><a href=\"https:\/\/tedenloesopreis.nl\/index.php\/midden-europa-2023\/#tomtomtunnel\">Tunnelprobleem<\/a><\/p>\n<\/div>\n<\/div>\n\n\n\n<div class=\"wp-block-columns is-layout-flex wp-container-core-columns-is-layout-9d6595d7 wp-block-columns-is-layout-flex\">\n<div class=\"wp-block-column is-layout-flow wp-block-column-is-layout-flow\" style=\"flex-basis:33.33%\"><\/div>\n\n\n\n<div class=\"wp-block-column is-layout-flow wp-block-column-is-layout-flow\" style=\"flex-basis:66.66%\">\n<p id=\"V\"><strong>V<\/strong><br><a href=\"https:\/\/tedenloesopreis.nl\/index.php\/midden-europa-2023\/#dag47\">Valkenburg<\/a><br><a href=\"https:\/\/tedenloesopreis.nl\/index.php\/midden-europa-2023\/#vijfmeren\">Vijfmerenroute<\/a><\/p>\n<\/div>\n<\/div>\n\n\n\n<div class=\"wp-block-columns is-layout-flex wp-container-core-columns-is-layout-9d6595d7 wp-block-columns-is-layout-flex\">\n<div class=\"wp-block-column is-layout-flow wp-block-column-is-layout-flow\" style=\"flex-basis:33.33%\"><\/div>\n\n\n\n<div class=\"wp-block-column is-layout-flow wp-block-column-is-layout-flow\" style=\"flex-basis:66.66%\">\n<p id=\"W\"><strong>W<\/strong><br><a href=\"https:\/\/tedenloesopreis.nl\/index.php\/midden-europa-2023\/#dag11\">Wroc\u0142aw<\/a> (etappe)<br><a href=\"https:\/\/tedenloesopreis.nl\/index.php\/midden-europa-2023\/#dag12\">Wroc\u0142aw<\/a><\/p>\n<\/div>\n<\/div>\n\n\n\n<div class=\"wp-block-columns is-layout-flex wp-container-core-columns-is-layout-9d6595d7 wp-block-columns-is-layout-flex\">\n<div class=\"wp-block-column is-layout-flow wp-block-column-is-layout-flow\" style=\"flex-basis:33.33%\"><\/div>\n\n\n\n<div class=\"wp-block-column is-layout-flow wp-block-column-is-layout-flow\" style=\"flex-basis:66.66%\">\n<p id=\"Z\"><strong>Z<\/strong><br><a href=\"https:\/\/tedenloesopreis.nl\/index.php\/midden-europa-2023\/#zdar\">\u017d\u010f\u00e1r nad S\u00e1zavou<br><\/a><a href=\"https:\/\/tedenloesopreis.nl\/index.php\/midden-europa-2023\/#dag01\">Zevenaar<\/a> (etappe)<br><br><br><br><br><br><br><br><br><br><br><br><br><br><br><br><br><br><br><br><br><br><br><br><br><br><br><br><br><br><br><br><br><br><br><br><br><br><br><br><br><br><br><\/p>\n<\/div>\n<\/div>\n\n\n\n<p><\/p>\n\n\n\n<p><\/p>\n\n\n\n<p><\/p>\n\n\n\n<p><\/p>\n\n\n\n<p><\/p>\n","protected":false},"excerpt":{"rendered":"<p>terug MIDDEN-EUROPA 2023TAGS A B C D E F G H I J K L M N O P Q R S T U V W X Y [&hellip;]<\/p>\n","protected":false},"author":1,"featured_media":0,"parent":0,"menu_order":0,"comment_status":"closed","ping_status":"closed","template":"","meta":{"footnotes":""},"class_list":["post-12312","page","type-page","status-publish","hentry"],"_links":{"self":[{"href":"https:\/\/tedenloesopreis.nl\/index.php\/wp-json\/wp\/v2\/pages\/12312","targetHints":{"allow":["GET"]}}],"collection":[{"href":"https:\/\/tedenloesopreis.nl\/index.php\/wp-json\/wp\/v2\/pages"}],"about":[{"href":"https:\/\/tedenloesopreis.nl\/index.php\/wp-json\/wp\/v2\/types\/page"}],"author":[{"embeddable":true,"href":"https:\/\/tedenloesopreis.nl\/index.php\/wp-json\/wp\/v2\/users\/1"}],"replies":[{"embeddable":true,"href":"https:\/\/tedenloesopreis.nl\/index.php\/wp-json\/wp\/v2\/comments?post=12312"}],"version-history":[{"count":23,"href":"https:\/\/tedenloesopreis.nl\/index.php\/wp-json\/wp\/v2\/pages\/12312\/revisions"}],"predecessor-version":[{"id":12353,"href":"https:\/\/tedenloesopreis.nl\/index.php\/wp-json\/wp\/v2\/pages\/12312\/revisions\/12353"}],"wp:attachment":[{"href":"https:\/\/tedenloesopreis.nl\/index.php\/wp-json\/wp\/v2\/media?parent=12312"}],"curies":[{"name":"wp","href":"https:\/\/api.w.org\/{rel}","templated":true}]}}