{"id":12840,"date":"2025-09-07T17:42:40","date_gmt":"2025-09-07T17:42:40","guid":{"rendered":"https:\/\/tedenloesopreis.nl\/?page_id=12840"},"modified":"2026-03-29T15:47:55","modified_gmt":"2026-03-29T15:47:55","slug":"denemarken-2025-routekaarten","status":"publish","type":"page","link":"https:\/\/tedenloesopreis.nl\/index.php\/denemarken-2025-routekaarten\/","title":{"rendered":"DENEMARKEN-2025-ROUTEKAARTEN"},"content":{"rendered":"\n<div class=\"wp-block-columns is-layout-flex wp-container-core-columns-is-layout-9d6595d7 wp-block-columns-is-layout-flex\">\n<div class=\"wp-block-column is-layout-flow wp-block-column-is-layout-flow\" style=\"flex-basis:33.33%\"><\/div>\n\n\n\n<div class=\"wp-block-column is-layout-flow wp-block-column-is-layout-flow\" style=\"flex-basis:66.66%\">\n<p class=\"has-regular-font-size\"><br><strong>ROUTEKAARTEN<\/strong><br><br><a href=\"https:\/\/www.google.com\/maps\/d\/viewer?mid=1mxZdr_qMztNkPzrSPkxlikT3puZn25A&amp;ll=55.5991565903498%2C9.4485101120816&amp;z=7\" target=\"_blank\" rel=\"noreferrer noopener\">Globaal<\/a><br><br><a href=\"https:\/\/www.google.com\/maps\/d\/viewer?mid=1L-dKlZlPJsvomQFUDmhj8SbA0p3It48&amp;ll=53.31290737238498%2C7.408140230007415&amp;z=7\" target=\"_blank\" rel=\"noreferrer noopener\">Heenreis<\/a><br><a href=\"https:\/\/www.google.com\/maps\/d\/viewer?mid=1sWx2o955wxTYIM3_xvY6nYgiZzsYBMs&amp;ll=56.357985661865264%2C9.14446879265057&amp;z=7\" target=\"_blank\" rel=\"noreferrer noopener\">Jutland-West<\/a><br><a href=\"https:\/\/www.google.com\/maps\/d\/viewer?mid=1tyvqjQloaLs955JO8CAXFg3CLhmLz_A&amp;ll=56.668095091535506%2C9.720806404050903&amp;z=8\" target=\"_blank\" rel=\"noreferrer noopener\">Jutland-Oost<\/a><br><a href=\"https:\/\/www.google.com\/maps\/d\/viewer?mid=1iccbFPUqdRuAgHjgNw5H3mVYnXIwnJk&amp;ll=55.58288378340642%2C10.857625839843772&amp;z=8\" target=\"_blank\" rel=\"noreferrer noopener\">Eilanden-Noord<\/a><br><a href=\"https:\/\/www.google.com\/maps\/d\/viewer?mid=1Th-b3DgMLJSLlvb3O7kjYlZ2_-9L7LA&amp;ll=55.13451496855398%2C10.282906269531233&amp;z=8\" target=\"_blank\" rel=\"noreferrer noopener\">Eilanden-Zuid<\/a><br><a href=\"https:\/\/www.google.com\/maps\/d\/viewer?mid=1F4YADrFzXIQLC6UBiyYMgLfzcp0WaHk&amp;ll=53.49381605226517%2C6.935021367187488&amp;z=7\" target=\"_blank\" rel=\"noreferrer noopener\">Terugweg<\/a><br><br><br><br><br><br><br><br><br><br><br><br><br><br><br><br><br><br><br><br><br><br><br><br><br><br><br><br><br><br><br><br><br><br>&#8211; 01 <a href=\"https:\/\/www.google.com\/maps\/d\/viewer?mid=1kGzJzpNbikq4EzkfreUaEOAvMtcap3I&amp;ll=52.3483830238496%2C5.571342992941574&amp;z=8\" target=\"_blank\" rel=\"noreferrer noopener\">Tilburg &#8211; Gieterveen<\/a><br>&#8211; 02 <a href=\"https:\/\/www.google.com\/maps\/d\/viewer?mid=1bW8vae-TryH7CSbhcbdzDUNpNm2bi8U&amp;ll=53.348873055823255%2C8.13612765424292&amp;z=9\" target=\"_blank\" rel=\"noreferrer noopener\">Gieterveen &#8211; Stade<\/a><br>&#8211; 03 <a href=\"https:\/\/www.google.com\/maps\/d\/viewer?mid=1s1PqEwiMOL4EtnfidwE7uFSj6IQmsE8&amp;ll=54.28617947090342%2C8.87271588743474&amp;z=8\" target=\"_blank\" rel=\"noreferrer noopener\">Stade &#8211; T\u00f8nder<\/a><br>&#8211; 04 <a href=\"https:\/\/www.google.com\/maps\/d\/viewer?mid=17DIc-P2TiTjwi54rDtJ-R1wLg-EprLY&amp;ll=55.138533390881676%2C8.672674586323138&amp;z=10\" target=\"_blank\" rel=\"noreferrer noopener\">T\u00f8nder &#8211; Ribe<\/a><br>&#8211; 05 <a href=\"https:\/\/www.google.com\/maps\/d\/viewer?mid=1liyyOLYtYk6guH7oHMi2wA0klud9PEI&amp;ll=55.42613083231304%2C8.51077165044098&amp;z=11\" target=\"_blank\" rel=\"noreferrer noopener\">Ribe &#8211; Esbjerg<\/a><br>&#8211; 06 <a href=\"https:\/\/www.google.com\/maps\/d\/viewer?mid=1YDPK4zBSMc0KOyWE6ayMPocCj7E9WZU&amp;ll=55.81914094047007%2C8.044878329449512&amp;z=9\" target=\"_blank\" rel=\"noreferrer noopener\">Esbjerg &#8211; Ringk\u00f8bing<\/a><br>&#8211; 07 <a href=\"https:\/\/www.google.com\/maps\/d\/viewer?mid=1oqIoi7rGOvKwscvwcSkPBJhmuIQImNc&amp;ll=56.32620913863705%2C8.169833244080213&amp;z=10\" target=\"_blank\" rel=\"noreferrer noopener\">Ringk\u00f8bing &#8211; Lemvig<\/a><br>&#8211; 08 <a href=\"https:\/\/www.google.com\/maps\/d\/viewer?mid=1xAK5jBYahx46AuSqpI9Ll_aMxbAKgL4&amp;ll=56.91836652166557%2C8.881786364538913&amp;z=9\" target=\"_blank\" rel=\"noreferrer noopener\">Lemvig &#8211; Blokhus<\/a><br>&#8211; 09 <a href=\"https:\/\/www.google.com\/maps\/d\/viewer?mid=1zXmSr586oCnmJnPw333sja9-WsZtyZA&amp;ll=57.49611169570258%2C9.975561782131214&amp;z=10\" target=\"_blank\" rel=\"noreferrer noopener\">Blokhus &#8211; Skagen<\/a><br>&#8211; 10 <a href=\"https:\/\/www.google.com\/maps\/d\/viewer?mid=1G4g6TJjBcWPhmJbvbf2AgONpE6CaYtI&amp;ll=57.40799028719447%2C10.283851790807148&amp;z=9\" target=\"_blank\" rel=\"noreferrer noopener\">Skagen &#8211; Aalborg<\/a><br>&#8211; 11 <a href=\"https:\/\/www.google.com\/maps\/d\/viewer?mid=1mVXclvz9d8fb4KiCbOpHGlUlNbLMCDU&amp;ll=56.75122778891481%2C9.834429545885737&amp;z=9\" target=\"_blank\" rel=\"noreferrer noopener\">Aalborg &#8211; Viborg<\/a><br>&#8211; 12 <a href=\"https:\/\/www.google.com\/maps\/d\/u\/0\/viewer?mid=1aXfrgSYx5a7uDC2emeNPmm3FnvJMgAQ&amp;ll=56.40578631947367%2C9.849878887695315&amp;z=9\" target=\"_blank\" rel=\"noreferrer noopener\">Viborg &#8211; B\u00f8nnerup<\/a><br>&#8211; 13 <a href=\"https:\/\/www.google.com\/maps\/d\/viewer?mid=1pdezs-mm4Cl3Go9HWESNGtDpbN9UNUM&amp;ll=56.33107020693583%2C10.538525154801137&amp;z=10\" target=\"_blank\" rel=\"noreferrer noopener\">B\u00f8nnerup &#8211; Aarhus<\/a><br>&#8211; 14 <a href=\"https:\/\/www.google.com\/maps\/d\/viewer?mid=14P7_rnGsKZMRnf7tlMsFr4xkDXnrCbc&amp;ll=56.021856178697696%2C9.78127422452106&amp;z=10\" target=\"_blank\" rel=\"noreferrer noopener\">Aarhus &#8211; Horsens<\/a><br>&#8211; 15 <a href=\"https:\/\/www.google.com\/maps\/d\/viewer?mid=1aLikntp-X9ZXF9dwsH9QilZtEIEfChY&amp;ll=55.70841457907241%2C9.573902193622814&amp;z=10\" target=\"_blank\" rel=\"noreferrer noopener\">Horsens &#8211; Middelfart<\/a><br>&#8211; 16 <a href=\"https:\/\/www.google.com\/maps\/d\/viewer?mid=1iXM6paWu9aGm-fv9bjirSQ5bnmeTi4s&amp;ll=55.42760323384697%2C9.973571018066417&amp;z=10\" target=\"_blank\" rel=\"noreferrer noopener\">Middelfart &#8211; Odense<\/a><br>&#8211; 17 <a href=\"https:\/\/www.google.com\/maps\/d\/viewer?mid=1oXBp-ZQQnShUvSzgXhvRlWOW3e-KdKk&amp;ll=55.32867889386203%2C10.365825236135423&amp;z=10\" target=\"_blank\" rel=\"noreferrer noopener\">Odense &#8211; Nyborg<\/a><br>&#8211; 18 <a href=\"https:\/\/www.google.com\/maps\/d\/viewer?mid=1_MNLipzm1ddizcNCu-NUGxcrO_wMq-I&amp;ll=55.49018246417785%2C11.183542879086245&amp;z=10\" target=\"_blank\" rel=\"noreferrer noopener\">Nyborg &#8211; Saltb\u00e6k<\/a><br>&#8211; 19 <a href=\"https:\/\/www.google.com\/maps\/d\/viewer?mid=1GzGMvzm9qrFo-rNWYeLWqfDiwsUf0Lc&amp;ll=55.802121612194696%2C11.368907588275746&amp;z=10\" target=\"_blank\" rel=\"noreferrer noopener\">Saltb\u00e6k &#8211; Holb\u00e6k<\/a><br>&#8211; 20 <a href=\"https:\/\/www.google.com\/maps\/d\/viewer?mid=1xJriDdl55nprbsVjE7APa8MeGX-hRek&amp;ll=55.848421098230055%2C12.059421542518436&amp;z=10\" target=\"_blank\" rel=\"noreferrer noopener\">Holb\u00e6k &#8211; Fredensborg<\/a><br>&#8211; 21 <a href=\"https:\/\/www.google.com\/maps\/d\/viewer?mid=1X9yA9MSJqeVvH3yFIka0zLrU-uWxCjg&amp;ll=55.819684000996034%2C12.400565943987013&amp;z=10\" target=\"_blank\" rel=\"noreferrer noopener\">Fredensborg &#8211; Kopenhagen<\/a><br>&#8211; 22 <a href=\"https:\/\/www.google.com\/maps\/d\/viewer?mid=1mDz1GFT6a517K8-vThuvx1pNbokXT1M&amp;ll=55.49001200570816%2C12.127167643637682&amp;z=10\" target=\"_blank\" rel=\"noreferrer noopener\">Kopenhagen &#8211; Faxe Ladeplads<\/a><br>&#8211; 23 <a href=\"https:\/\/www.google.com\/maps\/d\/viewer?mid=1Dv_4a377hHFYVC7r9-pOa7NE1c5bHiI&amp;ll=55.14089799907249%2C11.908468742831463&amp;z=10\" target=\"_blank\" rel=\"noreferrer noopener\">Faxe Ladeplads &#8211; Keldby<\/a><br>&#8211; 24 <a href=\"https:\/\/www.google.com\/maps\/d\/viewer?mid=1ujyuAl4K9PdxgFTuvrn01dZf8W2Z0oc&amp;ll=54.81373352122589%2C11.850945160576618&amp;z=10\" target=\"_blank\" rel=\"noreferrer noopener\">Keldby &#8211; Maribo<\/a><br>&#8211; 25 <a href=\"https:\/\/www.google.com\/maps\/d\/viewer?mid=1ZhzOtpHBGYjnSm5H0LR0hJtrKqljNw0&amp;ll=54.899949233735626%2C10.959005610888486&amp;z=10\" target=\"_blank\" rel=\"noreferrer noopener\">Maribo &#8211; Rantzausminde<\/a><br>&#8211; 26 <a href=\"https:\/\/www.google.com\/maps\/d\/viewer?mid=18w-5va80uul081HXl2ouz72AVC1R3eM&amp;ll=55.079183499964856%2C10.242096840557483&amp;z=11\" target=\"_blank\" rel=\"noreferrer noopener\">Rantzausminde &#8211; Fynshav<\/a><br>&#8211; 27 <a href=\"https:\/\/www.google.com\/maps\/d\/viewer?mid=1e-Lm-AAvtHPI8uauuBJGTEUay1IpsHk&amp;ll=54.95874050114285%2C9.389442733920284&amp;z=10\" target=\"_blank\" rel=\"noreferrer noopener\">Fynshav &#8211; T\u00f8nder<\/a><br>&#8211; 28 <a href=\"https:\/\/www.google.com\/maps\/d\/viewer?mid=1rAczKhot8IbV3dio7YgwP2RaMVSTAE8&amp;ll=54.31579449983938%2C8.789229570201073&amp;z=9\" target=\"_blank\" rel=\"noreferrer noopener\">T\u00f8nder &#8211; Stade<\/a><br>&#8211; 29 <a href=\"https:\/\/www.google.com\/maps\/d\/viewer?mid=1xtplafYP_Eweje1NgiOmsj9IFFPV3Ug&amp;ll=53.450624352446994%2C8.677751940140963&amp;z=9\" target=\"_blank\" rel=\"noreferrer noopener\">Stade &#8211; Westerstede<\/a><br>&#8211; 30 <a href=\"https:\/\/www.google.com\/maps\/d\/viewer?mid=1U8iaD55vaUfeZ7KGHW-RIMFH_UJttxk&amp;ll=52.791139707172746%2C7.235562404160438&amp;z=9\" target=\"_blank\" rel=\"noreferrer noopener\">Westerstede &#8211; Rijssen<\/a><br>&#8211; 31 <a href=\"https:\/\/www.google.com\/maps\/d\/viewer?mid=1k-7EAGrVJpXeiJAK8l7lyCf5_ChDoAU&amp;ll=51.93054192685185%2C5.864169155096937&amp;z=9\" target=\"_blank\" rel=\"noreferrer noopener\">Rijssen &#8211; Tilburg<\/a><br><br><br><br><br><br><br><br><br><br><br><br><br><br><br><br><br><br><br><br><br><br><br><br><br><br><br><br><br><br><br><br><br><br><br><br><br><br><br><br><br>&#8211;<\/p>\n<\/div>\n<\/div>\n\n\n\n<p><\/p>\n","protected":false},"excerpt":{"rendered":"<p>ROUTEKAARTEN Globaal HeenreisJutland-WestJutland-OostEilanden-NoordEilanden-ZuidTerugweg &#8211; 01 Tilburg &#8211; Gieterveen&#8211; 02 Gieterveen &#8211; Stade&#8211; 03 Stade &#8211; T\u00f8nder&#8211; 04 T\u00f8nder &#8211; Ribe&#8211; 05 Ribe &#8211; Esbjerg&#8211; 06 Esbjerg &#8211; Ringk\u00f8bing&#8211; [&hellip;]<\/p>\n","protected":false},"author":1,"featured_media":0,"parent":0,"menu_order":0,"comment_status":"closed","ping_status":"closed","template":"","meta":{"footnotes":""},"class_list":["post-12840","page","type-page","status-publish","hentry"],"_links":{"self":[{"href":"https:\/\/tedenloesopreis.nl\/index.php\/wp-json\/wp\/v2\/pages\/12840","targetHints":{"allow":["GET"]}}],"collection":[{"href":"https:\/\/tedenloesopreis.nl\/index.php\/wp-json\/wp\/v2\/pages"}],"about":[{"href":"https:\/\/tedenloesopreis.nl\/index.php\/wp-json\/wp\/v2\/types\/page"}],"author":[{"embeddable":true,"href":"https:\/\/tedenloesopreis.nl\/index.php\/wp-json\/wp\/v2\/users\/1"}],"replies":[{"embeddable":true,"href":"https:\/\/tedenloesopreis.nl\/index.php\/wp-json\/wp\/v2\/comments?post=12840"}],"version-history":[{"count":11,"href":"https:\/\/tedenloesopreis.nl\/index.php\/wp-json\/wp\/v2\/pages\/12840\/revisions"}],"predecessor-version":[{"id":13176,"href":"https:\/\/tedenloesopreis.nl\/index.php\/wp-json\/wp\/v2\/pages\/12840\/revisions\/13176"}],"wp:attachment":[{"href":"https:\/\/tedenloesopreis.nl\/index.php\/wp-json\/wp\/v2\/media?parent=12840"}],"curies":[{"name":"wp","href":"https:\/\/api.w.org\/{rel}","templated":true}]}}