{"id":12851,"date":"2025-09-07T18:26:06","date_gmt":"2025-09-07T18:26:06","guid":{"rendered":"https:\/\/tedenloesopreis.nl\/?page_id=12851"},"modified":"2025-09-07T22:06:09","modified_gmt":"2025-09-07T22:06:09","slug":"denemarken-2025-campings","status":"publish","type":"page","link":"https:\/\/tedenloesopreis.nl\/index.php\/denemarken-2025-campings\/","title":{"rendered":"DENEMARKEN-2025-CAMPINGS"},"content":{"rendered":"\n<div class=\"wp-block-columns is-layout-flex wp-container-core-columns-is-layout-9d6595d7 wp-block-columns-is-layout-flex\">\n<div class=\"wp-block-column is-layout-flow wp-block-column-is-layout-flow\" style=\"flex-basis:33.33%\">\n<p><a href=\"https:\/\/tedenloesopreis.nl\/index.php\/denemarken-2025\/\">terug<\/a><\/p>\n<\/div>\n\n\n\n<div class=\"wp-block-column is-layout-flow wp-block-column-is-layout-flow\" style=\"flex-basis:66.66%\">\n<p><strong>DENEMARKEN 2025<br>CAMPING EN CAMPERPLAATSEN<\/strong><br><br><br>01 <a href=\"https:\/\/www.campercontact.com\/nl\/nederland\/drenthe\/gieterveen\/98803\/camping-buitengoed-de-veenstede-\" target=\"_blank\" rel=\"noreferrer noopener\">Gieterveen<\/a><br>02 <a href=\"https:\/\/www.campercontact.com\/nl\/duitsland\/nedersaksen\/stade\/8659\/wohnmobilstellplatz-am-schiffertor\" target=\"_blank\" rel=\"noreferrer noopener\">Stade<\/a><br>03 <a href=\"https:\/\/www.campercontact.com\/nl\/denemarken\/tnder\/49274\/autocamperplads-tnder\" target=\"_blank\" rel=\"noreferrer noopener\">T\u00f8nder<\/a><br>05 <a href=\"https:\/\/www.campercontact.com\/nl\/denemarken\/ribe\/21679\/ribe-camping\" target=\"_blank\" rel=\"noreferrer noopener\">Ribe<\/a><br>07 <a href=\"https:\/\/www.campercontact.com\/nl\/denemarken\/esbjerg\/25800\/esbjerg-camping\" target=\"_blank\" rel=\"noreferrer noopener\">Esbjerg<\/a><br>09 <a href=\"https:\/\/www.campercontact.com\/nl\/denemarken\/ringkbing\/25783\/ringkbing-camping\" target=\"_blank\" rel=\"noreferrer noopener\">Ringk\u00f8bing<\/a><br>10 <a href=\"https:\/\/www.campercontact.com\/nl\/denemarken\/lemvig\/58339\/lemvig-strand-camping\" target=\"_blank\" rel=\"noreferrer noopener\">Lemvig<\/a><br>11 <a href=\"https:\/\/www.campercontact.com\/nl\/denemarken\/blokhus\/159468\/blokhus-by-camping\" target=\"_blank\" rel=\"noreferrer noopener\">Blokhus<\/a><br>15 <a href=\"https:\/\/www.campercontact.com\/nl\/denemarken\/skagen\/60180\/poul-eeg-camping\" target=\"_blank\" rel=\"noreferrer noopener\">Skagen<\/a><br>18 <a href=\"https:\/\/www.campercontact.com\/nl\/denemarken\/aalborg\/8013\/aalborg-familie-camping-strandparken\" target=\"_blank\" rel=\"noreferrer noopener\">Aalborg<\/a><br>20 <a href=\"https:\/\/www.campercontact.com\/nl\/denemarken\/viborg\/97763\/dcu-viborg\" target=\"_blank\" rel=\"noreferrer noopener\">Viborg<\/a><br>22 <a href=\"https:\/\/www.campercontact.com\/nl\/denemarken\/glesborg\/27305\/bnnerup-lystbadehavn\" target=\"_blank\" rel=\"noreferrer noopener\">B\u00f8nnerup<\/a><br>23 <a href=\"https:\/\/www.campercontact.com\/nl\/denemarken\/hjbjerg\/21876\/dcu-camping-blommehaven\" target=\"_blank\" rel=\"noreferrer noopener\">Aarhus<\/a><br>26 <a href=\"https:\/\/www.campercontact.com\/nl\/denemarken\/horsens\/25773\/horsens-city-camping\" target=\"_blank\" rel=\"noreferrer noopener\">Horsens<\/a><br>27 <a href=\"https:\/\/www.campercontact.com\/nl\/denemarken\/middelfart\/97334\/camping-galsklint\" target=\"_blank\" rel=\"noreferrer noopener\">Middelfart<\/a><br>29 <a href=\"https:\/\/www.campercontact.com\/nl\/denemarken\/odense\/81127\/odense-city-camp\" target=\"_blank\" rel=\"noreferrer noopener\">Odense<\/a><br>31 <a href=\"https:\/\/www.campercontact.com\/nl\/denemarken\/nyborg\/52141\/nyborg-strandcamping\" target=\"_blank\" rel=\"noreferrer noopener\">Nyborg<\/a><br>32 <a href=\"https:\/\/www.campercontact.com\/nl\/denemarken\/kalundborg\/58062\/kalundborg-camping\" target=\"_blank\" rel=\"noreferrer noopener\">Saltb\u00e6k<\/a><br>33 <a href=\"https:\/\/www.campercontact.com\/nl\/denemarken\/holbk\/25743\/first-camp-holbk-fjord-sjlland\" target=\"_blank\" rel=\"noreferrer noopener\">Holb\u00e6k<\/a><br>35 <a href=\"https:\/\/www.campercontact.com\/nl\/denemarken\/fredensborg\/78315\/fredensborg-camping\" target=\"_blank\" rel=\"noreferrer noopener\">Fredensborg<\/a><br>39 <a href=\"https:\/\/www.campercontact.com\/nl\/denemarken\/rdovre\/30100\/dcu-copenhagen-camp-absalon\" target=\"_blank\" rel=\"noreferrer noopener\">Kopenhagen<\/a><br>40 <a href=\"https:\/\/www.campercontact.com\/nl\/denemarken\/faxe-ladeplads\/57295\/faxe-ladeplads-camping\" target=\"_blank\" rel=\"noreferrer noopener\">Faxe Ladeplads<\/a><br>41 <a href=\"https:\/\/www.campercontact.com\/nl\/denemarken\/stege\/58155\/keldby-camping-mn\" target=\"_blank\" rel=\"noreferrer noopener\">Keldby<\/a><br>43 <a href=\"https:\/\/www.campercontact.com\/nl\/denemarken\/maribo\/66026\/maribo-s-camping\" target=\"_blank\" rel=\"noreferrer noopener\">Maribo<\/a><br>44 <a href=\"https:\/\/www.campercontact.com\/nl\/denemarken\/svendborg\/156963\/rantzausminde-camping\" target=\"_blank\" rel=\"noreferrer noopener\">Rantzausminde<\/a><br>46 <a href=\"https:\/\/www.campercontact.com\/nl\/denemarken\/augustenborg\/70306\/lilleblt-camping\" target=\"_blank\" rel=\"noreferrer noopener\">Fynshav<\/a><br>48 <a href=\"https:\/\/www.campercontact.com\/nl\/denemarken\/tnder\/49274\/autocamperplads-tnder\" target=\"_blank\" rel=\"noreferrer noopener\">T\u00f8nder<\/a><br>49 <a href=\"https:\/\/www.campercontact.com\/nl\/duitsland\/nedersaksen\/stade\/8659\/wohnmobilstellplatz-am-schiffertor\" target=\"_blank\" rel=\"noreferrer noopener\">Stade<\/a><br>50 <a href=\"https:\/\/www.campercontact.com\/nl\/duitsland\/nedersaksen\/westerstede\/74953\/camping-und-stellplatz-westerstede\" target=\"_blank\" rel=\"noreferrer noopener\">Westerstede<\/a><br>51 <a href=\"https:\/\/www.campercontact.com\/nl\/nederland\/overijssel\/rijssen\/92052\/camperpark-midas\" target=\"_blank\" rel=\"noreferrer noopener\">Rijssen<\/a><br><br><br><br><br><br><br><br><br><br><br><br><br><br><br><br><br><br><br><br><br><br><br><br><br><br><br><br><br><br><br><br><br><br><br><br><br><br><br><br><br><br><br><br><br><br><br><br><br><br>&#8211;<\/p>\n<\/div>\n<\/div>\n\n\n\n<p><\/p>\n","protected":false},"excerpt":{"rendered":"<p>terug DENEMARKEN 2025CAMPING EN CAMPERPLAATSEN 01 Gieterveen02 Stade03 T\u00f8nder05 Ribe07 Esbjerg09 Ringk\u00f8bing10 Lemvig11 Blokhus15 Skagen18 Aalborg20 Viborg22 B\u00f8nnerup23 Aarhus26 Horsens27 Middelfart29 Odense31 Nyborg32 Saltb\u00e6k33 Holb\u00e6k35 Fredensborg39 Kopenhagen40 Faxe [&hellip;]<\/p>\n","protected":false},"author":1,"featured_media":0,"parent":0,"menu_order":0,"comment_status":"closed","ping_status":"closed","template":"","meta":{"footnotes":""},"class_list":["post-12851","page","type-page","status-publish","hentry"],"_links":{"self":[{"href":"https:\/\/tedenloesopreis.nl\/index.php\/wp-json\/wp\/v2\/pages\/12851","targetHints":{"allow":["GET"]}}],"collection":[{"href":"https:\/\/tedenloesopreis.nl\/index.php\/wp-json\/wp\/v2\/pages"}],"about":[{"href":"https:\/\/tedenloesopreis.nl\/index.php\/wp-json\/wp\/v2\/types\/page"}],"author":[{"embeddable":true,"href":"https:\/\/tedenloesopreis.nl\/index.php\/wp-json\/wp\/v2\/users\/1"}],"replies":[{"embeddable":true,"href":"https:\/\/tedenloesopreis.nl\/index.php\/wp-json\/wp\/v2\/comments?post=12851"}],"version-history":[{"count":8,"href":"https:\/\/tedenloesopreis.nl\/index.php\/wp-json\/wp\/v2\/pages\/12851\/revisions"}],"predecessor-version":[{"id":12876,"href":"https:\/\/tedenloesopreis.nl\/index.php\/wp-json\/wp\/v2\/pages\/12851\/revisions\/12876"}],"wp:attachment":[{"href":"https:\/\/tedenloesopreis.nl\/index.php\/wp-json\/wp\/v2\/media?parent=12851"}],"curies":[{"name":"wp","href":"https:\/\/api.w.org\/{rel}","templated":true}]}}