{"id":1334,"date":"2023-10-24T12:47:05","date_gmt":"2023-10-24T12:47:05","guid":{"rendered":"https:\/\/tedenloesopreis.nl\/?page_id=1334"},"modified":"2023-10-29T14:25:30","modified_gmt":"2023-10-29T14:25:30","slug":"2017-1-14-boot-op-boot-af","status":"publish","type":"page","link":"https:\/\/tedenloesopreis.nl\/index.php\/2017-1-14-boot-op-boot-af\/","title":{"rendered":"2017-1-14-BOOT OP, BOOT AF"},"content":{"rendered":"\n<div class=\"wp-block-columns is-layout-flex wp-container-core-columns-is-layout-9d6595d7 wp-block-columns-is-layout-flex\">\n<div class=\"wp-block-column is-layout-flow wp-block-column-is-layout-flow\" style=\"flex-basis:33.33%\"><\/div>\n\n\n\n<div class=\"wp-block-column is-layout-flow wp-block-column-is-layout-flow\" style=\"flex-basis:66.66%\">\n<p><strong>Noorwegen 2017 &nbsp;  &nbsp; &nbsp;dag 14 &nbsp; &nbsp;  &nbsp;za 1 juli 2017 &nbsp; &nbsp; &nbsp; <\/strong><br><strong><a href=\"https:\/\/www.google.com\/maps\/d\/edit?mid=1CVAyvQRB3phHndybWu163QXyQ4RknMoo&amp;ll=65.93600788128535%2C12.628052929687549&amp;z=8\" target=\"_blank\" rel=\"noreferrer noopener\">Torghatten &#8211; Hilstad<\/a> &nbsp; &nbsp;&nbsp; &nbsp;210 km<br><\/strong><br><\/p>\n<\/div>\n<\/div>\n\n\n\n<div class=\"wp-block-columns is-layout-flex wp-container-core-columns-is-layout-9d6595d7 wp-block-columns-is-layout-flex\">\n<div class=\"wp-block-column is-layout-flow wp-block-column-is-layout-flow\" style=\"flex-basis:33.33%\"><\/div>\n\n\n\n<div class=\"wp-block-column is-layout-flow wp-block-column-is-layout-flow\" style=\"flex-basis:66.66%\">\n<p style=\"font-size:22px\"><strong>BOOT OP, BOOT AF<\/strong><\/p>\n<\/div>\n<\/div>\n\n\n\n<div style=\"height:25px\" aria-hidden=\"true\" class=\"wp-block-spacer\"><\/div>\n\n\n\n<div class=\"wp-block-columns is-layout-flex wp-container-core-columns-is-layout-9d6595d7 wp-block-columns-is-layout-flex\">\n<div class=\"wp-block-column is-layout-flow wp-block-column-is-layout-flow\" style=\"flex-basis:33.33%\">\n<figure class=\"wp-block-image size-large\"><a href=\"https:\/\/tedenloesopreis.nl\/wp-content\/uploads\/2023\/10\/IMG_2602-scaled.jpg\" target=\"_blank\" rel=\"noreferrer noopener\"><img loading=\"lazy\" decoding=\"async\" width=\"1024\" height=\"768\" src=\"https:\/\/tedenloesopreis.nl\/wp-content\/uploads\/2023\/10\/IMG_2602-1024x768.jpg\" alt=\"\" class=\"wp-image-1335\" srcset=\"https:\/\/tedenloesopreis.nl\/wp-content\/uploads\/2023\/10\/IMG_2602-1024x768.jpg 1024w, https:\/\/tedenloesopreis.nl\/wp-content\/uploads\/2023\/10\/IMG_2602-300x225.jpg 300w, https:\/\/tedenloesopreis.nl\/wp-content\/uploads\/2023\/10\/IMG_2602-768x576.jpg 768w, https:\/\/tedenloesopreis.nl\/wp-content\/uploads\/2023\/10\/IMG_2602-1536x1152.jpg 1536w, https:\/\/tedenloesopreis.nl\/wp-content\/uploads\/2023\/10\/IMG_2602-2048x1536.jpg 2048w\" sizes=\"auto, (max-width: 1024px) 100vw, 1024px\" \/><\/a><figcaption class=\"wp-element-caption\"><em>ferry bij Horn<\/em><\/figcaption><\/figure>\n<\/div>\n\n\n\n<div class=\"wp-block-column is-layout-flow wp-block-column-is-layout-flow\" style=\"flex-basis:66.66%\">\n<p>Vandaag leggen we een flink stuk van de kustroute af, zo&#8217;n 200 km.<br><br>Vanaf Torghatten rijden we, via Br\u00f8nn\u00f8ysund, naar Horn. Daar is de eerste ferry, naar Andalsv\u00e5gen in 15 minuten.&nbsp;<\/p>\n<\/div>\n<\/div>\n\n\n\n<div class=\"wp-block-columns is-layout-flex wp-container-core-columns-is-layout-9d6595d7 wp-block-columns-is-layout-flex\">\n<div class=\"wp-block-column is-layout-flow wp-block-column-is-layout-flow\" style=\"flex-basis:33.33%\"><\/div>\n\n\n\n<div class=\"wp-block-column is-layout-flow wp-block-column-is-layout-flow\" style=\"flex-basis:66.66%\">\n<p>Een kleine 20 km verder op de &#8217;17&#8217; is al weer de tweede veerboot: Forvik-Tj\u00f8tta. Blijkbaar hapert er iets met de dienstregeling, want &#8216;onze&#8217; ferry zit een binnenkomende ferry in de weg. Het is een overtocht van bijna een uur.<\/p>\n<\/div>\n<\/div>\n\n\n\n<div class=\"wp-block-columns is-layout-flex wp-container-core-columns-is-layout-9d6595d7 wp-block-columns-is-layout-flex\">\n<div class=\"wp-block-column is-layout-flow wp-block-column-is-layout-flow\"><\/div>\n\n\n\n<div class=\"wp-block-column is-layout-flow wp-block-column-is-layout-flow\">\n<figure class=\"wp-block-image size-large\"><a href=\"https:\/\/tedenloesopreis.nl\/wp-content\/uploads\/2023\/10\/IMG_2607-scaled.jpg\" target=\"_blank\" rel=\"noreferrer noopener\"><img loading=\"lazy\" decoding=\"async\" width=\"1024\" height=\"768\" src=\"https:\/\/tedenloesopreis.nl\/wp-content\/uploads\/2023\/10\/IMG_2607-1024x768.jpg\" alt=\"\" class=\"wp-image-1336\" srcset=\"https:\/\/tedenloesopreis.nl\/wp-content\/uploads\/2023\/10\/IMG_2607-1024x768.jpg 1024w, https:\/\/tedenloesopreis.nl\/wp-content\/uploads\/2023\/10\/IMG_2607-300x225.jpg 300w, https:\/\/tedenloesopreis.nl\/wp-content\/uploads\/2023\/10\/IMG_2607-768x576.jpg 768w, https:\/\/tedenloesopreis.nl\/wp-content\/uploads\/2023\/10\/IMG_2607-1536x1152.jpg 1536w, https:\/\/tedenloesopreis.nl\/wp-content\/uploads\/2023\/10\/IMG_2607-2048x1536.jpg 2048w\" sizes=\"auto, (max-width: 1024px) 100vw, 1024px\" \/><\/a><figcaption class=\"wp-element-caption\"><em>ferryspits in Forvik<\/em><\/figcaption><\/figure>\n<\/div>\n\n\n\n<div class=\"wp-block-column is-layout-flow wp-block-column-is-layout-flow\">\n<figure class=\"wp-block-image size-large\"><a href=\"https:\/\/tedenloesopreis.nl\/wp-content\/uploads\/2023\/10\/IMG_2611-scaled.jpg\" target=\"_blank\" rel=\"noreferrer noopener\"><img loading=\"lazy\" decoding=\"async\" width=\"1024\" height=\"768\" src=\"https:\/\/tedenloesopreis.nl\/wp-content\/uploads\/2023\/10\/IMG_2611-1024x768.jpg\" alt=\"\" class=\"wp-image-1337\" srcset=\"https:\/\/tedenloesopreis.nl\/wp-content\/uploads\/2023\/10\/IMG_2611-1024x768.jpg 1024w, https:\/\/tedenloesopreis.nl\/wp-content\/uploads\/2023\/10\/IMG_2611-300x225.jpg 300w, https:\/\/tedenloesopreis.nl\/wp-content\/uploads\/2023\/10\/IMG_2611-768x576.jpg 768w, https:\/\/tedenloesopreis.nl\/wp-content\/uploads\/2023\/10\/IMG_2611-1536x1152.jpg 1536w, https:\/\/tedenloesopreis.nl\/wp-content\/uploads\/2023\/10\/IMG_2611-2048x1536.jpg 2048w\" sizes=\"auto, (max-width: 1024px) 100vw, 1024px\" \/><\/a><figcaption class=\"wp-element-caption\"><em>we laten Forvik achter ons<\/em><\/figcaption><\/figure>\n<\/div>\n<\/div>\n\n\n\n<div class=\"wp-block-columns is-layout-flex wp-container-core-columns-is-layout-9d6595d7 wp-block-columns-is-layout-flex\">\n<div class=\"wp-block-column is-layout-flow wp-block-column-is-layout-flow\" style=\"flex-basis:33.33%\">\n<figure class=\"wp-block-image size-large\"><a href=\"https:\/\/tedenloesopreis.nl\/wp-content\/uploads\/2023\/10\/IMG_2618-scaled.jpg\" target=\"_blank\" rel=\"noreferrer noopener\"><img loading=\"lazy\" decoding=\"async\" width=\"1024\" height=\"768\" src=\"https:\/\/tedenloesopreis.nl\/wp-content\/uploads\/2023\/10\/IMG_2618-1024x768.jpg\" alt=\"\" class=\"wp-image-1338\" srcset=\"https:\/\/tedenloesopreis.nl\/wp-content\/uploads\/2023\/10\/IMG_2618-1024x768.jpg 1024w, https:\/\/tedenloesopreis.nl\/wp-content\/uploads\/2023\/10\/IMG_2618-300x225.jpg 300w, https:\/\/tedenloesopreis.nl\/wp-content\/uploads\/2023\/10\/IMG_2618-768x576.jpg 768w, https:\/\/tedenloesopreis.nl\/wp-content\/uploads\/2023\/10\/IMG_2618-1536x1152.jpg 1536w, https:\/\/tedenloesopreis.nl\/wp-content\/uploads\/2023\/10\/IMG_2618-2048x1536.jpg 2048w\" sizes=\"auto, (max-width: 1024px) 100vw, 1024px\" \/><\/a><figcaption class=\"wp-element-caption\"><em>de hoge magere brug bij Sandnessj\u00f8en<\/em><\/figcaption><\/figure>\n<\/div>\n\n\n\n<div class=\"wp-block-column is-layout-flow wp-block-column-is-layout-flow\" style=\"flex-basis:66.66%\">\n<p>Net voorbij Sandnessj\u00f8en gaan we over een bijzondere brug: heel hoog maar ook heel smal.&nbsp;<\/p>\n<\/div>\n<\/div>\n\n\n\n<div class=\"wp-block-columns is-layout-flex wp-container-core-columns-is-layout-9d6595d7 wp-block-columns-is-layout-flex\">\n<div class=\"wp-block-column is-layout-flow wp-block-column-is-layout-flow\" style=\"flex-basis:33.33%\"><\/div>\n\n\n\n<div class=\"wp-block-column is-layout-flow wp-block-column-is-layout-flow\" style=\"flex-basis:66.66%\">\n<p>Weer een stuk verder op de &#8217;17&#8217;, bij Levang, is de derde oversteek van de dag: Levang-Nesna in ongeveer 30 minuten. Vanaf Nesna is het nog zo&#8217;n 90 km naar de camping in Hilstad, vlak bij de volgende ferryhaven Kilboghamn. De camping heet <a href=\"https:\/\/www.campercontact.com\/nl\/noorwegen\/nordland\/resvika\/47386\/polar-camp\" target=\"_blank\" rel=\"noreferrer noopener\">Polar Camp<\/a>, dus de poolcirkel is niet meer zo ver.<\/p>\n<\/div>\n<\/div>\n\n\n\n<div class=\"wp-block-columns is-layout-flex wp-container-core-columns-is-layout-9d6595d7 wp-block-columns-is-layout-flex\">\n<div class=\"wp-block-column is-layout-flow wp-block-column-is-layout-flow\"><\/div>\n\n\n\n<div class=\"wp-block-column is-layout-flow wp-block-column-is-layout-flow\">\n<figure class=\"wp-block-image size-large\"><a href=\"https:\/\/tedenloesopreis.nl\/wp-content\/uploads\/2023\/10\/IMG_2622-scaled.jpg\" target=\"_blank\" rel=\"noreferrer noopener\"><img loading=\"lazy\" decoding=\"async\" width=\"1024\" height=\"768\" src=\"https:\/\/tedenloesopreis.nl\/wp-content\/uploads\/2023\/10\/IMG_2622-1024x768.jpg\" alt=\"\" class=\"wp-image-1339\" srcset=\"https:\/\/tedenloesopreis.nl\/wp-content\/uploads\/2023\/10\/IMG_2622-1024x768.jpg 1024w, https:\/\/tedenloesopreis.nl\/wp-content\/uploads\/2023\/10\/IMG_2622-300x225.jpg 300w, https:\/\/tedenloesopreis.nl\/wp-content\/uploads\/2023\/10\/IMG_2622-768x576.jpg 768w, https:\/\/tedenloesopreis.nl\/wp-content\/uploads\/2023\/10\/IMG_2622-1536x1152.jpg 1536w, https:\/\/tedenloesopreis.nl\/wp-content\/uploads\/2023\/10\/IMG_2622-2048x1536.jpg 2048w\" sizes=\"auto, (max-width: 1024px) 100vw, 1024px\" \/><\/a><figcaption class=\"wp-element-caption\"><em>uitzicht vanaf de camping in Hilstad<\/em><\/figcaption><\/figure>\n<\/div>\n\n\n\n<div class=\"wp-block-column is-layout-flow wp-block-column-is-layout-flow\">\n<figure class=\"wp-block-image size-large\"><a href=\"https:\/\/tedenloesopreis.nl\/wp-content\/uploads\/2023\/10\/IMG_2621-scaled.jpg\" target=\"_blank\" rel=\"noreferrer noopener\"><img loading=\"lazy\" decoding=\"async\" width=\"1024\" height=\"768\" src=\"https:\/\/tedenloesopreis.nl\/wp-content\/uploads\/2023\/10\/IMG_2621-1024x768.jpg\" alt=\"\" class=\"wp-image-1340\" srcset=\"https:\/\/tedenloesopreis.nl\/wp-content\/uploads\/2023\/10\/IMG_2621-1024x768.jpg 1024w, https:\/\/tedenloesopreis.nl\/wp-content\/uploads\/2023\/10\/IMG_2621-300x225.jpg 300w, https:\/\/tedenloesopreis.nl\/wp-content\/uploads\/2023\/10\/IMG_2621-768x576.jpg 768w, https:\/\/tedenloesopreis.nl\/wp-content\/uploads\/2023\/10\/IMG_2621-1536x1152.jpg 1536w, https:\/\/tedenloesopreis.nl\/wp-content\/uploads\/2023\/10\/IMG_2621-2048x1536.jpg 2048w\" sizes=\"auto, (max-width: 1024px) 100vw, 1024px\" \/><\/a><figcaption class=\"wp-element-caption\"><em>op de camping in Hilstad<\/em><\/figcaption><\/figure>\n<\/div>\n<\/div>\n\n\n\n<div class=\"wp-block-columns is-layout-flex wp-container-core-columns-is-layout-9d6595d7 wp-block-columns-is-layout-flex\">\n<div class=\"wp-block-column is-layout-flow wp-block-column-is-layout-flow\" style=\"flex-basis:33.33%\"><\/div>\n\n\n\n<div class=\"wp-block-column is-layout-flow wp-block-column-is-layout-flow\" style=\"flex-basis:66.66%\">\n<p>Je kunt merken, dat het weer gaat veranderen. Het is inmiddels bewolkt, vooral op zee.&nbsp;<br>Morgen hebben we nog een rit op de &#8217;17&#8217;, daarna maken we even pas op de plaats.<br><br><\/p>\n<\/div>\n<\/div>\n\n\n\n<div class=\"wp-block-columns is-layout-flex wp-container-core-columns-is-layout-9d6595d7 wp-block-columns-is-layout-flex\">\n<div class=\"wp-block-column is-layout-flow wp-block-column-is-layout-flow\">\n<p><em><a href=\"https:\/\/tedenloesopreis.nl\/index.php\/2017-1-13-toch-maar-verder\/\">vorig verslag<br><\/a><\/em><br><br><br><br><br><br><br><br><br><br><br><br><br><br><br><br><br><br><br><br><br><br><br><br><br><br><br><br><br><\/p>\n<\/div>\n\n\n\n<div class=\"wp-block-column is-layout-flow wp-block-column-is-layout-flow\">\n<p class=\"has-text-align-center\"><em><a href=\"https:\/\/tedenloesopreis.nl\/index.php\/2017-1-00c-noordwaarts-2\/\">Noordwaarts 2<\/a><\/em><\/p>\n<\/div>\n\n\n\n<div class=\"wp-block-column is-layout-flow wp-block-column-is-layout-flow\">\n<p class=\"has-text-align-right\"><em><a href=\"https:\/\/tedenloesopreis.nl\/index.php\/2017-1-15-over-de-poolcirkel\/\">volgend verslag<\/a><\/em><\/p>\n<\/div>\n<\/div>\n","protected":false},"excerpt":{"rendered":"<p>Noorwegen 2017 &nbsp; &nbsp; &nbsp;dag 14 &nbsp; &nbsp; &nbsp;za 1 juli 2017 &nbsp; &nbsp; &nbsp; Torghatten &#8211; Hilstad &nbsp; &nbsp;&nbsp; &nbsp;210 km BOOT OP, BOOT AF Vandaag leggen [&hellip;]<\/p>\n","protected":false},"author":1,"featured_media":0,"parent":0,"menu_order":0,"comment_status":"closed","ping_status":"closed","template":"","meta":{"footnotes":""},"class_list":["post-1334","page","type-page","status-publish","hentry"],"_links":{"self":[{"href":"https:\/\/tedenloesopreis.nl\/index.php\/wp-json\/wp\/v2\/pages\/1334","targetHints":{"allow":["GET"]}}],"collection":[{"href":"https:\/\/tedenloesopreis.nl\/index.php\/wp-json\/wp\/v2\/pages"}],"about":[{"href":"https:\/\/tedenloesopreis.nl\/index.php\/wp-json\/wp\/v2\/types\/page"}],"author":[{"embeddable":true,"href":"https:\/\/tedenloesopreis.nl\/index.php\/wp-json\/wp\/v2\/users\/1"}],"replies":[{"embeddable":true,"href":"https:\/\/tedenloesopreis.nl\/index.php\/wp-json\/wp\/v2\/comments?post=1334"}],"version-history":[{"count":6,"href":"https:\/\/tedenloesopreis.nl\/index.php\/wp-json\/wp\/v2\/pages\/1334\/revisions"}],"predecessor-version":[{"id":2521,"href":"https:\/\/tedenloesopreis.nl\/index.php\/wp-json\/wp\/v2\/pages\/1334\/revisions\/2521"}],"wp:attachment":[{"href":"https:\/\/tedenloesopreis.nl\/index.php\/wp-json\/wp\/v2\/media?parent=1334"}],"curies":[{"name":"wp","href":"https:\/\/api.w.org\/{rel}","templated":true}]}}