{"id":1432,"date":"2023-10-24T15:25:42","date_gmt":"2023-10-24T15:25:42","guid":{"rendered":"https:\/\/tedenloesopreis.nl\/?page_id=1432"},"modified":"2023-10-29T14:30:23","modified_gmt":"2023-10-29T14:30:23","slug":"2017-1-21-naar-de-kerk","status":"publish","type":"page","link":"https:\/\/tedenloesopreis.nl\/index.php\/2017-1-21-naar-de-kerk\/","title":{"rendered":"2017-1-21-NAAR DE KERK"},"content":{"rendered":"\n<div class=\"wp-block-columns is-layout-flex wp-container-core-columns-is-layout-9d6595d7 wp-block-columns-is-layout-flex\">\n<div class=\"wp-block-column is-layout-flow wp-block-column-is-layout-flow\" style=\"flex-basis:33.33%\"><\/div>\n\n\n\n<div class=\"wp-block-column is-layout-flow wp-block-column-is-layout-flow\" style=\"flex-basis:66.66%\">\n<p><strong>Noorwegen 2017 &nbsp; &nbsp; &nbsp; dag 21 &nbsp; &nbsp; &nbsp; za 8 juli 2017 &nbsp; &nbsp; &nbsp; <\/strong><br><strong>Kabelv\u00e5g &nbsp; &nbsp; &nbsp;&nbsp;0 km<\/strong><br><br><\/p>\n<\/div>\n<\/div>\n\n\n\n<div class=\"wp-block-columns is-layout-flex wp-container-core-columns-is-layout-9d6595d7 wp-block-columns-is-layout-flex\">\n<div class=\"wp-block-column is-layout-flow wp-block-column-is-layout-flow\" style=\"flex-basis:33.33%\"><\/div>\n\n\n\n<div class=\"wp-block-column is-layout-flow wp-block-column-is-layout-flow\" style=\"flex-basis:66.66%\">\n<p style=\"font-size:22px\"><strong>NAAR DE KERK<\/strong><\/p>\n<\/div>\n<\/div>\n\n\n\n<div class=\"wp-block-columns is-layout-flex wp-container-core-columns-is-layout-9d6595d7 wp-block-columns-is-layout-flex\">\n<div class=\"wp-block-column is-layout-flow wp-block-column-is-layout-flow\" style=\"flex-basis:33.33%\"><\/div>\n\n\n\n<div class=\"wp-block-column is-layout-flow wp-block-column-is-layout-flow\" style=\"flex-basis:66.66%\">\n<p>We gaan op de fiets naar Kabelv\u00e5g. We bezoeken o.a de Lofotenkathedraal. Heel apart.<br><br>Tegen het einde van de vorige eeuw was Kabelv\u00e5g veruit de belangrijkste vissershaven van de Lofoten (nu is dat het naastliggende Svolv\u00e6r). Tijdens het seizoen verbleven er destijds wel 4000 vissers. Er was dus behoefte aan een flinke kerk. Volgens Noors gebruik is deze helemaal van hout gebouwd. Van binnen is de kerk gereformeerd sober, maar dat past prima bij zo&#8217;n houten kerk.<\/p>\n<\/div>\n<\/div>\n\n\n\n<div class=\"wp-block-columns is-layout-flex wp-container-core-columns-is-layout-9d6595d7 wp-block-columns-is-layout-flex\">\n<div class=\"wp-block-column is-layout-flow wp-block-column-is-layout-flow\"><\/div>\n\n\n\n<div class=\"wp-block-column is-layout-flow wp-block-column-is-layout-flow\">\n<figure class=\"wp-block-image size-large\"><a href=\"https:\/\/tedenloesopreis.nl\/wp-content\/uploads\/2023\/10\/IMG_2743-scaled.jpg\" target=\"_blank\" rel=\"noreferrer noopener\"><img loading=\"lazy\" decoding=\"async\" width=\"1024\" height=\"768\" src=\"https:\/\/tedenloesopreis.nl\/wp-content\/uploads\/2023\/10\/IMG_2743-1024x768.jpg\" alt=\"\" class=\"wp-image-1433\" srcset=\"https:\/\/tedenloesopreis.nl\/wp-content\/uploads\/2023\/10\/IMG_2743-1024x768.jpg 1024w, https:\/\/tedenloesopreis.nl\/wp-content\/uploads\/2023\/10\/IMG_2743-300x225.jpg 300w, https:\/\/tedenloesopreis.nl\/wp-content\/uploads\/2023\/10\/IMG_2743-768x576.jpg 768w, https:\/\/tedenloesopreis.nl\/wp-content\/uploads\/2023\/10\/IMG_2743-1536x1152.jpg 1536w, https:\/\/tedenloesopreis.nl\/wp-content\/uploads\/2023\/10\/IMG_2743-2048x1536.jpg 2048w\" sizes=\"auto, (max-width: 1024px) 100vw, 1024px\" \/><\/a><figcaption class=\"wp-element-caption\"><em>de Lofotenkathedraal<\/em><\/figcaption><\/figure>\n<\/div>\n\n\n\n<div class=\"wp-block-column is-layout-flow wp-block-column-is-layout-flow\">\n<figure class=\"wp-block-image size-large\"><a href=\"https:\/\/tedenloesopreis.nl\/wp-content\/uploads\/2023\/10\/IMG_2746-scaled.jpg\" target=\"_blank\" rel=\"noreferrer noopener\"><img loading=\"lazy\" decoding=\"async\" width=\"768\" height=\"1024\" src=\"https:\/\/tedenloesopreis.nl\/wp-content\/uploads\/2023\/10\/IMG_2746-768x1024.jpg\" alt=\"\" class=\"wp-image-1434\" srcset=\"https:\/\/tedenloesopreis.nl\/wp-content\/uploads\/2023\/10\/IMG_2746-768x1024.jpg 768w, https:\/\/tedenloesopreis.nl\/wp-content\/uploads\/2023\/10\/IMG_2746-225x300.jpg 225w, https:\/\/tedenloesopreis.nl\/wp-content\/uploads\/2023\/10\/IMG_2746-1152x1536.jpg 1152w, https:\/\/tedenloesopreis.nl\/wp-content\/uploads\/2023\/10\/IMG_2746-1536x2048.jpg 1536w, https:\/\/tedenloesopreis.nl\/wp-content\/uploads\/2023\/10\/IMG_2746-scaled.jpg 1920w\" sizes=\"auto, (max-width: 768px) 100vw, 768px\" \/><\/a><figcaption class=\"wp-element-caption\"><em>de Lofotenkathedraal<\/em><\/figcaption><\/figure>\n<\/div>\n<\/div>\n\n\n\n<div class=\"wp-block-columns is-layout-flex wp-container-core-columns-is-layout-9d6595d7 wp-block-columns-is-layout-flex\">\n<div class=\"wp-block-column is-layout-flow wp-block-column-is-layout-flow\"><\/div>\n\n\n\n<div class=\"wp-block-column is-layout-flow wp-block-column-is-layout-flow\">\n<figure class=\"wp-block-image size-large\"><a href=\"https:\/\/tedenloesopreis.nl\/wp-content\/uploads\/2023\/10\/IMG_2744-scaled.jpg\" target=\"_blank\" rel=\"noreferrer noopener\"><img loading=\"lazy\" decoding=\"async\" width=\"768\" height=\"1024\" src=\"https:\/\/tedenloesopreis.nl\/wp-content\/uploads\/2023\/10\/IMG_2744-768x1024.jpg\" alt=\"\" class=\"wp-image-1435\" srcset=\"https:\/\/tedenloesopreis.nl\/wp-content\/uploads\/2023\/10\/IMG_2744-768x1024.jpg 768w, https:\/\/tedenloesopreis.nl\/wp-content\/uploads\/2023\/10\/IMG_2744-225x300.jpg 225w, https:\/\/tedenloesopreis.nl\/wp-content\/uploads\/2023\/10\/IMG_2744-1152x1536.jpg 1152w, https:\/\/tedenloesopreis.nl\/wp-content\/uploads\/2023\/10\/IMG_2744-1536x2048.jpg 1536w, https:\/\/tedenloesopreis.nl\/wp-content\/uploads\/2023\/10\/IMG_2744-scaled.jpg 1920w\" sizes=\"auto, (max-width: 768px) 100vw, 768px\" \/><\/a><figcaption class=\"wp-element-caption\"><em>de Lofotenkathedraal<\/em><\/figcaption><\/figure>\n<\/div>\n\n\n\n<div class=\"wp-block-column is-layout-flow wp-block-column-is-layout-flow\">\n<figure class=\"wp-block-image size-large\"><a href=\"https:\/\/tedenloesopreis.nl\/wp-content\/uploads\/2023\/10\/IMG_2745-scaled.jpg\" target=\"_blank\" rel=\"noreferrer noopener\"><img loading=\"lazy\" decoding=\"async\" width=\"1024\" height=\"768\" src=\"https:\/\/tedenloesopreis.nl\/wp-content\/uploads\/2023\/10\/IMG_2745-1024x768.jpg\" alt=\"\" class=\"wp-image-1436\" srcset=\"https:\/\/tedenloesopreis.nl\/wp-content\/uploads\/2023\/10\/IMG_2745-1024x768.jpg 1024w, https:\/\/tedenloesopreis.nl\/wp-content\/uploads\/2023\/10\/IMG_2745-300x225.jpg 300w, https:\/\/tedenloesopreis.nl\/wp-content\/uploads\/2023\/10\/IMG_2745-768x576.jpg 768w, https:\/\/tedenloesopreis.nl\/wp-content\/uploads\/2023\/10\/IMG_2745-1536x1152.jpg 1536w, https:\/\/tedenloesopreis.nl\/wp-content\/uploads\/2023\/10\/IMG_2745-2048x1536.jpg 2048w\" sizes=\"auto, (max-width: 1024px) 100vw, 1024px\" \/><\/a><figcaption class=\"wp-element-caption\"><em>de Lofotenkathedraal<\/em><\/figcaption><\/figure>\n<\/div>\n<\/div>\n\n\n\n<div class=\"wp-block-columns is-layout-flex wp-container-core-columns-is-layout-9d6595d7 wp-block-columns-is-layout-flex\">\n<div class=\"wp-block-column is-layout-flow wp-block-column-is-layout-flow\" style=\"flex-basis:33.33%\"><\/div>\n\n\n\n<div class=\"wp-block-column is-layout-flow wp-block-column-is-layout-flow\" style=\"flex-basis:66.66%\">\n<p>Morgen gaan we weer verder. Waarheen? Dat weten we nog niet zeker.<br><br><\/p>\n<\/div>\n<\/div>\n\n\n\n<div class=\"wp-block-columns is-layout-flex wp-container-core-columns-is-layout-9d6595d7 wp-block-columns-is-layout-flex\">\n<div class=\"wp-block-column is-layout-flow wp-block-column-is-layout-flow\">\n<p class=\"has-text-align-left\"><em><a href=\"https:\/\/tedenloesopreis.nl\/index.php\/2017-1-20-rustdag-kabelvag\/\">vorig verslag<br><\/a><\/em><br><br><br><br><br><br><br><br><br><br><br><br><br><br><br><br><br><br><br><br><br><br><br><br><br><br><br><br><br><\/p>\n<\/div>\n\n\n\n<div class=\"wp-block-column is-layout-flow wp-block-column-is-layout-flow\">\n<p class=\"has-text-align-center\"><em><a href=\"https:\/\/tedenloesopreis.nl\/index.php\/2017-1-00d-lofoten\/\">Lofoten<\/a><\/em><\/p>\n<\/div>\n\n\n\n<div class=\"wp-block-column is-layout-flow wp-block-column-is-layout-flow\">\n<p class=\"has-text-align-right\"><em><a href=\"https:\/\/tedenloesopreis.nl\/index.php\/2017-1-22-afscheid-van-de-lofoten\/\">volgend verslag<\/a><\/em><\/p>\n<\/div>\n<\/div>\n","protected":false},"excerpt":{"rendered":"<p>Noorwegen 2017 &nbsp; &nbsp; &nbsp; dag 21 &nbsp; &nbsp; &nbsp; za 8 juli 2017 &nbsp; &nbsp; &nbsp; Kabelv\u00e5g &nbsp; &nbsp; &nbsp;&nbsp;0 km NAAR DE KERK We gaan op [&hellip;]<\/p>\n","protected":false},"author":1,"featured_media":0,"parent":0,"menu_order":0,"comment_status":"closed","ping_status":"closed","template":"","meta":{"footnotes":""},"class_list":["post-1432","page","type-page","status-publish","hentry"],"_links":{"self":[{"href":"https:\/\/tedenloesopreis.nl\/index.php\/wp-json\/wp\/v2\/pages\/1432","targetHints":{"allow":["GET"]}}],"collection":[{"href":"https:\/\/tedenloesopreis.nl\/index.php\/wp-json\/wp\/v2\/pages"}],"about":[{"href":"https:\/\/tedenloesopreis.nl\/index.php\/wp-json\/wp\/v2\/types\/page"}],"author":[{"embeddable":true,"href":"https:\/\/tedenloesopreis.nl\/index.php\/wp-json\/wp\/v2\/users\/1"}],"replies":[{"embeddable":true,"href":"https:\/\/tedenloesopreis.nl\/index.php\/wp-json\/wp\/v2\/comments?post=1432"}],"version-history":[{"count":6,"href":"https:\/\/tedenloesopreis.nl\/index.php\/wp-json\/wp\/v2\/pages\/1432\/revisions"}],"predecessor-version":[{"id":2535,"href":"https:\/\/tedenloesopreis.nl\/index.php\/wp-json\/wp\/v2\/pages\/1432\/revisions\/2535"}],"wp:attachment":[{"href":"https:\/\/tedenloesopreis.nl\/index.php\/wp-json\/wp\/v2\/media?parent=1432"}],"curies":[{"name":"wp","href":"https:\/\/api.w.org\/{rel}","templated":true}]}}