{"id":1779,"date":"2023-10-26T21:13:54","date_gmt":"2023-10-26T21:13:54","guid":{"rendered":"https:\/\/tedenloesopreis.nl\/?page_id=1779"},"modified":"2023-10-29T14:50:11","modified_gmt":"2023-10-29T14:50:11","slug":"2017-1-46-fietsen-in-kopenhagen","status":"publish","type":"page","link":"https:\/\/tedenloesopreis.nl\/index.php\/2017-1-46-fietsen-in-kopenhagen\/","title":{"rendered":"2017-1-46-FIETSEN IN KOPENHAGEN"},"content":{"rendered":"\n<div class=\"wp-block-columns is-layout-flex wp-container-core-columns-is-layout-9d6595d7 wp-block-columns-is-layout-flex\">\n<div class=\"wp-block-column is-layout-flow wp-block-column-is-layout-flow\" style=\"flex-basis:33.33%\"><\/div>\n\n\n\n<div class=\"wp-block-column is-layout-flow wp-block-column-is-layout-flow\" style=\"flex-basis:66.66%\">\n<p><strong>Noorwegen 2017 &nbsp; &nbsp; &nbsp;&nbsp;dag 46 &nbsp; &nbsp;&nbsp; &nbsp;wo 2 augustus 2017 &nbsp; &nbsp;&nbsp; &nbsp;<\/strong><br><strong>rustdag Kopenhagen &nbsp; &nbsp; &nbsp;&nbsp;0 km<br><\/strong><br><\/p>\n<\/div>\n<\/div>\n\n\n\n<div class=\"wp-block-columns is-layout-flex wp-container-core-columns-is-layout-9d6595d7 wp-block-columns-is-layout-flex\">\n<div class=\"wp-block-column is-layout-flow wp-block-column-is-layout-flow\" style=\"flex-basis:33.33%\"><\/div>\n\n\n\n<div class=\"wp-block-column is-layout-flow wp-block-column-is-layout-flow\" style=\"flex-basis:66.66%\">\n<p style=\"font-size:22px\"><strong>FIETSEN IN KOPENHAGEN<\/strong><\/p>\n<\/div>\n<\/div>\n\n\n\n<div style=\"height:25px\" aria-hidden=\"true\" class=\"wp-block-spacer\"><\/div>\n\n\n\n<div class=\"wp-block-columns is-layout-flex wp-container-core-columns-is-layout-9d6595d7 wp-block-columns-is-layout-flex\">\n<div class=\"wp-block-column is-layout-flow wp-block-column-is-layout-flow\" style=\"flex-basis:33.33%\"><\/div>\n\n\n\n<div class=\"wp-block-column is-layout-flow wp-block-column-is-layout-flow\" style=\"flex-basis:66.66%\">\n<p>Allereerst: Kopenhagen is een prettige stad voor fietsers. Overal vind je fietspaden. Het is ook heel gewoon om over de stoep te fietsen, als er geen fietspad is.<br>Vanaf de camping is het 8 km tot aan de rand van het centrum. Je kunt niet verdwalen, wat het is \u00e9\u00e9n rechte weg (via Riskildevej en Vesterbrogade naar R\u00e5dhuspladsen). <br>In het centrum hebben we bijna elk straatje en pleintje &#8216;gehad&#8217; (da&#8217;s het fijne van fietsen). Natuurlijk gaan wij naar Den Lille Havfrau en bezoeken we een terrasje aan de Nyhavn.<\/p>\n<\/div>\n<\/div>\n\n\n\n<div class=\"wp-block-columns is-layout-flex wp-container-core-columns-is-layout-9d6595d7 wp-block-columns-is-layout-flex\">\n<div class=\"wp-block-column is-layout-flow wp-block-column-is-layout-flow\">\n<figure class=\"wp-block-image size-large\"><a href=\"https:\/\/tedenloesopreis.nl\/wp-content\/uploads\/2023\/10\/IMG_3418-scaled.jpg\" target=\"_blank\" rel=\"noreferrer noopener\"><img loading=\"lazy\" decoding=\"async\" width=\"1024\" height=\"768\" src=\"https:\/\/tedenloesopreis.nl\/wp-content\/uploads\/2023\/10\/IMG_3418-1024x768.jpg\" alt=\"\" class=\"wp-image-1784\" srcset=\"https:\/\/tedenloesopreis.nl\/wp-content\/uploads\/2023\/10\/IMG_3418-1024x768.jpg 1024w, https:\/\/tedenloesopreis.nl\/wp-content\/uploads\/2023\/10\/IMG_3418-300x225.jpg 300w, https:\/\/tedenloesopreis.nl\/wp-content\/uploads\/2023\/10\/IMG_3418-768x576.jpg 768w, https:\/\/tedenloesopreis.nl\/wp-content\/uploads\/2023\/10\/IMG_3418-1536x1152.jpg 1536w, https:\/\/tedenloesopreis.nl\/wp-content\/uploads\/2023\/10\/IMG_3418-2048x1536.jpg 2048w\" sizes=\"auto, (max-width: 1024px) 100vw, 1024px\" \/><\/a><figcaption class=\"wp-element-caption\"><em>Christiansborg Slot<\/em><\/figcaption><\/figure>\n<\/div>\n\n\n\n<div class=\"wp-block-column is-layout-flow wp-block-column-is-layout-flow\">\n<figure class=\"wp-block-image size-large\"><a href=\"https:\/\/tedenloesopreis.nl\/wp-content\/uploads\/2023\/10\/IMG_3419-scaled.jpg\" target=\"_blank\" rel=\"noreferrer noopener\"><img loading=\"lazy\" decoding=\"async\" width=\"1024\" height=\"768\" src=\"https:\/\/tedenloesopreis.nl\/wp-content\/uploads\/2023\/10\/IMG_3419-1024x768.jpg\" alt=\"\" class=\"wp-image-1785\" srcset=\"https:\/\/tedenloesopreis.nl\/wp-content\/uploads\/2023\/10\/IMG_3419-1024x768.jpg 1024w, https:\/\/tedenloesopreis.nl\/wp-content\/uploads\/2023\/10\/IMG_3419-300x225.jpg 300w, https:\/\/tedenloesopreis.nl\/wp-content\/uploads\/2023\/10\/IMG_3419-768x576.jpg 768w, https:\/\/tedenloesopreis.nl\/wp-content\/uploads\/2023\/10\/IMG_3419-1536x1152.jpg 1536w, https:\/\/tedenloesopreis.nl\/wp-content\/uploads\/2023\/10\/IMG_3419-2048x1536.jpg 2048w\" sizes=\"auto, (max-width: 1024px) 100vw, 1024px\" \/><\/a><figcaption class=\"wp-element-caption\"><em>Nyhavn<\/em><\/figcaption><\/figure>\n<\/div>\n\n\n\n<div class=\"wp-block-column is-layout-flow wp-block-column-is-layout-flow\">\n<figure class=\"wp-block-image size-large\"><a href=\"https:\/\/tedenloesopreis.nl\/wp-content\/uploads\/2023\/10\/IMG_3422-scaled.jpg\" target=\"_blank\" rel=\"noreferrer noopener\"><img loading=\"lazy\" decoding=\"async\" width=\"1024\" height=\"768\" src=\"https:\/\/tedenloesopreis.nl\/wp-content\/uploads\/2023\/10\/IMG_3422-1024x768.jpg\" alt=\"\" class=\"wp-image-1786\" srcset=\"https:\/\/tedenloesopreis.nl\/wp-content\/uploads\/2023\/10\/IMG_3422-1024x768.jpg 1024w, https:\/\/tedenloesopreis.nl\/wp-content\/uploads\/2023\/10\/IMG_3422-300x225.jpg 300w, https:\/\/tedenloesopreis.nl\/wp-content\/uploads\/2023\/10\/IMG_3422-768x576.jpg 768w, https:\/\/tedenloesopreis.nl\/wp-content\/uploads\/2023\/10\/IMG_3422-1536x1152.jpg 1536w, https:\/\/tedenloesopreis.nl\/wp-content\/uploads\/2023\/10\/IMG_3422-2048x1536.jpg 2048w\" sizes=\"auto, (max-width: 1024px) 100vw, 1024px\" \/><\/a><figcaption class=\"wp-element-caption\"><em>Amalienborg<\/em><\/figcaption><\/figure>\n<\/div>\n<\/div>\n\n\n\n<div class=\"wp-block-columns is-layout-flex wp-container-core-columns-is-layout-9d6595d7 wp-block-columns-is-layout-flex\">\n<div class=\"wp-block-column is-layout-flow wp-block-column-is-layout-flow\">\n<figure class=\"wp-block-image size-large\"><a href=\"https:\/\/tedenloesopreis.nl\/wp-content\/uploads\/2023\/10\/IMG_3424-scaled.jpg\" target=\"_blank\" rel=\"noreferrer noopener\"><img loading=\"lazy\" decoding=\"async\" width=\"768\" height=\"1024\" src=\"https:\/\/tedenloesopreis.nl\/wp-content\/uploads\/2023\/10\/IMG_3424-768x1024.jpg\" alt=\"\" class=\"wp-image-1787\" srcset=\"https:\/\/tedenloesopreis.nl\/wp-content\/uploads\/2023\/10\/IMG_3424-768x1024.jpg 768w, https:\/\/tedenloesopreis.nl\/wp-content\/uploads\/2023\/10\/IMG_3424-225x300.jpg 225w, https:\/\/tedenloesopreis.nl\/wp-content\/uploads\/2023\/10\/IMG_3424-1152x1536.jpg 1152w, https:\/\/tedenloesopreis.nl\/wp-content\/uploads\/2023\/10\/IMG_3424-1536x2048.jpg 1536w, https:\/\/tedenloesopreis.nl\/wp-content\/uploads\/2023\/10\/IMG_3424-scaled.jpg 1920w\" sizes=\"auto, (max-width: 768px) 100vw, 768px\" \/><\/a><figcaption class=\"wp-element-caption\"><em>de Kleine Zeemeermin<\/em><\/figcaption><\/figure>\n<\/div>\n\n\n\n<div class=\"wp-block-column is-layout-flow wp-block-column-is-layout-flow\">\n<figure class=\"wp-block-image size-large\"><a href=\"https:\/\/tedenloesopreis.nl\/wp-content\/uploads\/2023\/10\/IMG_3426-scaled.jpg\" target=\"_blank\" rel=\"noreferrer noopener\"><img loading=\"lazy\" decoding=\"async\" width=\"1024\" height=\"768\" src=\"https:\/\/tedenloesopreis.nl\/wp-content\/uploads\/2023\/10\/IMG_3426-1024x768.jpg\" alt=\"\" class=\"wp-image-1788\" srcset=\"https:\/\/tedenloesopreis.nl\/wp-content\/uploads\/2023\/10\/IMG_3426-1024x768.jpg 1024w, https:\/\/tedenloesopreis.nl\/wp-content\/uploads\/2023\/10\/IMG_3426-300x225.jpg 300w, https:\/\/tedenloesopreis.nl\/wp-content\/uploads\/2023\/10\/IMG_3426-768x576.jpg 768w, https:\/\/tedenloesopreis.nl\/wp-content\/uploads\/2023\/10\/IMG_3426-1536x1152.jpg 1536w, https:\/\/tedenloesopreis.nl\/wp-content\/uploads\/2023\/10\/IMG_3426-2048x1536.jpg 2048w\" sizes=\"auto, (max-width: 1024px) 100vw, 1024px\" \/><\/a><figcaption class=\"wp-element-caption\"><em>het kasteel<\/em><\/figcaption><\/figure>\n<\/div>\n\n\n\n<div class=\"wp-block-column is-layout-flow wp-block-column-is-layout-flow\">\n<figure class=\"wp-block-image size-large\"><a href=\"https:\/\/tedenloesopreis.nl\/wp-content\/uploads\/2023\/10\/IMG_3429-scaled.jpg\" target=\"_blank\" rel=\"noreferrer noopener\"><img loading=\"lazy\" decoding=\"async\" width=\"768\" height=\"1024\" src=\"https:\/\/tedenloesopreis.nl\/wp-content\/uploads\/2023\/10\/IMG_3429-768x1024.jpg\" alt=\"\" class=\"wp-image-1789\" srcset=\"https:\/\/tedenloesopreis.nl\/wp-content\/uploads\/2023\/10\/IMG_3429-768x1024.jpg 768w, https:\/\/tedenloesopreis.nl\/wp-content\/uploads\/2023\/10\/IMG_3429-225x300.jpg 225w, https:\/\/tedenloesopreis.nl\/wp-content\/uploads\/2023\/10\/IMG_3429-1152x1536.jpg 1152w, https:\/\/tedenloesopreis.nl\/wp-content\/uploads\/2023\/10\/IMG_3429-1536x2048.jpg 1536w, https:\/\/tedenloesopreis.nl\/wp-content\/uploads\/2023\/10\/IMG_3429-scaled.jpg 1920w\" sizes=\"auto, (max-width: 768px) 100vw, 768px\" \/><\/a><figcaption class=\"wp-element-caption\"><em>Christiania<\/em><\/figcaption><\/figure>\n<\/div>\n<\/div>\n\n\n\n<div class=\"wp-block-columns is-layout-flex wp-container-core-columns-is-layout-9d6595d7 wp-block-columns-is-layout-flex\">\n<div class=\"wp-block-column is-layout-flow wp-block-column-is-layout-flow\" style=\"flex-basis:33.33%\"><\/div>\n\n\n\n<div class=\"wp-block-column is-layout-flow wp-block-column-is-layout-flow\" style=\"flex-basis:66.66%\">\n<p>Morgen hebben we nog een rustdag.<br><br><\/p>\n<\/div>\n<\/div>\n\n\n\n<div class=\"wp-block-columns is-layout-flex wp-container-core-columns-is-layout-9d6595d7 wp-block-columns-is-layout-flex\">\n<div class=\"wp-block-column is-layout-flow wp-block-column-is-layout-flow\">\n<p><em><a href=\"https:\/\/tedenloesopreis.nl\/index.php\/2017-1-45-weer-in-denemarken\/\">vorig verslag<br><\/a><\/em><br><br><br><br><br><br><br><br><br><br><br><br><br><br><br><br><br><br><br><br><br><br><br><br><br><br><br><br><br><br><\/p>\n<\/div>\n\n\n\n<div class=\"wp-block-column is-layout-flow wp-block-column-is-layout-flow\">\n<p class=\"has-text-align-center\"><em><a href=\"https:\/\/tedenloesopreis.nl\/index.php\/2017-1-00h-zuidwaarts-3\/\">Zuidwaarts 4<\/a><\/em><\/p>\n<\/div>\n\n\n\n<div class=\"wp-block-column is-layout-flow wp-block-column-is-layout-flow\">\n<p class=\"has-text-align-right\"><em><a href=\"https:\/\/tedenloesopreis.nl\/index.php\/2017-1-47-laatste-rustdag\/\">volgend verslag<\/a><\/em><\/p>\n<\/div>\n<\/div>\n","protected":false},"excerpt":{"rendered":"<p>Noorwegen 2017 &nbsp; &nbsp; &nbsp;&nbsp;dag 46 &nbsp; &nbsp;&nbsp; &nbsp;wo 2 augustus 2017 &nbsp; &nbsp;&nbsp; &nbsp;rustdag Kopenhagen &nbsp; &nbsp; &nbsp;&nbsp;0 km FIETSEN IN KOPENHAGEN Allereerst: Kopenhagen is een prettige [&hellip;]<\/p>\n","protected":false},"author":1,"featured_media":0,"parent":0,"menu_order":0,"comment_status":"closed","ping_status":"closed","template":"","meta":{"footnotes":""},"class_list":["post-1779","page","type-page","status-publish","hentry"],"_links":{"self":[{"href":"https:\/\/tedenloesopreis.nl\/index.php\/wp-json\/wp\/v2\/pages\/1779","targetHints":{"allow":["GET"]}}],"collection":[{"href":"https:\/\/tedenloesopreis.nl\/index.php\/wp-json\/wp\/v2\/pages"}],"about":[{"href":"https:\/\/tedenloesopreis.nl\/index.php\/wp-json\/wp\/v2\/types\/page"}],"author":[{"embeddable":true,"href":"https:\/\/tedenloesopreis.nl\/index.php\/wp-json\/wp\/v2\/users\/1"}],"replies":[{"embeddable":true,"href":"https:\/\/tedenloesopreis.nl\/index.php\/wp-json\/wp\/v2\/comments?post=1779"}],"version-history":[{"count":9,"href":"https:\/\/tedenloesopreis.nl\/index.php\/wp-json\/wp\/v2\/pages\/1779\/revisions"}],"predecessor-version":[{"id":2585,"href":"https:\/\/tedenloesopreis.nl\/index.php\/wp-json\/wp\/v2\/pages\/1779\/revisions\/2585"}],"wp:attachment":[{"href":"https:\/\/tedenloesopreis.nl\/index.php\/wp-json\/wp\/v2\/media?parent=1779"}],"curies":[{"name":"wp","href":"https:\/\/api.w.org\/{rel}","templated":true}]}}