{"id":4668,"date":"2023-11-08T20:35:20","date_gmt":"2023-11-08T20:35:20","guid":{"rendered":"https:\/\/tedenloesopreis.nl\/?page_id=4668"},"modified":"2023-11-08T20:49:23","modified_gmt":"2023-11-08T20:49:23","slug":"2020-2-04-naar-de-bourgogne","status":"publish","type":"page","link":"https:\/\/tedenloesopreis.nl\/index.php\/2020-2-04-naar-de-bourgogne\/","title":{"rendered":"2020-2-04-NAAR DE BOURGOGNE"},"content":{"rendered":"\n<div class=\"wp-block-columns is-layout-flex wp-container-core-columns-is-layout-9d6595d7 wp-block-columns-is-layout-flex\">\n<div class=\"wp-block-column is-layout-flow wp-block-column-is-layout-flow\" style=\"flex-basis:33.33%\"><\/div>\n\n\n\n<div class=\"wp-block-column is-layout-flow wp-block-column-is-layout-flow\" style=\"flex-basis:66.66%\">\n<p><strong>Noord-Duitsland 2020 &nbsp; &nbsp; &nbsp; dag 4 &nbsp; &nbsp; &nbsp; do 27 augustus 2020 &nbsp; &nbsp; &nbsp; <\/strong><br><strong><a href=\"https:\/\/www.google.com\/maps\/d\/edit?mid=1jchCwDXN9H-NfSE2uKofGDAtMxtfv2Nk&amp;ll=47.14811725042071%2C5.612409303452366&amp;z=9\" target=\"_blank\" rel=\"noreferrer noopener\">Altkirch &#8211; Cormatin<\/a> &nbsp; &nbsp; &nbsp; 303 km<br><\/strong><br><\/p>\n<\/div>\n<\/div>\n\n\n\n<div class=\"wp-block-columns is-layout-flex wp-container-core-columns-is-layout-9d6595d7 wp-block-columns-is-layout-flex\">\n<div class=\"wp-block-column is-layout-flow wp-block-column-is-layout-flow\" style=\"flex-basis:33.33%\"><\/div>\n\n\n\n<div class=\"wp-block-column is-layout-flow wp-block-column-is-layout-flow\" style=\"flex-basis:66.66%\">\n<p style=\"font-size:22px\"><strong>NAAR DE BOURGOGNE<\/strong><\/p>\n<\/div>\n<\/div>\n\n\n\n<div style=\"height:25px\" aria-hidden=\"true\" class=\"wp-block-spacer\"><\/div>\n\n\n\n<div class=\"wp-block-columns is-layout-flex wp-container-core-columns-is-layout-9d6595d7 wp-block-columns-is-layout-flex\">\n<div class=\"wp-block-column is-layout-flow wp-block-column-is-layout-flow\" style=\"flex-basis:33.33%\">\n<figure class=\"wp-block-image size-large\"><a href=\"https:\/\/tedenloesopreis.nl\/wp-content\/uploads\/2023\/11\/IMG_1558.webp\" target=\"_blank\" rel=\"noreferrer noopener\"><img loading=\"lazy\" decoding=\"async\" width=\"1024\" height=\"768\" src=\"https:\/\/tedenloesopreis.nl\/wp-content\/uploads\/2023\/11\/IMG_1558-1024x768.webp\" alt=\"\" class=\"wp-image-4669\" srcset=\"https:\/\/tedenloesopreis.nl\/wp-content\/uploads\/2023\/11\/IMG_1558-1024x768.webp 1024w, https:\/\/tedenloesopreis.nl\/wp-content\/uploads\/2023\/11\/IMG_1558-300x225.webp 300w, https:\/\/tedenloesopreis.nl\/wp-content\/uploads\/2023\/11\/IMG_1558-768x576.webp 768w, https:\/\/tedenloesopreis.nl\/wp-content\/uploads\/2023\/11\/IMG_1558-1536x1152.webp 1536w, https:\/\/tedenloesopreis.nl\/wp-content\/uploads\/2023\/11\/IMG_1558.webp 1920w\" sizes=\"auto, (max-width: 1024px) 100vw, 1024px\" \/><\/a><figcaption class=\"wp-element-caption\"><em>op de camping in Cormatin<\/em><\/figcaption><\/figure>\n<\/div>\n\n\n\n<div class=\"wp-block-column is-layout-flow wp-block-column-is-layout-flow\" style=\"flex-basis:66.66%\">\n<p>Vandaag is een reisdag. Na een rit van 303 km (over Belfort &#8211; Vesoul &#8211; Dole &#8211; Chalon-sur-Sa\u00f4ne) komen we aan in Cormatin. Dat plaatsje ligt aan de voie verte tussen Chalons-sur-Sa\u00f4ne en Macon. Een voie verte is een fietsroute die doorgaans is aangelegd op oude spoorwegtrac\u00e9\u2019s. Cormatin ligt ongeveer halverwege, dus we kunnen de route in twee richtingen verkennen. De <a href=\"https:\/\/www.campercontact.com\/nl\/frankrijk\/bourgogne-franche-comte\/cormatin\/48843\/camping-le-hameau-des-champs-te-cormatin\" target=\"_blank\" rel=\"noreferrer noopener\">camping<\/a> ligt bijna direct aan de voie verte.<\/p>\n\n\n\n<p>Het is vandaag met 30\u00b0C een beetje aan de warme kant, maar met de airco ingeschakeld merk je daar tijdens het rijden niet zo veel van. Morgen krijgen we hier een beetje last van dezelfde depressie als jullie in Nederland (en Belgi\u00eb!). We zien wel. Een extra rustdag is niet zo\u2019n ramp.&nbsp;<\/p>\n\n\n\n<p>Tot slot: klaagden we gisteren over het gebrek aan desinfectie van de winkelwagentjes, vandaag zien we het andere uiterste bij de receptie van de camping; de mevrouw aan de receptie geeft mij mijn kampeercarnet (een soort identiteitsbewijs) terug in een doek nadat ze dat carnet in die doek met een spray heeft gedesinfecteerd; ook worden de knoppen van de pinautomaat gedesinfecteerd voordat ik mijn pincode invoer.<br><br><\/p>\n<\/div>\n<\/div>\n\n\n\n<div class=\"wp-block-columns is-layout-flex wp-container-core-columns-is-layout-9d6595d7 wp-block-columns-is-layout-flex\">\n<div class=\"wp-block-column is-layout-flow wp-block-column-is-layout-flow\">\n<p><em><a href=\"https:\/\/tedenloesopreis.nl\/index.php\/2020-2-03-alleen-op-de-wereld\/\">vorig verslag<br><\/a><\/em><br><br><br><br><br><br><br><br><br><br><br><br><br><br><br><br><br><br><br><br><br><br><br><br><br><br><br><br><br><\/p>\n<\/div>\n\n\n\n<div class=\"wp-block-column is-layout-flow wp-block-column-is-layout-flow\">\n<p class=\"has-text-align-center\"><em><a href=\"https:\/\/tedenloesopreis.nl\/index.php\/2020-2-00b-deel-1-frans-avontuurtje\/\">Frans avontuurtje<\/a><\/em><\/p>\n<\/div>\n\n\n\n<div class=\"wp-block-column is-layout-flow wp-block-column-is-layout-flow\">\n<p class=\"has-text-align-right\"><em><a href=\"https:\/\/tedenloesopreis.nl\/index.php\/2020-2-05-frankrijk-verkleurt-snel\/\">volgend verslag<\/a><\/em><\/p>\n<\/div>\n<\/div>\n","protected":false},"excerpt":{"rendered":"<p>Noord-Duitsland 2020 &nbsp; &nbsp; &nbsp; dag 4 &nbsp; &nbsp; &nbsp; do 27 augustus 2020 &nbsp; &nbsp; &nbsp; Altkirch &#8211; Cormatin &nbsp; &nbsp; &nbsp; 303 km NAAR DE BOURGOGNE [&hellip;]<\/p>\n","protected":false},"author":1,"featured_media":0,"parent":0,"menu_order":0,"comment_status":"closed","ping_status":"closed","template":"","meta":{"footnotes":""},"class_list":["post-4668","page","type-page","status-publish","hentry"],"_links":{"self":[{"href":"https:\/\/tedenloesopreis.nl\/index.php\/wp-json\/wp\/v2\/pages\/4668","targetHints":{"allow":["GET"]}}],"collection":[{"href":"https:\/\/tedenloesopreis.nl\/index.php\/wp-json\/wp\/v2\/pages"}],"about":[{"href":"https:\/\/tedenloesopreis.nl\/index.php\/wp-json\/wp\/v2\/types\/page"}],"author":[{"embeddable":true,"href":"https:\/\/tedenloesopreis.nl\/index.php\/wp-json\/wp\/v2\/users\/1"}],"replies":[{"embeddable":true,"href":"https:\/\/tedenloesopreis.nl\/index.php\/wp-json\/wp\/v2\/comments?post=4668"}],"version-history":[{"count":3,"href":"https:\/\/tedenloesopreis.nl\/index.php\/wp-json\/wp\/v2\/pages\/4668\/revisions"}],"predecessor-version":[{"id":4683,"href":"https:\/\/tedenloesopreis.nl\/index.php\/wp-json\/wp\/v2\/pages\/4668\/revisions\/4683"}],"wp:attachment":[{"href":"https:\/\/tedenloesopreis.nl\/index.php\/wp-json\/wp\/v2\/media?parent=4668"}],"curies":[{"name":"wp","href":"https:\/\/api.w.org\/{rel}","templated":true}]}}