{"id":4743,"date":"2023-11-08T22:48:21","date_gmt":"2023-11-08T22:48:21","guid":{"rendered":"https:\/\/tedenloesopreis.nl\/?page_id=4743"},"modified":"2023-11-08T23:31:21","modified_gmt":"2023-11-08T23:31:21","slug":"2020-2-11-hier-waren-we-al-eerder","status":"publish","type":"page","link":"https:\/\/tedenloesopreis.nl\/index.php\/2020-2-11-hier-waren-we-al-eerder\/","title":{"rendered":"2020-2-11-HIER WAREN WE AL EERDER"},"content":{"rendered":"\n<div class=\"wp-block-columns is-layout-flex wp-container-core-columns-is-layout-9d6595d7 wp-block-columns-is-layout-flex\">\n<div class=\"wp-block-column is-layout-flow wp-block-column-is-layout-flow\" style=\"flex-basis:33.33%\"><\/div>\n\n\n\n<div class=\"wp-block-column is-layout-flow wp-block-column-is-layout-flow\" style=\"flex-basis:66.66%\">\n<p><strong>Noord-Duitsland 2020 &nbsp; &nbsp; &nbsp; dag 11 &nbsp; &nbsp; &nbsp; do 3 september 2020 &nbsp; &nbsp; &nbsp; <\/strong><br><strong><a href=\"https:\/\/www.google.com\/maps\/d\/edit?mid=1IolpddjJuzaY-pfPN1pVqJHAZ8-mPeb2&amp;ll=53.67083737414637%2C12.072345517434092&amp;z=10\" target=\"_blank\" rel=\"noreferrer noopener\">Schwerin &#8211; Waren<\/a> &nbsp; &nbsp;  &nbsp;155 km&nbsp;<br><\/strong><br><\/p>\n<\/div>\n<\/div>\n\n\n\n<div class=\"wp-block-columns is-layout-flex wp-container-core-columns-is-layout-9d6595d7 wp-block-columns-is-layout-flex\">\n<div class=\"wp-block-column is-layout-flow wp-block-column-is-layout-flow\" style=\"flex-basis:33.33%\"><\/div>\n\n\n\n<div class=\"wp-block-column is-layout-flow wp-block-column-is-layout-flow\" style=\"flex-basis:66.66%\">\n<p style=\"font-size:22px\"><strong>HIER WAREN WE AL EERDER<\/strong><\/p>\n<\/div>\n<\/div>\n\n\n\n<div style=\"height:25px\" aria-hidden=\"true\" class=\"wp-block-spacer\"><\/div>\n\n\n\n<div class=\"wp-block-columns is-layout-flex wp-container-core-columns-is-layout-9d6595d7 wp-block-columns-is-layout-flex\">\n<div class=\"wp-block-column is-vertically-aligned-bottom is-layout-flow wp-block-column-is-layout-flow\" style=\"flex-basis:33.33%\">\n<figure class=\"wp-block-image size-large\"><a href=\"https:\/\/tedenloesopreis.nl\/wp-content\/uploads\/2023\/11\/IMG_1630-scaled.jpeg\" target=\"_blank\" rel=\"noreferrer noopener\"><img loading=\"lazy\" decoding=\"async\" width=\"1024\" height=\"768\" src=\"https:\/\/tedenloesopreis.nl\/wp-content\/uploads\/2023\/11\/IMG_1630-1024x768.jpeg\" alt=\"\" class=\"wp-image-4744\" srcset=\"https:\/\/tedenloesopreis.nl\/wp-content\/uploads\/2023\/11\/IMG_1630-1024x768.jpeg 1024w, https:\/\/tedenloesopreis.nl\/wp-content\/uploads\/2023\/11\/IMG_1630-300x225.jpeg 300w, https:\/\/tedenloesopreis.nl\/wp-content\/uploads\/2023\/11\/IMG_1630-768x576.jpeg 768w, https:\/\/tedenloesopreis.nl\/wp-content\/uploads\/2023\/11\/IMG_1630-1536x1152.jpeg 1536w, https:\/\/tedenloesopreis.nl\/wp-content\/uploads\/2023\/11\/IMG_1630-2048x1536.jpeg 2048w\" sizes=\"auto, (max-width: 1024px) 100vw, 1024px\" \/><\/a><figcaption class=\"wp-element-caption\"><em>op de camperplaats in Waren<\/em><\/figcaption><\/figure>\n<\/div>\n\n\n\n<div class=\"wp-block-column is-layout-flow wp-block-column-is-layout-flow\" style=\"flex-basis:66.66%\">\n<p>We schuiven vandaag weer een stukje naar het oosten op. Via de B104 naar G\u00fcstrow, met een klein zijsprongetje naar B\u00fctzow, verder via de B104 naar Teterow, en vervolgens via de B108 naar Waren (M\u00fcritz).&nbsp;<\/p>\n\n\n\n<p>Eigenlijk doen we B\u00fctzow, G\u00fcstrow en Teterow onrecht aan door er alleen maar even met de bus doorheen te rijden. Deze plaatsen hebben alledrie een boeiende altstad, die een bezoek zeker waard is. Maar we moeten keuzes maken, want we hebben nog maar 18 dagen, en de nadruk ligt toch echt op de kuststreek.&nbsp;<\/p>\n\n\n\n<p>In Waren waren we al eerder, in het voorjaar van 2011. Toen hebben we de omgeving uitgebreid verkend. Nu blijft het bij een bezoekje aan de stad, en wellicht een wasje.&nbsp;<\/p>\n\n\n\n<p>Het is hier overigens bijzonder druk. De Mecklenburgische Seenplatte is blijkbaar erg populair bij de Duitse toerist. Omdat we niet hebben gereserveerd, is er op de camping geen plaats voor ons. Er is slechts een plekje vrij op een tot <a href=\"https:\/\/www.campercontact.com\/nl\/duitsland\/mecklenburg-voor-pommeren\/waren\/8313\/campingplatz-ecktannen\" target=\"_blank\" rel=\"noreferrer noopener\">camperplaats<\/a> omgetoverde betonplaat.<\/p>\n<\/div>\n<\/div>\n\n\n\n<div style=\"height:25px\" aria-hidden=\"true\" class=\"wp-block-spacer\"><\/div>\n\n\n\n<div class=\"wp-block-columns is-layout-flex wp-container-core-columns-is-layout-9d6595d7 wp-block-columns-is-layout-flex\">\n<div class=\"wp-block-column is-layout-flow wp-block-column-is-layout-flow\">\n<p><em><a href=\"https:\/\/tedenloesopreis.nl\/index.php\/2020-2-10-ze-zijn-nog-niet-zo-ver\/\">vorig verslag<br><\/a><\/em><br><br><br><br><br><br><br><br><br><br><br><br><br><br><br><br><br><br><br><br><br><br><br><br><br><br><br><br><br><br><\/p>\n<\/div>\n\n\n\n<div class=\"wp-block-column is-layout-flow wp-block-column-is-layout-flow\">\n<p class=\"has-text-align-center\"><em><a href=\"https:\/\/tedenloesopreis.nl\/index.php\/2020-2-00c-naar-het-oosten\/\">Naar het oosten<\/a><\/em><\/p>\n<\/div>\n\n\n\n<div class=\"wp-block-column is-layout-flow wp-block-column-is-layout-flow\">\n<p class=\"has-text-align-right\"><em><a href=\"https:\/\/tedenloesopreis.nl\/index.php\/2020-2-12-fietsen-langs-de-muritz\/\">volgend verslag<\/a><\/em><\/p>\n<\/div>\n<\/div>\n","protected":false},"excerpt":{"rendered":"<p>Noord-Duitsland 2020 &nbsp; &nbsp; &nbsp; dag 11 &nbsp; &nbsp; &nbsp; do 3 september 2020 &nbsp; &nbsp; &nbsp; Schwerin &#8211; Waren &nbsp; &nbsp; &nbsp;155 km&nbsp; HIER WAREN WE AL [&hellip;]<\/p>\n","protected":false},"author":1,"featured_media":0,"parent":0,"menu_order":0,"comment_status":"closed","ping_status":"closed","template":"","meta":{"footnotes":""},"class_list":["post-4743","page","type-page","status-publish","hentry"],"_links":{"self":[{"href":"https:\/\/tedenloesopreis.nl\/index.php\/wp-json\/wp\/v2\/pages\/4743","targetHints":{"allow":["GET"]}}],"collection":[{"href":"https:\/\/tedenloesopreis.nl\/index.php\/wp-json\/wp\/v2\/pages"}],"about":[{"href":"https:\/\/tedenloesopreis.nl\/index.php\/wp-json\/wp\/v2\/types\/page"}],"author":[{"embeddable":true,"href":"https:\/\/tedenloesopreis.nl\/index.php\/wp-json\/wp\/v2\/users\/1"}],"replies":[{"embeddable":true,"href":"https:\/\/tedenloesopreis.nl\/index.php\/wp-json\/wp\/v2\/comments?post=4743"}],"version-history":[{"count":5,"href":"https:\/\/tedenloesopreis.nl\/index.php\/wp-json\/wp\/v2\/pages\/4743\/revisions"}],"predecessor-version":[{"id":4775,"href":"https:\/\/tedenloesopreis.nl\/index.php\/wp-json\/wp\/v2\/pages\/4743\/revisions\/4775"}],"wp:attachment":[{"href":"https:\/\/tedenloesopreis.nl\/index.php\/wp-json\/wp\/v2\/media?parent=4743"}],"curies":[{"name":"wp","href":"https:\/\/api.w.org\/{rel}","templated":true}]}}