{"id":4934,"date":"2023-11-09T22:06:00","date_gmt":"2023-11-09T22:06:00","guid":{"rendered":"https:\/\/tedenloesopreis.nl\/?page_id=4934"},"modified":"2023-11-09T22:36:13","modified_gmt":"2023-11-09T22:36:13","slug":"2020-2-25-fietsen-langs-de-elbe","status":"publish","type":"page","link":"https:\/\/tedenloesopreis.nl\/index.php\/2020-2-25-fietsen-langs-de-elbe\/","title":{"rendered":"2020-2-25-FIETSEN LANGS DE ELBE"},"content":{"rendered":"\n<div class=\"wp-block-columns is-layout-flex wp-container-core-columns-is-layout-9d6595d7 wp-block-columns-is-layout-flex\">\n<div class=\"wp-block-column is-layout-flow wp-block-column-is-layout-flow\" style=\"flex-basis:33.33%\"><\/div>\n\n\n\n<div class=\"wp-block-column is-layout-flow wp-block-column-is-layout-flow\" style=\"flex-basis:66.66%\">\n<p><strong>Noord-Duitsland 2020 &nbsp; &nbsp; &nbsp; dag 25 &nbsp; &nbsp; &nbsp; do 17 september 2020 &nbsp; &nbsp; &nbsp;  <\/strong><br><strong>Stade<\/strong><br><br><\/p>\n<\/div>\n<\/div>\n\n\n\n<div class=\"wp-block-columns is-layout-flex wp-container-core-columns-is-layout-9d6595d7 wp-block-columns-is-layout-flex\">\n<div class=\"wp-block-column is-layout-flow wp-block-column-is-layout-flow\" style=\"flex-basis:33.33%\"><\/div>\n\n\n\n<div class=\"wp-block-column is-layout-flow wp-block-column-is-layout-flow\" style=\"flex-basis:66.66%\">\n<p style=\"font-size:22px\"><strong>FIETSEN LANGS DE ELBE<\/strong><\/p>\n<\/div>\n<\/div>\n\n\n\n<div style=\"height:25px\" aria-hidden=\"true\" class=\"wp-block-spacer\"><\/div>\n\n\n\n<div class=\"wp-block-columns is-layout-flex wp-container-core-columns-is-layout-9d6595d7 wp-block-columns-is-layout-flex\">\n<div class=\"wp-block-column is-layout-flow wp-block-column-is-layout-flow\" style=\"flex-basis:33.33%\"><\/div>\n\n\n\n<div class=\"wp-block-column is-layout-flow wp-block-column-is-layout-flow\" style=\"flex-basis:66.66%\">\n<p>Het doel van vandaag is de F\u00e4hranlager van L\u00fche. Daar vertrekt de waterbus naar Hamburg. Een groot deel van de fietstocht maakt deel uit van de Elbe-Fahrradweg. Om op deze route te komen, moeten we door Stade en door het fruitgebied.<\/p>\n\n\n\n<p>Veel bomen in het fruitgebied hangen vol rode appeltjes. Deze worden nog met de hand geplukt. De boerderijen in het fruitgebied hebben fraaie vakwerkgevels.<\/p>\n<\/div>\n<\/div>\n\n\n\n<div class=\"wp-block-columns is-layout-flex wp-container-core-columns-is-layout-9d6595d7 wp-block-columns-is-layout-flex\">\n<div class=\"wp-block-column is-layout-flow wp-block-column-is-layout-flow\"><\/div>\n\n\n\n<div class=\"wp-block-column is-layout-flow wp-block-column-is-layout-flow\">\n<figure class=\"wp-block-image size-large\"><a href=\"https:\/\/tedenloesopreis.nl\/wp-content\/uploads\/2023\/11\/IMG_1758-1-scaled.jpeg\" target=\"_blank\" rel=\"noreferrer noopener\"><img loading=\"lazy\" decoding=\"async\" width=\"768\" height=\"1024\" src=\"https:\/\/tedenloesopreis.nl\/wp-content\/uploads\/2023\/11\/IMG_1758-1-768x1024.jpeg\" alt=\"\" class=\"wp-image-4936\" srcset=\"https:\/\/tedenloesopreis.nl\/wp-content\/uploads\/2023\/11\/IMG_1758-1-768x1024.jpeg 768w, https:\/\/tedenloesopreis.nl\/wp-content\/uploads\/2023\/11\/IMG_1758-1-225x300.jpeg 225w, https:\/\/tedenloesopreis.nl\/wp-content\/uploads\/2023\/11\/IMG_1758-1-1152x1536.jpeg 1152w, https:\/\/tedenloesopreis.nl\/wp-content\/uploads\/2023\/11\/IMG_1758-1-1536x2048.jpeg 1536w, https:\/\/tedenloesopreis.nl\/wp-content\/uploads\/2023\/11\/IMG_1758-1-scaled.jpeg 1920w\" sizes=\"auto, (max-width: 768px) 100vw, 768px\" \/><\/a><figcaption class=\"wp-element-caption\"><em>rode appeltjes<\/em><\/figcaption><\/figure>\n<\/div>\n\n\n\n<div class=\"wp-block-column is-layout-flow wp-block-column-is-layout-flow\">\n<figure class=\"wp-block-image size-large\"><a href=\"https:\/\/tedenloesopreis.nl\/wp-content\/uploads\/2023\/11\/IMG_1759-scaled.jpeg\" target=\"_blank\" rel=\"noreferrer noopener\"><img loading=\"lazy\" decoding=\"async\" width=\"768\" height=\"1024\" src=\"https:\/\/tedenloesopreis.nl\/wp-content\/uploads\/2023\/11\/IMG_1759-768x1024.jpeg\" alt=\"\" class=\"wp-image-4937\" srcset=\"https:\/\/tedenloesopreis.nl\/wp-content\/uploads\/2023\/11\/IMG_1759-768x1024.jpeg 768w, https:\/\/tedenloesopreis.nl\/wp-content\/uploads\/2023\/11\/IMG_1759-225x300.jpeg 225w, https:\/\/tedenloesopreis.nl\/wp-content\/uploads\/2023\/11\/IMG_1759-1152x1536.jpeg 1152w, https:\/\/tedenloesopreis.nl\/wp-content\/uploads\/2023\/11\/IMG_1759-1536x2048.jpeg 1536w, https:\/\/tedenloesopreis.nl\/wp-content\/uploads\/2023\/11\/IMG_1759-scaled.jpeg 1920w\" sizes=\"auto, (max-width: 768px) 100vw, 768px\" \/><\/a><figcaption class=\"wp-element-caption\"><em>mooie gevel<\/em><\/figcaption><\/figure>\n<\/div>\n<\/div>\n\n\n\n<div class=\"wp-block-columns is-layout-flex wp-container-core-columns-is-layout-9d6595d7 wp-block-columns-is-layout-flex\">\n<div class=\"wp-block-column is-layout-flow wp-block-column-is-layout-flow\" style=\"flex-basis:33.33%\"><\/div>\n\n\n\n<div class=\"wp-block-column is-layout-flow wp-block-column-is-layout-flow\" style=\"flex-basis:66.66%\">\n<p>De Elbe hebben we al vaker gezien (bij de reizen in 2017 en 2018), en er is niets aan veranderd. Het is nog steeds een hele brede en hele lege rivier. We zijn, incl. een cappucino-break in L\u00fche, ongeveer drie uur aan de Elbe, en zien in die tijd slechts \u00e9\u00e9n schip (een flink containerschip). &nbsp;<\/p>\n<\/div>\n<\/div>\n\n\n\n<div class=\"wp-block-columns is-layout-flex wp-container-core-columns-is-layout-9d6595d7 wp-block-columns-is-layout-flex\">\n<div class=\"wp-block-column is-layout-flow wp-block-column-is-layout-flow\">\n<figure class=\"wp-block-image size-large\"><a href=\"https:\/\/tedenloesopreis.nl\/wp-content\/uploads\/2023\/11\/IMG_1760-2-scaled.jpeg\" target=\"_blank\" rel=\"noreferrer noopener\"><img loading=\"lazy\" decoding=\"async\" width=\"1024\" height=\"768\" src=\"https:\/\/tedenloesopreis.nl\/wp-content\/uploads\/2023\/11\/IMG_1760-2-1024x768.jpeg\" alt=\"\" class=\"wp-image-4949\" srcset=\"https:\/\/tedenloesopreis.nl\/wp-content\/uploads\/2023\/11\/IMG_1760-2-1024x768.jpeg 1024w, https:\/\/tedenloesopreis.nl\/wp-content\/uploads\/2023\/11\/IMG_1760-2-300x225.jpeg 300w, https:\/\/tedenloesopreis.nl\/wp-content\/uploads\/2023\/11\/IMG_1760-2-768x576.jpeg 768w, https:\/\/tedenloesopreis.nl\/wp-content\/uploads\/2023\/11\/IMG_1760-2-1536x1152.jpeg 1536w, https:\/\/tedenloesopreis.nl\/wp-content\/uploads\/2023\/11\/IMG_1760-2-2048x1536.jpeg 2048w\" sizes=\"auto, (max-width: 1024px) 100vw, 1024px\" \/><\/a><figcaption class=\"wp-element-caption\"><em>de Elbe<\/em><\/figcaption><\/figure>\n<\/div>\n\n\n\n<div class=\"wp-block-column is-layout-flow wp-block-column-is-layout-flow\">\n<figure class=\"wp-block-image size-large\"><a href=\"https:\/\/tedenloesopreis.nl\/wp-content\/uploads\/2023\/11\/IMG_1762-scaled.jpeg\" target=\"_blank\" rel=\"noreferrer noopener\"><img loading=\"lazy\" decoding=\"async\" width=\"1024\" height=\"768\" src=\"https:\/\/tedenloesopreis.nl\/wp-content\/uploads\/2023\/11\/IMG_1762-1024x768.jpeg\" alt=\"\" class=\"wp-image-4940\" srcset=\"https:\/\/tedenloesopreis.nl\/wp-content\/uploads\/2023\/11\/IMG_1762-1024x768.jpeg 1024w, https:\/\/tedenloesopreis.nl\/wp-content\/uploads\/2023\/11\/IMG_1762-300x225.jpeg 300w, https:\/\/tedenloesopreis.nl\/wp-content\/uploads\/2023\/11\/IMG_1762-768x576.jpeg 768w, https:\/\/tedenloesopreis.nl\/wp-content\/uploads\/2023\/11\/IMG_1762-1536x1152.jpeg 1536w, https:\/\/tedenloesopreis.nl\/wp-content\/uploads\/2023\/11\/IMG_1762-2048x1536.jpeg 2048w\" sizes=\"auto, (max-width: 1024px) 100vw, 1024px\" \/><\/a><figcaption class=\"wp-element-caption\"><em>de Elbe<\/em><\/figcaption><\/figure>\n<\/div>\n\n\n\n<div class=\"wp-block-column is-layout-flow wp-block-column-is-layout-flow\">\n<figure class=\"wp-block-image size-large\"><a href=\"https:\/\/tedenloesopreis.nl\/wp-content\/uploads\/2023\/11\/IMG_1763-scaled.jpeg\" target=\"_blank\" rel=\"noreferrer noopener\"><img loading=\"lazy\" decoding=\"async\" width=\"1024\" height=\"768\" src=\"https:\/\/tedenloesopreis.nl\/wp-content\/uploads\/2023\/11\/IMG_1763-1024x768.jpeg\" alt=\"\" class=\"wp-image-4950\" srcset=\"https:\/\/tedenloesopreis.nl\/wp-content\/uploads\/2023\/11\/IMG_1763-1024x768.jpeg 1024w, https:\/\/tedenloesopreis.nl\/wp-content\/uploads\/2023\/11\/IMG_1763-300x225.jpeg 300w, https:\/\/tedenloesopreis.nl\/wp-content\/uploads\/2023\/11\/IMG_1763-768x576.jpeg 768w, https:\/\/tedenloesopreis.nl\/wp-content\/uploads\/2023\/11\/IMG_1763-1536x1152.jpeg 1536w, https:\/\/tedenloesopreis.nl\/wp-content\/uploads\/2023\/11\/IMG_1763-2048x1536.jpeg 2048w\" sizes=\"auto, (max-width: 1024px) 100vw, 1024px\" \/><\/a><figcaption class=\"wp-element-caption\"><em>de Elbe<\/em><\/figcaption><\/figure>\n<\/div>\n<\/div>\n\n\n\n<div class=\"wp-block-columns is-layout-flex wp-container-core-columns-is-layout-9d6595d7 wp-block-columns-is-layout-flex\">\n<div class=\"wp-block-column is-layout-flow wp-block-column-is-layout-flow\" style=\"flex-basis:33.33%\"><\/div>\n\n\n\n<div class=\"wp-block-column is-layout-flow wp-block-column-is-layout-flow\" style=\"flex-basis:66.66%\">\n<p>Het is goed toeven op de camperplaats in Stade. We houden dus per saldo een goed gevoel over aan Duitsland. Morgen gaan we kalmpjes richting Nederland.<br><br><\/p>\n<\/div>\n<\/div>\n\n\n\n<div class=\"wp-block-columns is-layout-flex wp-container-core-columns-is-layout-9d6595d7 wp-block-columns-is-layout-flex\">\n<div class=\"wp-block-column is-layout-flow wp-block-column-is-layout-flow\">\n<p><em><a href=\"https:\/\/tedenloesopreis.nl\/index.php\/2020-2-24-een-oude-hanzestad\/\">vorig verslag<br><\/a><\/em><br><br><br><br><br><br><br><br><br><br><br><br><br><br><br><br><br><br><br><br><br><br><br><br><br><br><br><br><br><\/p>\n<\/div>\n\n\n\n<div class=\"wp-block-column is-layout-flow wp-block-column-is-layout-flow\">\n<p class=\"has-text-align-center\"><em><a href=\"https:\/\/tedenloesopreis.nl\/index.php\/2020-2-00d-deel-3-naar-het-westen\/\">Naar het westen<\/a><\/em><\/p>\n<\/div>\n\n\n\n<div class=\"wp-block-column is-layout-flow wp-block-column-is-layout-flow\">\n<p class=\"has-text-align-right\"><em><a href=\"https:\/\/tedenloesopreis.nl\/index.php\/2020-2-26-nog-een-hanzestad\/\">volgend verslag<\/a><\/em><\/p>\n<\/div>\n<\/div>\n","protected":false},"excerpt":{"rendered":"<p>Noord-Duitsland 2020 &nbsp; &nbsp; &nbsp; dag 25 &nbsp; &nbsp; &nbsp; do 17 september 2020 &nbsp; &nbsp; &nbsp; Stade FIETSEN LANGS DE ELBE Het doel van vandaag is de [&hellip;]<\/p>\n","protected":false},"author":1,"featured_media":0,"parent":0,"menu_order":0,"comment_status":"closed","ping_status":"closed","template":"","meta":{"footnotes":""},"class_list":["post-4934","page","type-page","status-publish","hentry"],"_links":{"self":[{"href":"https:\/\/tedenloesopreis.nl\/index.php\/wp-json\/wp\/v2\/pages\/4934","targetHints":{"allow":["GET"]}}],"collection":[{"href":"https:\/\/tedenloesopreis.nl\/index.php\/wp-json\/wp\/v2\/pages"}],"about":[{"href":"https:\/\/tedenloesopreis.nl\/index.php\/wp-json\/wp\/v2\/types\/page"}],"author":[{"embeddable":true,"href":"https:\/\/tedenloesopreis.nl\/index.php\/wp-json\/wp\/v2\/users\/1"}],"replies":[{"embeddable":true,"href":"https:\/\/tedenloesopreis.nl\/index.php\/wp-json\/wp\/v2\/comments?post=4934"}],"version-history":[{"count":5,"href":"https:\/\/tedenloesopreis.nl\/index.php\/wp-json\/wp\/v2\/pages\/4934\/revisions"}],"predecessor-version":[{"id":4967,"href":"https:\/\/tedenloesopreis.nl\/index.php\/wp-json\/wp\/v2\/pages\/4934\/revisions\/4967"}],"wp:attachment":[{"href":"https:\/\/tedenloesopreis.nl\/index.php\/wp-json\/wp\/v2\/media?parent=4934"}],"curies":[{"name":"wp","href":"https:\/\/api.w.org\/{rel}","templated":true}]}}